{"id":1844,"date":"2024-02-19T11:55:31","date_gmt":"2024-02-19T10:55:31","guid":{"rendered":"https:\/\/www.lebens-qi.at\/qishop\/produkt\/taste-of-ecuador-guayusa-kraeutertee\/"},"modified":"2025-04-09T11:25:40","modified_gmt":"2025-04-09T09:25:40","slug":"taste-of-ecuador-guayusa-kraeutertee","status":"publish","type":"product","link":"https:\/\/www.lebens-qi.at\/qishop\/produkt\/taste-of-ecuador-guayusa-kraeutertee\/","title":{"rendered":"Taste of Ecuador &#8211; Guayusa"},"content":{"rendered":"<p><b>Extra Qualit\u00e4t!<br \/>\nGuayusa<\/b><br \/>\nBl\u00e4tter<\/p>\n<p>Guayusa ist das koffeinhaltige Nationalgetr\u00e4nk der Kichwa Ecuadors. Diese nutzen die Bl\u00e4tter des bis zu drei\u00dfig Meter hohen Baumes des Regenwaldes seit hunderten von Jahren. So wird nicht nur morgens nach dem Aufstehen, sondern auch zwischendurch eine Tasse dieses facettenreichen Blattes aufgegossen. Der Aufguss mit seinen fein-herben bis leicht wu\u0308rzigen Noten und einer sanften Su\u0308\u00dfe kann sowohl hei\u00df wie auch kalt genossen werden.<\/p>\n<p>5-10 Minuten Ziehzeit<br \/>\n100\u00b0 C Wassertemperatur<br \/>\n4-5 gestrichene TL\/Liter<\/p>\n<p><em><b>Zutaten:<\/b><br \/>\nGuayusa<\/em><\/p>\n<p><b>Inhalt:<\/b><br \/>\n50 g in versiegelter Aromat\u00fcte<\/p>\n<p>Zeichnung auf der Etikette von Meli Binder<\/p>\n","protected":false},"excerpt":{"rendered":"<p>koffeinhaltiges Nationalgetr\u00e4nk Ecuadors<\/p>\n","protected":false},"featured_media":13805,"comment_status":"closed","ping_status":"closed","template":"","meta":{"_links_to":"","_links_to_target":""},"pwb-brand":[434],"product_brand":[],"product_cat":[2813,435],"product_tag":[1311,2634,2635,1844,1503,1504,443,2315],"class_list":{"0":"post-1844","1":"product","2":"type-product","3":"status-publish","4":"has-post-thumbnail","6":"pwb-brand-lebens-qi-teehaus-qualitaet","7":"product_cat-kraeutertee","8":"product_cat-taste-of","9":"product_tag-astralreisen","10":"product_tag-ecuador","11":"product_tag-guayusa","12":"product_tag-koffein","13":"product_tag-lose","14":"product_tag-spezialitaet","15":"product_tag-tee","16":"product_tag-teehaus-qualitaet","18":"first","19":"instock","20":"taxable","21":"shipping-taxable","22":"purchasable","23":"product-type-simple"},"blog_post_layout_featured_media_urls":{"thumbnail":["https:\/\/www.lebens-qi.at\/qishop\/wp-content\/uploads\/guayusa-tee-150x150.png",150,150,true],"full":["https:\/\/www.lebens-qi.at\/qishop\/wp-content\/uploads\/guayusa-tee.png",800,800,false]},"categories":["434"],"categories_names":{"434":{"name":"Teehaus-Qualit\u00e4t vom LEBENS-QI","link":"https:\/\/www.lebens-qi.at\/qishop\/brand\/lebens-qi-teehaus-qualitaet\/"}},"comments_number":"0","brands":[{"id":434,"name":"Teehaus-Qualit\u00e4t vom LEBENS-QI","slug":"lebens-qi-teehaus-qualitaet"}],"_links":{"self":[{"href":"https:\/\/www.lebens-qi.at\/qishop\/wp-json\/wp\/v2\/product\/1844","targetHints":{"allow":["GET"]}}],"collection":[{"href":"https:\/\/www.lebens-qi.at\/qishop\/wp-json\/wp\/v2\/product"}],"about":[{"href":"https:\/\/www.lebens-qi.at\/qishop\/wp-json\/wp\/v2\/types\/product"}],"replies":[{"embeddable":true,"href":"https:\/\/www.lebens-qi.at\/qishop\/wp-json\/wp\/v2\/comments?post=1844"}],"wp:featuredmedia":[{"embeddable":true,"href":"https:\/\/www.lebens-qi.at\/qishop\/wp-json\/wp\/v2\/media\/13805"}],"wp:attachment":[{"href":"https:\/\/www.lebens-qi.at\/qishop\/wp-json\/wp\/v2\/media?parent=1844"}],"wp:term":[{"taxonomy":"pwb-brand","embeddable":true,"href":"https:\/\/www.lebens-qi.at\/qishop\/wp-json\/wp\/v2\/pwb-brand?post=1844"},{"taxonomy":"product_brand","embeddable":true,"href":"https:\/\/www.lebens-qi.at\/qishop\/wp-json\/wp\/v2\/product_brand?post=1844"},{"taxonomy":"product_cat","embeddable":true,"href":"https:\/\/www.lebens-qi.at\/qishop\/wp-json\/wp\/v2\/product_cat?post=1844"},{"taxonomy":"product_tag","embeddable":true,"href":"https:\/\/www.lebens-qi.at\/qishop\/wp-json\/wp\/v2\/product_tag?post=1844"}],"curies":[{"name":"wp","href":"https:\/\/api.w.org\/{rel}","templated":true}]}}