{"id":18448,"date":"2026-02-06T00:02:18","date_gmt":"2026-02-05T23:02:18","guid":{"rendered":"https:\/\/www.lebens-qi.at\/qishop\/?post_type=product&#038;p=18448"},"modified":"2026-04-03T17:32:54","modified_gmt":"2026-04-03T15:32:54","slug":"pfote-armband-little-companion","status":"publish","type":"product","link":"https:\/\/www.lebens-qi.at\/qishop\/produkt\/pfote-armband-little-companion\/","title":{"rendered":"Pfote &#8211; Armband &#8222;Little Companion&#8220;"},"content":{"rendered":"<div class=\"content--description\">\n<div class=\"product--description\">\n<p><strong>Pfote<\/strong><br \/>\nEntz\u00fcckendes Armband mit Pfoten-Symbol. Durch das elastische Band und die verstellbaren Knoten ist das Armband flexibel in der L\u00e4nge verstellbar.<\/p>\n<p>STAY PAWSITIVE &#8211; bleib positiv<br \/>\n<em>&#8222;Play. Cuddle. Sleep. Repeat.&#8220; &#8211; Spielen. Kuscheln. Schlafen. Wiederholen.<\/em><\/p>\n<p><strong>Little Companion:<\/strong> Ein kleiner Begleiter mit gro\u00dfer Bedeutung \u2013 dieses stilvolle Armband vereint Schlichtheit und Symbolkraft. Das elastische Textilband sorgt f\u00fcr einen angenehmen Tragekomfort und passt sich m\u00fchelos jedem Handgelenk an. Im Mittelpunkt steht ein feines Symbol aus hochwertigem Edelstahl, das dezent gl\u00e4nzt und dem Armband eine edle Note verleiht. Ob als t\u00e4glicher Gl\u00fccksbringer, Zeichen der Verbundenheit oder schlichtes Accessoire, dieses Armband ist ein vielseitiger Begleiter f\u00fcr jeden Tag. Jedes Armband wird von einer Karte mit einem pers\u00f6nlichen Spruch begleitet, auf der R\u00fcckseite ist Platz f\u00fcr eine pers\u00f6nliche Widmung<\/p>\n<p><b>Material:<\/b>\u00a0Edelstahl \u2013 nickelallergiefrei<br \/>\n<b>Farbe: <\/b>Symbol silber, Band braun<br \/>\n<b>Gr\u00f6\u00dfe:<\/b> vom Symbol ca. 1 x 0,9 cm<br \/>\n<strong>L\u00e4nge:<\/strong> verstellbar<\/p>\n<p><em><strong>Hinweis:<\/strong> Lieferumfang ein Armband auf Karte<\/em><\/p>\n<\/div>\n<\/div>\n","protected":false},"excerpt":{"rendered":"<p>Play. Cuddle. Sleep. Repeat.<\/p>\n","protected":false},"featured_media":18451,"comment_status":"open","ping_status":"closed","template":"","meta":{"_links_to":"","_links_to_target":""},"pwb-brand":[3038],"product_brand":[],"product_cat":[1011,3042],"product_tag":[1223,784,1101,3098,3099,118,1241],"class_list":{"0":"post-18448","1":"product","2":"type-product","3":"status-publish","4":"has-post-thumbnail","6":"pwb-brand-hca","7":"product_cat-symbolschmuck","8":"product_cat-zarte-symbolarmbaender","9":"product_tag-armband","10":"product_tag-edelstahl","11":"product_tag-hund","12":"product_tag-little-companion","13":"product_tag-pfote","14":"product_tag-schmuck","15":"product_tag-silber","17":"first","18":"instock","19":"taxable","20":"shipping-taxable","21":"purchasable","22":"product-type-simple"},"blog_post_layout_featured_media_urls":{"thumbnail":["https:\/\/www.lebens-qi.at\/qishop\/wp-content\/uploads\/608148-frei_pfote-150x150.jpg",150,150,true],"full":["https:\/\/www.lebens-qi.at\/qishop\/wp-content\/uploads\/608148-frei_pfote.jpg",800,800,false]},"categories":["3038"],"categories_names":{"3038":{"name":"hca","link":"https:\/\/www.lebens-qi.at\/qishop\/brand\/hca\/"}},"comments_number":"0","brands":[{"id":3038,"name":"hca","slug":"hca"}],"_links":{"self":[{"href":"https:\/\/www.lebens-qi.at\/qishop\/wp-json\/wp\/v2\/product\/18448","targetHints":{"allow":["GET"]}}],"collection":[{"href":"https:\/\/www.lebens-qi.at\/qishop\/wp-json\/wp\/v2\/product"}],"about":[{"href":"https:\/\/www.lebens-qi.at\/qishop\/wp-json\/wp\/v2\/types\/product"}],"replies":[{"embeddable":true,"href":"https:\/\/www.lebens-qi.at\/qishop\/wp-json\/wp\/v2\/comments?post=18448"}],"wp:featuredmedia":[{"embeddable":true,"href":"https:\/\/www.lebens-qi.at\/qishop\/wp-json\/wp\/v2\/media\/18451"}],"wp:attachment":[{"href":"https:\/\/www.lebens-qi.at\/qishop\/wp-json\/wp\/v2\/media?parent=18448"}],"wp:term":[{"taxonomy":"pwb-brand","embeddable":true,"href":"https:\/\/www.lebens-qi.at\/qishop\/wp-json\/wp\/v2\/pwb-brand?post=18448"},{"taxonomy":"product_brand","embeddable":true,"href":"https:\/\/www.lebens-qi.at\/qishop\/wp-json\/wp\/v2\/product_brand?post=18448"},{"taxonomy":"product_cat","embeddable":true,"href":"https:\/\/www.lebens-qi.at\/qishop\/wp-json\/wp\/v2\/product_cat?post=18448"},{"taxonomy":"product_tag","embeddable":true,"href":"https:\/\/www.lebens-qi.at\/qishop\/wp-json\/wp\/v2\/product_tag?post=18448"}],"curies":[{"name":"wp","href":"https:\/\/api.w.org\/{rel}","templated":true}]}}