{"id":1847,"date":"2024-02-19T11:55:34","date_gmt":"2024-02-19T10:55:34","guid":{"rendered":"https:\/\/www.lebens-qi.at\/qishop\/produkt\/taste-of-colombia-leafy-green\/"},"modified":"2025-10-12T19:34:18","modified_gmt":"2025-10-12T17:34:18","slug":"taste-of-colombia-leafy-green","status":"publish","type":"product","link":"https:\/\/www.lebens-qi.at\/qishop\/produkt\/taste-of-colombia-leafy-green\/","title":{"rendered":"Taste of Colombia &#8211; Leafy Green"},"content":{"rendered":"<p><b>Extra Qualit\u00e4t!<br \/>\nLeafy Green<\/b><br \/>\nGr\u00fcntee aus Kolumbien<\/p>\n<p>Kolumbien gilt f\u00fcr viele als Land des Kaffees und der Teeanbau erfolgte, wenn \u00fcberhaupt, zur Produktion von billigen Fannings und Dust Qualit\u00e4ten f\u00fcr den amerikanischen Eisteemarkt. Da Kaffee und Tee \u00e4hnliche Anspr\u00fcche an Klima und B\u00f6den haben, werden die idealen Bedingungen Kolumbiens nun auch zur Produktion hochwertiger Blatttees genutzt!<br \/>\nAngebaut auf <b>1.800 \u2013 2.000 m H\u00f6he und ausschlie\u00dflich \u201eTwo leaves and a bud\u201c per Hand gepfl\u00fcckt<\/b>, \u00fcberzeugt der Leafy Green durch ein halboffenes, gedrehtes Blatt mit einigen Tips. Der Aufguss zeigt eine <b>helle Tasse, mild-s\u00fc\u00dfliche Grundt\u00f6ne werden erg\u00e4nzt von zartherben, nussigen Ankl\u00e4ngen.<\/b><\/p>\n<p>2-3 Minuten Ziehzeit<br \/>\n75-80\u00b0 C Wassertemperatur<br \/>\n4-5 gestrichene Teel\u00f6ffel\/1 Liter<\/p>\n<p><em><b>Zutaten:<\/b><br \/>\ngr\u00fcner Tee<\/em><\/p>\n<p><b>Inhalt:<\/b><br \/>\n75 g loser Tee in versiegelter Aromat\u00fcte<\/p>\n<p>Bild auf der Etikette von Jassi Bis<\/p>\n","protected":false},"excerpt":{"rendered":"<p>kolumbianischer Gr\u00fcntee<\/p>\n","protected":false},"featured_media":13754,"comment_status":"closed","ping_status":"closed","template":"","meta":{"_links_to":"","_links_to_target":""},"pwb-brand":[434],"product_brand":[],"product_cat":[2811,435],"product_tag":[449,448,2347,1503,656,443,2315],"class_list":{"0":"post-1847","1":"product","2":"type-product","3":"status-publish","4":"has-post-thumbnail","6":"pwb-brand-lebens-qi-teehaus-qualitaet","7":"product_cat-gruener-tee","8":"product_cat-taste-of","9":"product_tag-gruener-tee","10":"product_tag-gruentee","11":"product_tag-kolumbien","12":"product_tag-lose","13":"product_tag-pur","14":"product_tag-tee","15":"product_tag-teehaus-qualitaet","16":"pa_herkunft-kolumbien","18":"first","19":"instock","20":"taxable","21":"shipping-taxable","22":"purchasable","23":"product-type-simple"},"blog_post_layout_featured_media_urls":{"thumbnail":["https:\/\/www.lebens-qi.at\/qishop\/wp-content\/uploads\/leafygreen-tee-150x150.png",150,150,true],"full":["https:\/\/www.lebens-qi.at\/qishop\/wp-content\/uploads\/leafygreen-tee.png",800,800,false]},"categories":["434"],"categories_names":{"434":{"name":"Teehaus-Qualit\u00e4t vom LEBENS-QI","link":"https:\/\/www.lebens-qi.at\/qishop\/brand\/lebens-qi-teehaus-qualitaet\/"}},"comments_number":"0","brands":[{"id":434,"name":"Teehaus-Qualit\u00e4t vom LEBENS-QI","slug":"lebens-qi-teehaus-qualitaet"}],"_links":{"self":[{"href":"https:\/\/www.lebens-qi.at\/qishop\/wp-json\/wp\/v2\/product\/1847","targetHints":{"allow":["GET"]}}],"collection":[{"href":"https:\/\/www.lebens-qi.at\/qishop\/wp-json\/wp\/v2\/product"}],"about":[{"href":"https:\/\/www.lebens-qi.at\/qishop\/wp-json\/wp\/v2\/types\/product"}],"replies":[{"embeddable":true,"href":"https:\/\/www.lebens-qi.at\/qishop\/wp-json\/wp\/v2\/comments?post=1847"}],"wp:featuredmedia":[{"embeddable":true,"href":"https:\/\/www.lebens-qi.at\/qishop\/wp-json\/wp\/v2\/media\/13754"}],"wp:attachment":[{"href":"https:\/\/www.lebens-qi.at\/qishop\/wp-json\/wp\/v2\/media?parent=1847"}],"wp:term":[{"taxonomy":"pwb-brand","embeddable":true,"href":"https:\/\/www.lebens-qi.at\/qishop\/wp-json\/wp\/v2\/pwb-brand?post=1847"},{"taxonomy":"product_brand","embeddable":true,"href":"https:\/\/www.lebens-qi.at\/qishop\/wp-json\/wp\/v2\/product_brand?post=1847"},{"taxonomy":"product_cat","embeddable":true,"href":"https:\/\/www.lebens-qi.at\/qishop\/wp-json\/wp\/v2\/product_cat?post=1847"},{"taxonomy":"product_tag","embeddable":true,"href":"https:\/\/www.lebens-qi.at\/qishop\/wp-json\/wp\/v2\/product_tag?post=1847"}],"curies":[{"name":"wp","href":"https:\/\/api.w.org\/{rel}","templated":true}]}}