{"id":18484,"date":"2026-02-06T15:51:50","date_gmt":"2026-02-06T14:51:50","guid":{"rendered":"https:\/\/www.lebens-qi.at\/qishop\/?post_type=product&#038;p=18484"},"modified":"2026-03-07T16:54:04","modified_gmt":"2026-03-07T15:54:04","slug":"natursalz-toskania","status":"publish","type":"product","link":"https:\/\/www.lebens-qi.at\/qishop\/produkt\/natursalz-toskania\/","title":{"rendered":"Natursalz Toskania"},"content":{"rendered":"<p><b>\u00d6sterreichisches Natursalz mit Bio Kr\u00e4utermischung<\/b><br \/>\nvom Biohof Holzbauer aus Sch\u00f6nfeld im Marchfeld<\/p>\n<p><strong>Kr\u00e4utersalz Italienische Art<\/strong> mit einer Kr\u00e4utermischung aus Marchfelder Bio Kr\u00e4uter &#8211; perfekt f\u00fcr die Italienische K\u00fcche, im praktischen, hochwertigen Streuer aus Glas oder alternativ als Nachf\u00fcllpack im Papiersackerl<\/p>\n<p>Inhalt: 50 g im Glasstreuer \/ 65 g im Nachf\u00fcllpack<br \/>\nZutaten: \u00f6sterreichisches unjodiertes Natursalz mit <strong>Basilikum, Oregano, Rosmarin, Salbei, Thymian<\/strong>; alle Kr\u00e4uter aus kontrolliert biologischem Anbau<\/p>\n<p><em><strong>\u00dcber den Hersteller: Biohof Holzbauer &#8211; Marchfelder Bio Kr\u00e4uter<\/strong><\/em><\/p>\n<p><em>&#8222;Wir sind ein Familienbetrieb und es leben drei Generationen auf unserem Hof. Aufgrund der biologischen Wirtschaftsweise und des Kr\u00e4uteranbaus ist jeder der drei Generationen gefordert mitzuhelfen. Unsere Produkte werden biologisch produziert und auch in der Verarbeitung setzen wir auf h\u00f6chsten biologischen Standard. Das beginnt damit, dass wir unsere Pflanzen teilweise selbst vorziehen und geht mit der schonenden Trocknung der Kr\u00e4uter direkt auf unserem Betrieb weiter. Wir versuchen unsere Energie und unsere Freude im Umgang mit den Pflanzen bis in die Verpackung zu bringen. Auf jeden Fall k\u00f6nnen Sie davon ausgehen, dass wir unser Bestes f\u00fcr die von uns angebotenen Bio-Kr\u00e4uter geben.&#8220;<\/em><\/p>\n","protected":false},"excerpt":{"rendered":"<p>aus Sch\u00f6nfeld im Marchfeld<\/p>\n","protected":false},"featured_media":18486,"comment_status":"open","ping_status":"closed","template":"","meta":{"_links_to":"","_links_to_target":""},"pwb-brand":[3105],"product_brand":[],"product_cat":[1760,2503],"product_tag":[396,306,3106,1893,3107,371,419,401,414],"class_list":{"0":"post-18484","1":"product","2":"type-product","3":"status-publish","4":"has-post-thumbnail","6":"pwb-brand-biohof-holzbauer","7":"product_cat-marchfelder-genusseck","8":"product_cat-salz","9":"product_tag-basilikum","10":"product_tag-kraeuter","11":"product_tag-kraeutersalz","12":"product_tag-marchfeld","13":"product_tag-natursalz","14":"product_tag-oregano","15":"product_tag-rosmarin","16":"product_tag-salbei","17":"product_tag-thymian","18":"pa_herkunft-oesterreich","20":"first","21":"instock","22":"taxable","23":"shipping-taxable","24":"purchasable","25":"product-type-variable"},"blog_post_layout_featured_media_urls":{"thumbnail":["https:\/\/www.lebens-qi.at\/qishop\/wp-content\/uploads\/toskania-salz-150x150.png",150,150,true],"full":["https:\/\/www.lebens-qi.at\/qishop\/wp-content\/uploads\/toskania-salz.png",800,800,false]},"categories":["3105"],"categories_names":{"3105":{"name":"Biohof Holzbauer","link":"https:\/\/www.lebens-qi.at\/qishop\/brand\/biohof-holzbauer\/"}},"comments_number":"0","brands":[{"id":3105,"name":"Biohof Holzbauer","slug":"biohof-holzbauer"}],"_links":{"self":[{"href":"https:\/\/www.lebens-qi.at\/qishop\/wp-json\/wp\/v2\/product\/18484","targetHints":{"allow":["GET"]}}],"collection":[{"href":"https:\/\/www.lebens-qi.at\/qishop\/wp-json\/wp\/v2\/product"}],"about":[{"href":"https:\/\/www.lebens-qi.at\/qishop\/wp-json\/wp\/v2\/types\/product"}],"replies":[{"embeddable":true,"href":"https:\/\/www.lebens-qi.at\/qishop\/wp-json\/wp\/v2\/comments?post=18484"}],"wp:featuredmedia":[{"embeddable":true,"href":"https:\/\/www.lebens-qi.at\/qishop\/wp-json\/wp\/v2\/media\/18486"}],"wp:attachment":[{"href":"https:\/\/www.lebens-qi.at\/qishop\/wp-json\/wp\/v2\/media?parent=18484"}],"wp:term":[{"taxonomy":"pwb-brand","embeddable":true,"href":"https:\/\/www.lebens-qi.at\/qishop\/wp-json\/wp\/v2\/pwb-brand?post=18484"},{"taxonomy":"product_brand","embeddable":true,"href":"https:\/\/www.lebens-qi.at\/qishop\/wp-json\/wp\/v2\/product_brand?post=18484"},{"taxonomy":"product_cat","embeddable":true,"href":"https:\/\/www.lebens-qi.at\/qishop\/wp-json\/wp\/v2\/product_cat?post=18484"},{"taxonomy":"product_tag","embeddable":true,"href":"https:\/\/www.lebens-qi.at\/qishop\/wp-json\/wp\/v2\/product_tag?post=18484"}],"curies":[{"name":"wp","href":"https:\/\/api.w.org\/{rel}","templated":true}]}}