{"id":1850,"date":"2024-02-19T11:55:37","date_gmt":"2024-02-19T10:55:37","guid":{"rendered":"https:\/\/www.lebens-qi.at\/qishop\/produkt\/taste-of-brazil-mate-gruen-matetee\/"},"modified":"2025-04-08T18:30:45","modified_gmt":"2025-04-08T16:30:45","slug":"taste-of-brazil-mate-gruen-matetee","status":"publish","type":"product","link":"https:\/\/www.lebens-qi.at\/qishop\/produkt\/taste-of-brazil-mate-gruen-matetee\/","title":{"rendered":"Taste of Brazil &#8211; Mate gr\u00fcn"},"content":{"rendered":"<p><b>Mate gr\u00fcn<\/b><br \/>\nBl\u00e4tter<\/p>\n<p>Matetee ist ein koffeinhaltiges Nationalgetr\u00e4nk, das leicht <strong>rauchig-w\u00fcrzig und herb<\/strong> mit Fruchtankl\u00e4ngen schmeckt. Es erinnert an einen kr\u00e4ftigen Gr\u00fcntee und wird aus den gr\u00fcnen Bl\u00e4ttern einer Stechpalmenart gewonnen. Daher wird Matetee auch als &#8222;<strong>Trank der G\u00f6tter<\/strong>&#8220; oder als das &#8222;<strong>gr\u00fcne Gold der Indios<\/strong>&#8220; genannt.<br \/>\nOb altbew\u00e4hrt, neu entdeckt oder Hipster-Getr\u00e4nk &#8211; Mate kommt nicht aus der Mode und hat sich l\u00e4ngst zum Megatrend entwickelt. Ob pur, ges\u00fc\u00dft, mit Milch oder als Bestandteil von unz\u00e4hligen Drinks und Gerichten hat sich der S\u00fcdamerikanische koffeinhaltige Allesk\u00f6nner zum weltweiten Superstar entwickelt. Kr\u00e4ftig und unverkennbar im Geschmack begeistert unsere Spitzenqualit\u00e4t jeden Gourmet.<\/p>\n<p>5-10 Minuten Ziehzeit<br \/>\n100\u00b0 C Wassertemperatur<br \/>\n4-5 geh\u00e4ufte TL\/Liter<\/p>\n<p><em><b>Zutaten:<\/b><br \/>\nBrasilien Mate gr\u00fcn<\/em><\/p>\n<p><em><b>Wichtig: <\/b>Immer mit sprudelnd kochendem Wasser aufgie\u00dfen, mindestens 5-10 Minuten ziehen lassen! Nur so erhalten Sie ein sicheres Lebensmittel.<\/em><\/p>\n<p><b>Inhalt:<\/b><br \/>\n100 g in versiegelter Aromat\u00fcte<\/p>\n<p>Zeichnung auf der Etikette von Jassi Bis<\/p>\n","protected":false},"excerpt":{"rendered":"<p>koffeinhaltiges Nationalgetr\u00e4nk<\/p>\n","protected":false},"featured_media":13739,"comment_status":"open","ping_status":"closed","template":"","meta":{"_links_to":"","_links_to_target":""},"pwb-brand":[434],"product_brand":[],"product_cat":[2813,435],"product_tag":[453,1503,1843,1504,2315],"class_list":{"0":"post-1850","1":"product","2":"type-product","3":"status-publish","4":"has-post-thumbnail","6":"pwb-brand-lebens-qi-teehaus-qualitaet","7":"product_cat-kraeutertee","8":"product_cat-taste-of","9":"product_tag-brasilien","10":"product_tag-lose","11":"product_tag-mate","12":"product_tag-spezialitaet","13":"product_tag-teehaus-qualitaet","15":"first","16":"instock","17":"taxable","18":"shipping-taxable","19":"purchasable","20":"product-type-simple"},"blog_post_layout_featured_media_urls":{"thumbnail":["https:\/\/www.lebens-qi.at\/qishop\/wp-content\/uploads\/mate-tee-150x150.png",150,150,true],"full":["https:\/\/www.lebens-qi.at\/qishop\/wp-content\/uploads\/mate-tee.png",800,800,false]},"categories":["434"],"categories_names":{"434":{"name":"Teehaus-Qualit\u00e4t vom LEBENS-QI","link":"https:\/\/www.lebens-qi.at\/qishop\/brand\/lebens-qi-teehaus-qualitaet\/"}},"comments_number":"0","brands":[{"id":434,"name":"Teehaus-Qualit\u00e4t vom LEBENS-QI","slug":"lebens-qi-teehaus-qualitaet"}],"_links":{"self":[{"href":"https:\/\/www.lebens-qi.at\/qishop\/wp-json\/wp\/v2\/product\/1850","targetHints":{"allow":["GET"]}}],"collection":[{"href":"https:\/\/www.lebens-qi.at\/qishop\/wp-json\/wp\/v2\/product"}],"about":[{"href":"https:\/\/www.lebens-qi.at\/qishop\/wp-json\/wp\/v2\/types\/product"}],"replies":[{"embeddable":true,"href":"https:\/\/www.lebens-qi.at\/qishop\/wp-json\/wp\/v2\/comments?post=1850"}],"wp:featuredmedia":[{"embeddable":true,"href":"https:\/\/www.lebens-qi.at\/qishop\/wp-json\/wp\/v2\/media\/13739"}],"wp:attachment":[{"href":"https:\/\/www.lebens-qi.at\/qishop\/wp-json\/wp\/v2\/media?parent=1850"}],"wp:term":[{"taxonomy":"pwb-brand","embeddable":true,"href":"https:\/\/www.lebens-qi.at\/qishop\/wp-json\/wp\/v2\/pwb-brand?post=1850"},{"taxonomy":"product_brand","embeddable":true,"href":"https:\/\/www.lebens-qi.at\/qishop\/wp-json\/wp\/v2\/product_brand?post=1850"},{"taxonomy":"product_cat","embeddable":true,"href":"https:\/\/www.lebens-qi.at\/qishop\/wp-json\/wp\/v2\/product_cat?post=1850"},{"taxonomy":"product_tag","embeddable":true,"href":"https:\/\/www.lebens-qi.at\/qishop\/wp-json\/wp\/v2\/product_tag?post=1850"}],"curies":[{"name":"wp","href":"https:\/\/api.w.org\/{rel}","templated":true}]}}