{"id":18534,"date":"2026-02-13T00:22:49","date_gmt":"2026-02-12T23:22:49","guid":{"rendered":"https:\/\/www.lebens-qi.at\/qishop\/?post_type=product&#038;p=18534"},"modified":"2026-02-13T00:47:51","modified_gmt":"2026-02-12T23:47:51","slug":"seven-chakras-raeucherstaebchen","status":"publish","type":"product","link":"https:\/\/www.lebens-qi.at\/qishop\/produkt\/seven-chakras-raeucherstaebchen\/","title":{"rendered":"Seven Chakras R\u00e4ucherst\u00e4bchen"},"content":{"rendered":"<p>R\u00e4ucherst\u00e4bchenbox mit 7 P\u00e4ckchen verschiedenen R\u00e4ucherst\u00e4bchen, eines f\u00fcr jedes Chakra.<\/p>\n<p>Folgende Sorten sind enthalten:<\/p>\n<p>1. Wurzelchakra: w\u00fcrziger Amber<br \/>\n2. Sakralchakra: Sandelholz<br \/>\n3. Solarplexus-Chakra: Vanille<br \/>\n4. Herzchakra: Rose<br \/>\n5. Halschakra: Lavendelmischung<br \/>\n6. Stirnchakra: Amber<br \/>\n7. Kronenchakra: wei\u00dfer Salbei<\/p>\n<p>Gesamtgewicht: 42 g<\/p>\n","protected":false},"excerpt":{"rendered":"<p>Chakren Set &#8211; 7 verschiedene Sorten<\/p>\n","protected":false},"featured_media":18535,"comment_status":"open","ping_status":"closed","template":"","meta":{"_links_to":"","_links_to_target":""},"pwb-brand":[],"product_brand":[],"product_cat":[2526],"product_tag":[198,446,680,691],"class_list":{"0":"post-18534","1":"product","2":"type-product","3":"status-publish","4":"has-post-thumbnail","6":"product_cat-chakra-raeucherstaebchen","7":"product_tag-chakra","8":"product_tag-chakren","9":"product_tag-raeucherstaebchen","10":"product_tag-sortiment","12":"first","13":"instock","14":"taxable","15":"shipping-taxable","16":"purchasable","17":"product-type-simple"},"blog_post_layout_featured_media_urls":{"thumbnail":["https:\/\/www.lebens-qi.at\/qishop\/wp-content\/uploads\/1418_7chakras-150x150.jpg",150,150,true],"full":["https:\/\/www.lebens-qi.at\/qishop\/wp-content\/uploads\/1418_7chakras.jpg",800,800,false]},"categories":null,"categories_names":null,"comments_number":"0","brands":[],"_links":{"self":[{"href":"https:\/\/www.lebens-qi.at\/qishop\/wp-json\/wp\/v2\/product\/18534","targetHints":{"allow":["GET"]}}],"collection":[{"href":"https:\/\/www.lebens-qi.at\/qishop\/wp-json\/wp\/v2\/product"}],"about":[{"href":"https:\/\/www.lebens-qi.at\/qishop\/wp-json\/wp\/v2\/types\/product"}],"replies":[{"embeddable":true,"href":"https:\/\/www.lebens-qi.at\/qishop\/wp-json\/wp\/v2\/comments?post=18534"}],"wp:featuredmedia":[{"embeddable":true,"href":"https:\/\/www.lebens-qi.at\/qishop\/wp-json\/wp\/v2\/media\/18535"}],"wp:attachment":[{"href":"https:\/\/www.lebens-qi.at\/qishop\/wp-json\/wp\/v2\/media?parent=18534"}],"wp:term":[{"taxonomy":"pwb-brand","embeddable":true,"href":"https:\/\/www.lebens-qi.at\/qishop\/wp-json\/wp\/v2\/pwb-brand?post=18534"},{"taxonomy":"product_brand","embeddable":true,"href":"https:\/\/www.lebens-qi.at\/qishop\/wp-json\/wp\/v2\/product_brand?post=18534"},{"taxonomy":"product_cat","embeddable":true,"href":"https:\/\/www.lebens-qi.at\/qishop\/wp-json\/wp\/v2\/product_cat?post=18534"},{"taxonomy":"product_tag","embeddable":true,"href":"https:\/\/www.lebens-qi.at\/qishop\/wp-json\/wp\/v2\/product_tag?post=18534"}],"curies":[{"name":"wp","href":"https:\/\/api.w.org\/{rel}","templated":true}]}}