{"id":18615,"date":"2026-02-26T19:33:01","date_gmt":"2026-02-26T18:33:01","guid":{"rendered":"https:\/\/www.lebens-qi.at\/qishop\/?post_type=product&#038;p=18615"},"modified":"2026-02-26T20:07:45","modified_gmt":"2026-02-26T19:07:45","slug":"bio-osterschokolade-toffee","status":"publish","type":"product","link":"https:\/\/www.lebens-qi.at\/qishop\/produkt\/bio-osterschokolade-toffee\/","title":{"rendered":"BIO Osterschokolade Toffee"},"content":{"rendered":"<p><strong>Milchschokolade gef\u00fcllt mit feiner Toffee-Ganache. Jetzt als h\u00fcbsche Osteredition!<\/strong><\/p>\n<p>Das feine Karamellaroma in der Milchschokolade gibt dieser komplett alkoholfreien Schokoladenkreation eine k\u00f6stliche Geschmacksnote.<\/p>\n<p>BIO-Milchschokolade gef\u00fcllt mit Toffee-Ganache<\/p>\n<p><strong>Zutaten:<\/strong>\u00a0Kakaobutter*, Rohrzucker*, Kakaomasse*, <strong>Vollmilch<\/strong>pulver*, <strong>Schlagobers*, Butter*,<\/strong> R\u00fcbenzucker*, L\u00f6skaffee*, Zitronens\u00e4ure*.<br \/>\nKakao: 41% mindestens im Schokoladenanteil.<br \/>\n* aus kontrolliert biologischer Landwirtschaft<\/p>\n<p>100g enthalten durchschnittlich<\/p>\n<p>&#8211; Energie: 2078 kJ \/ 497 kcal<br \/>\n&#8211; Fett: 35 g<br \/>\n&#8212; davon ges\u00e4ttigte Fetts\u00e4uren: 22 g<br \/>\n&#8211; Kohlenhydrate: 40 g<br \/>\n&#8212; davon Zucker: 40 g<br \/>\n&#8211; Eiwei\u00df: 4,6 g<br \/>\n&#8211; Salz: 0,15 g<\/p>\n<p>ohne Alkohol<\/p>\n<p><span style=\"color: #993300;\"><strong>~~~ STYX Schokoladenmanufaktur ~~~<\/strong><\/span><\/p>\n<p>Vielfalt und Abwechslung gepaart mit \u00d6kologie und Qualit\u00e4t \u2013 daf\u00fcr steht die STYX Schokoladenmanufaktur. Exzellente Rohstoffe und liebevolle Verarbeitung von Hand stehen bei STYX Pate f\u00fcr die sinnlichen Geschmackskompositionen aus rein biologischer Landwirtschaft. Alle Schokoladen produziert mit strikt \u00f6sterreichischer Herstellung.<\/p>\n","protected":false},"excerpt":{"rendered":"<p>BIO-Milchschokolade gef\u00fcllt mit Toffee-Ganache<\/p>\n","protected":false},"featured_media":18616,"comment_status":"open","ping_status":"closed","template":"","meta":{"_links_to":"","_links_to_target":""},"pwb-brand":[263],"product_brand":[],"product_cat":[3019,1487],"product_tag":[2577,3115,2639,2593,2592,631,2295,238,3114,2640],"class_list":{"0":"post-18615","1":"product","2":"type-product","3":"status-publish","4":"has-post-thumbnail","6":"pwb-brand-styx","7":"product_cat-ostern","8":"product_cat-kleine-geschenke-fuer-grosse-freude","9":"product_tag-confiserie","10":"product_tag-karamell","11":"product_tag-manufaktur","12":"product_tag-ostergeschenk","13":"product_tag-osterhase","14":"product_tag-ostern","15":"product_tag-schokolade","16":"product_tag-styx","17":"product_tag-toffee","18":"product_tag-vollmilchschokolade","19":"pa_herkunft-oesterreich","21":"first","22":"instock","23":"taxable","24":"shipping-taxable","25":"purchasable","26":"product-type-simple"},"blog_post_layout_featured_media_urls":{"thumbnail":["https:\/\/www.lebens-qi.at\/qishop\/wp-content\/uploads\/osterschoko-toffee-150x150.jpg",150,150,true],"full":["https:\/\/www.lebens-qi.at\/qishop\/wp-content\/uploads\/osterschoko-toffee.jpg",800,800,false]},"categories":["263"],"categories_names":{"263":{"name":"STYX","link":"https:\/\/www.lebens-qi.at\/qishop\/brand\/styx\/"}},"comments_number":"0","brands":[{"id":263,"name":"STYX","slug":"styx"}],"_links":{"self":[{"href":"https:\/\/www.lebens-qi.at\/qishop\/wp-json\/wp\/v2\/product\/18615","targetHints":{"allow":["GET"]}}],"collection":[{"href":"https:\/\/www.lebens-qi.at\/qishop\/wp-json\/wp\/v2\/product"}],"about":[{"href":"https:\/\/www.lebens-qi.at\/qishop\/wp-json\/wp\/v2\/types\/product"}],"replies":[{"embeddable":true,"href":"https:\/\/www.lebens-qi.at\/qishop\/wp-json\/wp\/v2\/comments?post=18615"}],"wp:featuredmedia":[{"embeddable":true,"href":"https:\/\/www.lebens-qi.at\/qishop\/wp-json\/wp\/v2\/media\/18616"}],"wp:attachment":[{"href":"https:\/\/www.lebens-qi.at\/qishop\/wp-json\/wp\/v2\/media?parent=18615"}],"wp:term":[{"taxonomy":"pwb-brand","embeddable":true,"href":"https:\/\/www.lebens-qi.at\/qishop\/wp-json\/wp\/v2\/pwb-brand?post=18615"},{"taxonomy":"product_brand","embeddable":true,"href":"https:\/\/www.lebens-qi.at\/qishop\/wp-json\/wp\/v2\/product_brand?post=18615"},{"taxonomy":"product_cat","embeddable":true,"href":"https:\/\/www.lebens-qi.at\/qishop\/wp-json\/wp\/v2\/product_cat?post=18615"},{"taxonomy":"product_tag","embeddable":true,"href":"https:\/\/www.lebens-qi.at\/qishop\/wp-json\/wp\/v2\/product_tag?post=18615"}],"curies":[{"name":"wp","href":"https:\/\/api.w.org\/{rel}","templated":true}]}}