{"id":18624,"date":"2026-02-27T15:14:47","date_gmt":"2026-02-27T14:14:47","guid":{"rendered":"https:\/\/www.lebens-qi.at\/qishop\/?post_type=product&#038;p=18624"},"modified":"2026-02-27T17:50:04","modified_gmt":"2026-02-27T16:50:04","slug":"bergkristall-laserkristall-natur","status":"publish","type":"product","link":"https:\/\/www.lebens-qi.at\/qishop\/produkt\/bergkristall-laserkristall-natur\/","title":{"rendered":"Bergkristall Laserkristall natur"},"content":{"rendered":"<p><strong>Bergkristallspitze natur (Laserkristall)<\/strong><\/p>\n<p>Einzigartiger naturbelassener, sehr klare Bergkristallspitze mit interessanten Eisenoxid-Einschl\u00fcssen.<\/p>\n<p>Nutze die Kraft der Natur f\u00fcr Energiearbeit, als Sammlerst\u00fcck oder nur als &#8222;einfach-sch\u00f6ner&#8220; Blickfang einsetzbar.<br \/>\n2\/3 glatte Oberfl\u00e4chenstruktur\/Kristallfl\u00e4chen, das untere Drittel (an der Basis) roh<\/p>\n<p>Gr\u00f6\u00dfe: L\u00e4nge ca. <em>13,5 cm, Durchmesser ca. 3 &#8211; 3,5 cm<\/em><br \/>\nGewicht: ca. 186 g<\/p>\n<p><em>Hinweis: Sie erhalten exakt dieses St\u00fcck, aktueller Standort Lebens-Qi G\u00e4nserndorf (zwischenzeitlicher Verkauf vorbehalten)<\/em><\/p>\n","protected":false},"excerpt":{"rendered":"<p>nat\u00fcrlich gewachsene Bergkristallspitze mit Eisenoxideinschl\u00fcssen<\/p>\n","protected":false},"featured_media":18626,"comment_status":"open","ping_status":"closed","template":"","meta":{"_links_to":"","_links_to_target":""},"pwb-brand":[114],"product_brand":[],"product_cat":[1013],"product_tag":[167,120,3118,3119,3117],"class_list":{"0":"post-18624","1":"product","2":"type-product","3":"status-publish","4":"has-post-thumbnail","6":"pwb-brand-lebens-qi-kraft-der-steine","7":"product_cat-mineralien-raritaeten","8":"product_tag-bergkristall","9":"product_tag-kristall","10":"product_tag-kristallspitze","11":"product_tag-laserkristall","12":"product_tag-naturkristall","14":"first","15":"instock","16":"taxable","17":"shipping-taxable","18":"purchasable","19":"product-type-simple"},"blog_post_layout_featured_media_urls":{"thumbnail":["https:\/\/www.lebens-qi.at\/qishop\/wp-content\/uploads\/2003-201-kristall2-150x150.png",150,150,true],"full":["https:\/\/www.lebens-qi.at\/qishop\/wp-content\/uploads\/2003-201-kristall2.png",800,800,false]},"categories":["114"],"categories_names":{"114":{"name":"Lebens-Qi Kraft der Steine","link":"https:\/\/www.lebens-qi.at\/qishop\/brand\/lebens-qi-kraft-der-steine\/"}},"comments_number":"0","brands":[{"id":114,"name":"Lebens-Qi Kraft der Steine","slug":"lebens-qi-kraft-der-steine"}],"_links":{"self":[{"href":"https:\/\/www.lebens-qi.at\/qishop\/wp-json\/wp\/v2\/product\/18624","targetHints":{"allow":["GET"]}}],"collection":[{"href":"https:\/\/www.lebens-qi.at\/qishop\/wp-json\/wp\/v2\/product"}],"about":[{"href":"https:\/\/www.lebens-qi.at\/qishop\/wp-json\/wp\/v2\/types\/product"}],"replies":[{"embeddable":true,"href":"https:\/\/www.lebens-qi.at\/qishop\/wp-json\/wp\/v2\/comments?post=18624"}],"wp:featuredmedia":[{"embeddable":true,"href":"https:\/\/www.lebens-qi.at\/qishop\/wp-json\/wp\/v2\/media\/18626"}],"wp:attachment":[{"href":"https:\/\/www.lebens-qi.at\/qishop\/wp-json\/wp\/v2\/media?parent=18624"}],"wp:term":[{"taxonomy":"pwb-brand","embeddable":true,"href":"https:\/\/www.lebens-qi.at\/qishop\/wp-json\/wp\/v2\/pwb-brand?post=18624"},{"taxonomy":"product_brand","embeddable":true,"href":"https:\/\/www.lebens-qi.at\/qishop\/wp-json\/wp\/v2\/product_brand?post=18624"},{"taxonomy":"product_cat","embeddable":true,"href":"https:\/\/www.lebens-qi.at\/qishop\/wp-json\/wp\/v2\/product_cat?post=18624"},{"taxonomy":"product_tag","embeddable":true,"href":"https:\/\/www.lebens-qi.at\/qishop\/wp-json\/wp\/v2\/product_tag?post=18624"}],"curies":[{"name":"wp","href":"https:\/\/api.w.org\/{rel}","templated":true}]}}