{"id":1863,"date":"2024-02-19T11:55:55","date_gmt":"2024-02-19T10:55:55","guid":{"rendered":"https:\/\/www.lebens-qi.at\/qishop\/produkt\/taste-of-japan-sencha-uchiyama\/"},"modified":"2025-10-09T16:18:08","modified_gmt":"2025-10-09T14:18:08","slug":"taste-of-japan-sencha-uchiyama","status":"publish","type":"product","link":"https:\/\/www.lebens-qi.at\/qishop\/produkt\/taste-of-japan-sencha-uchiyama\/","title":{"rendered":"Taste of Japan &#8211; Sencha Uchiyama"},"content":{"rendered":"<p><b>Extra Qualit\u00e4t!<br \/>\nSencha Uchiyama<\/b><br \/>\nGr\u00fcner Tee aus Japan<\/p>\n<p>Der Ursprung dieser <b>\u00fcberdurchschnittlichen Sencha Qualit\u00e4t<\/b> liegt in der Pr\u00e4fektur Kagoshima, welche durch ihr subtropisches Klima und die dort weit verbreitete vulkanische Erde des Vulkans \u201eSakurajima\u201c optimale Bedingungen f\u00fcr die Kultivierung von Tee bietet.<br \/>\nNach japanischer Tradition wurde bei der Fertigung auf die Aussiebung der feineren Blattanteile verzichtet. Dadurch kommt die aromatische F\u00fclle im Zusammenspiel mit den gr\u00fcn-grasige Noten noch st\u00e4rker zur Geltung. <b>Schilfgr\u00fcne Infusion und hell-lindgr\u00fcne Tasse.<\/b><\/p>\n<p>1-3 Minuten Ziehzeit<br \/>\n75-80\u00b0 C Wassertemperatur<br \/>\n4-5 gestrichene Teel\u00f6ffel\/1 Liter<\/p>\n<p><em><b>Zutaten:<\/b><br \/>\ngr\u00fcner Tee<\/em><\/p>\n<p><b>Inhalt:<\/b><br \/>\n75 g loser Tee in versiegelter Aromat\u00fcte<\/p>\n<p>Zeichnung auf der Etikette von Jassi Bis<\/p>\n","protected":false},"excerpt":{"rendered":"<p>japanischer Gr\u00fcntee<\/p>\n","protected":false},"featured_media":13827,"comment_status":"open","ping_status":"closed","template":"","meta":{"_links_to":"","_links_to_target":""},"pwb-brand":[434],"product_brand":[],"product_cat":[2811,435],"product_tag":[449,448,1167,2317,443,2315],"class_list":{"0":"post-1863","1":"product","2":"type-product","3":"status-publish","4":"has-post-thumbnail","6":"pwb-brand-lebens-qi-teehaus-qualitaet","7":"product_cat-gruener-tee","8":"product_cat-taste-of","9":"product_tag-gruener-tee","10":"product_tag-gruentee","11":"product_tag-japan","12":"product_tag-sencha","13":"product_tag-tee","14":"product_tag-teehaus-qualitaet","16":"first","17":"instock","18":"taxable","19":"shipping-taxable","20":"purchasable","21":"product-type-simple"},"blog_post_layout_featured_media_urls":{"thumbnail":["https:\/\/www.lebens-qi.at\/qishop\/wp-content\/uploads\/sencha-uchiyama-tee-150x150.png",150,150,true],"full":["https:\/\/www.lebens-qi.at\/qishop\/wp-content\/uploads\/sencha-uchiyama-tee.png",800,800,false]},"categories":["434"],"categories_names":{"434":{"name":"Teehaus-Qualit\u00e4t vom LEBENS-QI","link":"https:\/\/www.lebens-qi.at\/qishop\/brand\/lebens-qi-teehaus-qualitaet\/"}},"comments_number":"0","brands":[{"id":434,"name":"Teehaus-Qualit\u00e4t vom LEBENS-QI","slug":"lebens-qi-teehaus-qualitaet"}],"_links":{"self":[{"href":"https:\/\/www.lebens-qi.at\/qishop\/wp-json\/wp\/v2\/product\/1863","targetHints":{"allow":["GET"]}}],"collection":[{"href":"https:\/\/www.lebens-qi.at\/qishop\/wp-json\/wp\/v2\/product"}],"about":[{"href":"https:\/\/www.lebens-qi.at\/qishop\/wp-json\/wp\/v2\/types\/product"}],"replies":[{"embeddable":true,"href":"https:\/\/www.lebens-qi.at\/qishop\/wp-json\/wp\/v2\/comments?post=1863"}],"wp:featuredmedia":[{"embeddable":true,"href":"https:\/\/www.lebens-qi.at\/qishop\/wp-json\/wp\/v2\/media\/13827"}],"wp:attachment":[{"href":"https:\/\/www.lebens-qi.at\/qishop\/wp-json\/wp\/v2\/media?parent=1863"}],"wp:term":[{"taxonomy":"pwb-brand","embeddable":true,"href":"https:\/\/www.lebens-qi.at\/qishop\/wp-json\/wp\/v2\/pwb-brand?post=1863"},{"taxonomy":"product_brand","embeddable":true,"href":"https:\/\/www.lebens-qi.at\/qishop\/wp-json\/wp\/v2\/product_brand?post=1863"},{"taxonomy":"product_cat","embeddable":true,"href":"https:\/\/www.lebens-qi.at\/qishop\/wp-json\/wp\/v2\/product_cat?post=1863"},{"taxonomy":"product_tag","embeddable":true,"href":"https:\/\/www.lebens-qi.at\/qishop\/wp-json\/wp\/v2\/product_tag?post=1863"}],"curies":[{"name":"wp","href":"https:\/\/api.w.org\/{rel}","templated":true}]}}