{"id":18688,"date":"2026-03-02T10:50:18","date_gmt":"2026-03-02T09:50:18","guid":{"rendered":"https:\/\/www.lebens-qi.at\/qishop\/?post_type=product&#038;p=18688"},"modified":"2026-03-02T15:04:03","modified_gmt":"2026-03-02T14:04:03","slug":"apophyllit","status":"publish","type":"product","link":"https:\/\/www.lebens-qi.at\/qishop\/produkt\/apophyllit\/","title":{"rendered":"Apophyllit"},"content":{"rendered":"<p><strong>Apophyllit<\/strong><\/p>\n<p>Faszinierende Kristallgruppe, als Hilfmittel zur Transformationsarbeit bei Energiearbeit, als Unterst\u00fctzung zur Blockadenl\u00f6sung und f\u00fcr h\u00f6heres Bewusstsein. Sie ist aber auch ein tolles Sammlerst\u00fcck.<\/p>\n<p><strong>Sie erhalten exakt diesen Apophyllit<\/strong><\/p>\n<p>Gr\u00f6\u00dfe: ca. 15 x 5 x 4 cm<br \/>\nGewicht: ca. 351 g<br \/>\nFarbe: wei\u00df<br \/>\nChakrazuordnung: Kronenchakra<br \/>\nThemen: Transformation, Bewusstsein<\/p>\n<p><em>Hinweis: diesen Kristall finden Sie aktuell im Lebens-Qi G\u00e4nserndorf &#8211; zwischenzeitlicher Verkauf vorbehalten<\/em><\/p>\n","protected":false},"excerpt":{"rendered":"<p>Stein der Transformation<\/p>\n","protected":false},"featured_media":18689,"comment_status":"open","ping_status":"closed","template":"","meta":{"_links_to":"","_links_to_target":""},"pwb-brand":[114],"product_brand":[],"product_cat":[1013],"product_tag":[3122,120,1665,2249,751],"class_list":{"0":"post-18688","1":"product","2":"type-product","3":"status-publish","4":"has-post-thumbnail","6":"pwb-brand-lebens-qi-kraft-der-steine","7":"product_cat-mineralien-raritaeten","8":"product_tag-apophyllit","9":"product_tag-kristall","10":"product_tag-raritaet","11":"product_tag-standort-gaenserndorf","12":"product_tag-unikat","14":"first","15":"instock","16":"taxable","17":"shipping-taxable","18":"purchasable","19":"product-type-simple"},"blog_post_layout_featured_media_urls":{"thumbnail":["https:\/\/www.lebens-qi.at\/qishop\/wp-content\/uploads\/apophyllit-110-150x150.png",150,150,true],"full":["https:\/\/www.lebens-qi.at\/qishop\/wp-content\/uploads\/apophyllit-110.png",800,800,false]},"categories":["114"],"categories_names":{"114":{"name":"Lebens-Qi Kraft der Steine","link":"https:\/\/www.lebens-qi.at\/qishop\/brand\/lebens-qi-kraft-der-steine\/"}},"comments_number":"0","brands":[{"id":114,"name":"Lebens-Qi Kraft der Steine","slug":"lebens-qi-kraft-der-steine"}],"_links":{"self":[{"href":"https:\/\/www.lebens-qi.at\/qishop\/wp-json\/wp\/v2\/product\/18688","targetHints":{"allow":["GET"]}}],"collection":[{"href":"https:\/\/www.lebens-qi.at\/qishop\/wp-json\/wp\/v2\/product"}],"about":[{"href":"https:\/\/www.lebens-qi.at\/qishop\/wp-json\/wp\/v2\/types\/product"}],"replies":[{"embeddable":true,"href":"https:\/\/www.lebens-qi.at\/qishop\/wp-json\/wp\/v2\/comments?post=18688"}],"wp:featuredmedia":[{"embeddable":true,"href":"https:\/\/www.lebens-qi.at\/qishop\/wp-json\/wp\/v2\/media\/18689"}],"wp:attachment":[{"href":"https:\/\/www.lebens-qi.at\/qishop\/wp-json\/wp\/v2\/media?parent=18688"}],"wp:term":[{"taxonomy":"pwb-brand","embeddable":true,"href":"https:\/\/www.lebens-qi.at\/qishop\/wp-json\/wp\/v2\/pwb-brand?post=18688"},{"taxonomy":"product_brand","embeddable":true,"href":"https:\/\/www.lebens-qi.at\/qishop\/wp-json\/wp\/v2\/product_brand?post=18688"},{"taxonomy":"product_cat","embeddable":true,"href":"https:\/\/www.lebens-qi.at\/qishop\/wp-json\/wp\/v2\/product_cat?post=18688"},{"taxonomy":"product_tag","embeddable":true,"href":"https:\/\/www.lebens-qi.at\/qishop\/wp-json\/wp\/v2\/product_tag?post=18688"}],"curies":[{"name":"wp","href":"https:\/\/api.w.org\/{rel}","templated":true}]}}