{"id":1869,"date":"2024-02-19T11:56:01","date_gmt":"2024-02-19T10:56:01","guid":{"rendered":"https:\/\/www.lebens-qi.at\/qishop\/produkt\/taste-of-india-happy-valley\/"},"modified":"2025-04-09T11:34:14","modified_gmt":"2025-04-09T09:34:14","slug":"taste-of-india-happy-valley","status":"publish","type":"product","link":"https:\/\/www.lebens-qi.at\/qishop\/produkt\/taste-of-india-happy-valley\/","title":{"rendered":"Taste of India &#8211; Happy Valley"},"content":{"rendered":"<p><b>Extra Qualit\u00e4t!<br \/>\nHappy Valley<\/b><br \/>\nSchwarztee aus Indien<\/p>\n<p>Ungef\u00e4hr 3 km von der Stadt Darjeeling entfernt ist das <strong>Happy Valley Tea Estate<\/strong> gelegen. In <strong>H\u00f6henlagen von bis zu 2.750 m<\/strong>, hat dieser Teegarten eine Grundfl\u00e4che von ca. 111 Hektar. Von April bis November haben hier Besucher die M\u00f6glichkeit beim Pfl\u00fccken der Teebl\u00e4tter zuzusehen und sich mit der Teeproduktion vertraut zu machen. Wir k\u00f6nnen hier eine sortenreine Mischung aus <strong>second flush-Blatt-Tees<\/strong> anbieten. <strong>Hocharomatisch<\/strong>, mit voller, leuchtender Tasse. Das Blatt ist mittelgro\u00df, sauber gearbeitet, mit hellen Tips.<\/p>\n<p>2-4 Minuten Ziehzeit<br \/>\n100\u00b0 C Wassertemperatur<br \/>\n4-5 geh\u00e4ufte Teel\u00f6ffel\/1 Liter<\/p>\n<p><em><b>Zutaten:<\/b><br \/>\nschwarzer Tee<\/em><\/p>\n<p><b>Inhalt:<\/b><br \/>\n100 g loser Tee in versiegelter Aromat\u00fcte<\/p>\n<p>Bild auf der Etikette von Jassi Bis<\/p>\n","protected":false},"excerpt":{"rendered":"<p>indischer Darjeeling Schwarztee<\/p>\n","protected":false},"featured_media":13816,"comment_status":"open","ping_status":"closed","template":"","meta":{"_links_to":"","_links_to_target":""},"pwb-brand":[434],"product_brand":[],"product_cat":[2809,435],"product_tag":[1837,2345,1503,656,1502,1504,443,2315],"class_list":{"0":"post-1869","1":"product","2":"type-product","3":"status-publish","4":"has-post-thumbnail","6":"pwb-brand-lebens-qi-teehaus-qualitaet","7":"product_cat-schwarzer-tee","8":"product_cat-taste-of","9":"product_tag-darjeeling","10":"product_tag-indien","11":"product_tag-lose","12":"product_tag-pur","13":"product_tag-schwarztee","14":"product_tag-spezialitaet","15":"product_tag-tee","16":"product_tag-teehaus-qualitaet","18":"first","19":"instock","20":"taxable","21":"shipping-taxable","22":"purchasable","23":"product-type-simple"},"blog_post_layout_featured_media_urls":{"thumbnail":["https:\/\/www.lebens-qi.at\/qishop\/wp-content\/uploads\/happyvalley-tee-150x150.png",150,150,true],"full":["https:\/\/www.lebens-qi.at\/qishop\/wp-content\/uploads\/happyvalley-tee.png",800,800,false]},"categories":["434"],"categories_names":{"434":{"name":"Teehaus-Qualit\u00e4t vom LEBENS-QI","link":"https:\/\/www.lebens-qi.at\/qishop\/brand\/lebens-qi-teehaus-qualitaet\/"}},"comments_number":"0","brands":[{"id":434,"name":"Teehaus-Qualit\u00e4t vom LEBENS-QI","slug":"lebens-qi-teehaus-qualitaet"}],"_links":{"self":[{"href":"https:\/\/www.lebens-qi.at\/qishop\/wp-json\/wp\/v2\/product\/1869","targetHints":{"allow":["GET"]}}],"collection":[{"href":"https:\/\/www.lebens-qi.at\/qishop\/wp-json\/wp\/v2\/product"}],"about":[{"href":"https:\/\/www.lebens-qi.at\/qishop\/wp-json\/wp\/v2\/types\/product"}],"replies":[{"embeddable":true,"href":"https:\/\/www.lebens-qi.at\/qishop\/wp-json\/wp\/v2\/comments?post=1869"}],"wp:featuredmedia":[{"embeddable":true,"href":"https:\/\/www.lebens-qi.at\/qishop\/wp-json\/wp\/v2\/media\/13816"}],"wp:attachment":[{"href":"https:\/\/www.lebens-qi.at\/qishop\/wp-json\/wp\/v2\/media?parent=1869"}],"wp:term":[{"taxonomy":"pwb-brand","embeddable":true,"href":"https:\/\/www.lebens-qi.at\/qishop\/wp-json\/wp\/v2\/pwb-brand?post=1869"},{"taxonomy":"product_brand","embeddable":true,"href":"https:\/\/www.lebens-qi.at\/qishop\/wp-json\/wp\/v2\/product_brand?post=1869"},{"taxonomy":"product_cat","embeddable":true,"href":"https:\/\/www.lebens-qi.at\/qishop\/wp-json\/wp\/v2\/product_cat?post=1869"},{"taxonomy":"product_tag","embeddable":true,"href":"https:\/\/www.lebens-qi.at\/qishop\/wp-json\/wp\/v2\/product_tag?post=1869"}],"curies":[{"name":"wp","href":"https:\/\/api.w.org\/{rel}","templated":true}]}}