{"id":1876,"date":"2024-02-19T11:56:12","date_gmt":"2024-02-19T10:56:12","guid":{"rendered":"https:\/\/www.lebens-qi.at\/qishop\/produkt\/taste-of-england-earl-grey\/"},"modified":"2025-04-09T10:51:41","modified_gmt":"2025-04-09T08:51:41","slug":"taste-of-england-earl-grey","status":"publish","type":"product","link":"https:\/\/www.lebens-qi.at\/qishop\/produkt\/taste-of-england-earl-grey\/","title":{"rendered":"Taste of England &#8211; Earl Grey"},"content":{"rendered":"<p><b>Earl Grey<\/b><br \/>\nSchwarztee mit Bergamotte-Note<\/p>\n<p>1833 hob Earl Grey, der Graf von \u201eHowick Hall\u201c, als britischer Premierminister das Preismonopol der East Indian Company im Teehandel mit China auf. Dem Tee standen lange \u00dcberfahrten von \u00dcbersee bis ins k\u00f6nigliche England bevor, auf denen Moder- und Teergeschmack aus den Lader\u00e4umen in das Blattgut eindringen konnten. So wurde der urspr\u00fcnglich reine Tee bereits in China mit feinen \u00d6len der Bergamotte, einer Zitrusp\ufb02anze, angereichert. Dieser sch\u00fctzende, zus\u00e4tzliche Duft sorgt bis heute f\u00fcr den popul\u00e4ren Namen, der f\u00fcr feinsten, englischen Tee steht.<\/p>\n<p>3-5 Minuten Ziehzeit<br \/>\n100\u00b0 C Wassertemperatur<br \/>\n4-5 geh\u00e4ufte Teel\u00f6ffel\/1 Liter<\/p>\n<p><em><b>Zutaten:<\/b><br \/>\nSchwarzer Tee, nat\u00fcrliches Bergamotte-Aroma mit anderen nat\u00fcrlichen Aromen<\/em><\/p>\n<p><b>Inhalt:<\/b><br \/>\n100 g loser Tee in versiegelter Aromat\u00fcte<\/p>\n<p>Bild auf der Etikette von Meli Binder<\/p>\n<p><em>Hinweis: die Bezeichnung &#8222;Taste of England&#8220; kommt aufgrund der Teesorte, selbstverst\u00e4ndlich ist der Schwarztee dazu nicht in England gewachsen, sondern stammt aus Indien, die Veredelung wird in Deutschland gemacht.<\/em><\/p>\n","protected":false},"excerpt":{"rendered":"<p>Schwarztee mit Bergamotte-Note<\/p>\n","protected":false},"featured_media":13807,"comment_status":"open","ping_status":"closed","template":"","meta":{"_links_to":"","_links_to_target":""},"pwb-brand":[434],"product_brand":[],"product_cat":[2809,435],"product_tag":[265,1503,1502,1504,443,2315],"class_list":{"0":"post-1876","1":"product","2":"type-product","3":"status-publish","4":"has-post-thumbnail","6":"pwb-brand-lebens-qi-teehaus-qualitaet","7":"product_cat-schwarzer-tee","8":"product_cat-taste-of","9":"product_tag-bergamotte","10":"product_tag-lose","11":"product_tag-schwarztee","12":"product_tag-spezialitaet","13":"product_tag-tee","14":"product_tag-teehaus-qualitaet","16":"first","17":"instock","18":"taxable","19":"shipping-taxable","20":"purchasable","21":"product-type-simple"},"blog_post_layout_featured_media_urls":{"thumbnail":["https:\/\/www.lebens-qi.at\/qishop\/wp-content\/uploads\/earlgrey-tee-150x150.png",150,150,true],"full":["https:\/\/www.lebens-qi.at\/qishop\/wp-content\/uploads\/earlgrey-tee.png",800,800,false]},"categories":["434"],"categories_names":{"434":{"name":"Teehaus-Qualit\u00e4t vom LEBENS-QI","link":"https:\/\/www.lebens-qi.at\/qishop\/brand\/lebens-qi-teehaus-qualitaet\/"}},"comments_number":"0","brands":[{"id":434,"name":"Teehaus-Qualit\u00e4t vom LEBENS-QI","slug":"lebens-qi-teehaus-qualitaet"}],"_links":{"self":[{"href":"https:\/\/www.lebens-qi.at\/qishop\/wp-json\/wp\/v2\/product\/1876","targetHints":{"allow":["GET"]}}],"collection":[{"href":"https:\/\/www.lebens-qi.at\/qishop\/wp-json\/wp\/v2\/product"}],"about":[{"href":"https:\/\/www.lebens-qi.at\/qishop\/wp-json\/wp\/v2\/types\/product"}],"replies":[{"embeddable":true,"href":"https:\/\/www.lebens-qi.at\/qishop\/wp-json\/wp\/v2\/comments?post=1876"}],"wp:featuredmedia":[{"embeddable":true,"href":"https:\/\/www.lebens-qi.at\/qishop\/wp-json\/wp\/v2\/media\/13807"}],"wp:attachment":[{"href":"https:\/\/www.lebens-qi.at\/qishop\/wp-json\/wp\/v2\/media?parent=1876"}],"wp:term":[{"taxonomy":"pwb-brand","embeddable":true,"href":"https:\/\/www.lebens-qi.at\/qishop\/wp-json\/wp\/v2\/pwb-brand?post=1876"},{"taxonomy":"product_brand","embeddable":true,"href":"https:\/\/www.lebens-qi.at\/qishop\/wp-json\/wp\/v2\/product_brand?post=1876"},{"taxonomy":"product_cat","embeddable":true,"href":"https:\/\/www.lebens-qi.at\/qishop\/wp-json\/wp\/v2\/product_cat?post=1876"},{"taxonomy":"product_tag","embeddable":true,"href":"https:\/\/www.lebens-qi.at\/qishop\/wp-json\/wp\/v2\/product_tag?post=1876"}],"curies":[{"name":"wp","href":"https:\/\/api.w.org\/{rel}","templated":true}]}}