{"id":18805,"date":"2026-03-11T12:23:43","date_gmt":"2026-03-11T11:23:43","guid":{"rendered":"https:\/\/www.lebens-qi.at\/qishop\/?post_type=product&#038;p=18805"},"modified":"2026-03-11T12:35:32","modified_gmt":"2026-03-11T11:35:32","slug":"bernsteinkette-nugget-kurz","status":"publish","type":"product","link":"https:\/\/www.lebens-qi.at\/qishop\/produkt\/bernsteinkette-nugget-kurz\/","title":{"rendered":"Bernsteinkette Nugget kurz"},"content":{"rendered":"<p><b>Kurze Bernstein-Kette <\/b>aus abgetrommelten Steinchen (&#8222;Nuggets&#8220;)<\/p>\n<p>Die kleinen <strong>Steinchen<\/strong> sind <strong>abgerundet<\/strong> und haben keine scharfen\/spitzen Kanten.<br \/>\n<strong>MULTICOLOR<\/strong> &#8211; verschiedene Farbevariationen des Bernsteins auf einer Kette, wodurch sie eine besonders nat\u00fcrliche Optik bekommt<\/p>\n<p><b>Detailinformationen zur Kette:<\/b><br \/>\nL\u00e4nge: ca. 32 cm<br \/>\ngekn\u00fcpfte Kette &#8211; hinter jedem Steinchen ist ein Knoten<br \/>\ndezenter Drehverschluss<br \/>\nHerkunft: Fundort des Bernsteins ist die Ostsee<\/p>\n<p>Diese Kette ist aufgrund der kurzen L\u00e4nge auch f\u00fcr Kinder oder kleine Hunde geeignet. Bitte beachten Sie entsprechende Sicherheitsma\u00dfnahmen, damit es zu keinen Verletzungen zB durch H\u00e4ngenbleiben kommt.<\/p>\n<p><b>Hinweis: <\/b>Symbolfoto &#8211; da es sich um Naturbernstein handelt ist jede Kette ein wenig anders!<\/p>\n","protected":false},"excerpt":{"rendered":"<p>gekn\u00fcpft, aus abgetrommelten, verschiedenfarbigen Steinchen<\/p>\n","protected":false},"featured_media":18807,"comment_status":"open","ping_status":"closed","template":"","meta":{"_links_to":"","_links_to_target":""},"pwb-brand":[114],"product_brand":[],"product_cat":[3013,3014],"product_tag":[196,3135,1864,119],"class_list":{"0":"post-18805","1":"product","2":"type-product","3":"status-publish","4":"has-post-thumbnail","6":"pwb-brand-lebens-qi-kraft-der-steine","7":"product_cat-ketten","8":"product_cat-steinketten","9":"product_tag-bernstein","10":"product_tag-bernsteinkette","11":"product_tag-halskette","12":"product_tag-steinschmuck","14":"first","15":"instock","16":"sold-individually","17":"taxable","18":"shipping-taxable","19":"purchasable","20":"product-type-simple"},"blog_post_layout_featured_media_urls":{"thumbnail":["https:\/\/www.lebens-qi.at\/qishop\/wp-content\/uploads\/Bernsteinkette-Nuggets-150x150.png",150,150,true],"full":["https:\/\/www.lebens-qi.at\/qishop\/wp-content\/uploads\/Bernsteinkette-Nuggets.png",800,800,false]},"categories":["114"],"categories_names":{"114":{"name":"Lebens-Qi Kraft der Steine","link":"https:\/\/www.lebens-qi.at\/qishop\/brand\/lebens-qi-kraft-der-steine\/"}},"comments_number":"0","brands":[{"id":114,"name":"Lebens-Qi Kraft der Steine","slug":"lebens-qi-kraft-der-steine"}],"_links":{"self":[{"href":"https:\/\/www.lebens-qi.at\/qishop\/wp-json\/wp\/v2\/product\/18805","targetHints":{"allow":["GET"]}}],"collection":[{"href":"https:\/\/www.lebens-qi.at\/qishop\/wp-json\/wp\/v2\/product"}],"about":[{"href":"https:\/\/www.lebens-qi.at\/qishop\/wp-json\/wp\/v2\/types\/product"}],"replies":[{"embeddable":true,"href":"https:\/\/www.lebens-qi.at\/qishop\/wp-json\/wp\/v2\/comments?post=18805"}],"wp:featuredmedia":[{"embeddable":true,"href":"https:\/\/www.lebens-qi.at\/qishop\/wp-json\/wp\/v2\/media\/18807"}],"wp:attachment":[{"href":"https:\/\/www.lebens-qi.at\/qishop\/wp-json\/wp\/v2\/media?parent=18805"}],"wp:term":[{"taxonomy":"pwb-brand","embeddable":true,"href":"https:\/\/www.lebens-qi.at\/qishop\/wp-json\/wp\/v2\/pwb-brand?post=18805"},{"taxonomy":"product_brand","embeddable":true,"href":"https:\/\/www.lebens-qi.at\/qishop\/wp-json\/wp\/v2\/product_brand?post=18805"},{"taxonomy":"product_cat","embeddable":true,"href":"https:\/\/www.lebens-qi.at\/qishop\/wp-json\/wp\/v2\/product_cat?post=18805"},{"taxonomy":"product_tag","embeddable":true,"href":"https:\/\/www.lebens-qi.at\/qishop\/wp-json\/wp\/v2\/product_tag?post=18805"}],"curies":[{"name":"wp","href":"https:\/\/api.w.org\/{rel}","templated":true}]}}