{"id":1882,"date":"2024-02-19T11:56:19","date_gmt":"2024-02-19T10:56:19","guid":{"rendered":"https:\/\/www.lebens-qi.at\/qishop\/produkt\/taste-of-formosa-oolong-butterfly-of-taiwan\/"},"modified":"2025-11-17T12:34:05","modified_gmt":"2025-11-17T11:34:05","slug":"taste-of-formosa-oolong-butterfly-of-taiwan","status":"publish","type":"product","link":"https:\/\/www.lebens-qi.at\/qishop\/produkt\/taste-of-formosa-oolong-butterfly-of-taiwan\/","title":{"rendered":"Taste of Formosa &#8211; Oolong Butterfly of Taiwan"},"content":{"rendered":"<p><b>Oolong Butterfly of Taiwan<\/b><br \/>\nHalbfermentierter Tee aus Formosa<\/p>\n<p>Das mit vielen gr\u00fcnen und braunen Schattierungen versehene Blatt wird nur im <strong>taiwanesischen Hochland<\/strong> produziert. Das Unterbrechen der Fermentation zum richtigen Zeitpunkt l\u00e4sst nur die R\u00e4nder des Blattes fermentieren, der Blattkern bleibt gr\u00fcn. Diese Qualit\u00e4t ist fleischiger und feiner verarbeitet als Standard-Oolongs. Die Tasse leuchtet messingfarben. In der Infusion ist die Farbvielfalt sichtbar, denn auch hier wirken die starken Unterschiede mit intensiv-gr\u00fcnen und braunen F\u00e4rbungen. Der Tee wird gepr\u00e4gt von einer leichten Schwarztee-Note mit angenehmer S\u00fc\u00dfe und leicht brotigen Anfl\u00fcgen.<\/p>\n<p>2-3 Minuten Ziehzeit<br \/>\n90-100\u00b0 C Wassertemperatur<br \/>\n4-5 geh\u00e4ufte Teel\u00f6ffel\/1 Liter<\/p>\n<p><em><b>Zutaten:<\/b><br \/>\nhalbfermentierter Tee<\/em><\/p>\n<p><b>Inhalt:<\/b><br \/>\n80 g loser Tee in versiegelter Aromat\u00fcte<\/p>\n<p>Zeichnung auf der Etikette von Jassi Bis<\/p>\n","protected":false},"excerpt":{"rendered":"<p>halbfermentierter Tee aus Formosa (Taiwan)<\/p>\n","protected":false},"featured_media":13808,"comment_status":"open","ping_status":"closed","template":"","meta":{"_links_to":"","_links_to_target":""},"pwb-brand":[434],"product_brand":[],"product_cat":[2810,435],"product_tag":[2344,1505,1503,1506,656,1504,2343,443,2315],"class_list":{"0":"post-1882","1":"product","2":"type-product","3":"status-publish","4":"has-post-thumbnail","6":"pwb-brand-lebens-qi-teehaus-qualitaet","7":"product_cat-halbfermentierter-tee","8":"product_cat-taste-of","9":"product_tag-formosa","10":"product_tag-halbfermentierter-tee","11":"product_tag-lose","12":"product_tag-oolong","13":"product_tag-pur","14":"product_tag-spezialitaet","15":"product_tag-taiwan","16":"product_tag-tee","17":"product_tag-teehaus-qualitaet","19":"first","20":"instock","21":"taxable","22":"shipping-taxable","23":"purchasable","24":"product-type-simple"},"blog_post_layout_featured_media_urls":{"thumbnail":["https:\/\/www.lebens-qi.at\/qishop\/wp-content\/uploads\/oolong-tee-150x150.png",150,150,true],"full":["https:\/\/www.lebens-qi.at\/qishop\/wp-content\/uploads\/oolong-tee.png",800,800,false]},"categories":["434"],"categories_names":{"434":{"name":"Teehaus-Qualit\u00e4t vom LEBENS-QI","link":"https:\/\/www.lebens-qi.at\/qishop\/brand\/lebens-qi-teehaus-qualitaet\/"}},"comments_number":"0","brands":[{"id":434,"name":"Teehaus-Qualit\u00e4t vom LEBENS-QI","slug":"lebens-qi-teehaus-qualitaet"}],"_links":{"self":[{"href":"https:\/\/www.lebens-qi.at\/qishop\/wp-json\/wp\/v2\/product\/1882","targetHints":{"allow":["GET"]}}],"collection":[{"href":"https:\/\/www.lebens-qi.at\/qishop\/wp-json\/wp\/v2\/product"}],"about":[{"href":"https:\/\/www.lebens-qi.at\/qishop\/wp-json\/wp\/v2\/types\/product"}],"replies":[{"embeddable":true,"href":"https:\/\/www.lebens-qi.at\/qishop\/wp-json\/wp\/v2\/comments?post=1882"}],"wp:featuredmedia":[{"embeddable":true,"href":"https:\/\/www.lebens-qi.at\/qishop\/wp-json\/wp\/v2\/media\/13808"}],"wp:attachment":[{"href":"https:\/\/www.lebens-qi.at\/qishop\/wp-json\/wp\/v2\/media?parent=1882"}],"wp:term":[{"taxonomy":"pwb-brand","embeddable":true,"href":"https:\/\/www.lebens-qi.at\/qishop\/wp-json\/wp\/v2\/pwb-brand?post=1882"},{"taxonomy":"product_brand","embeddable":true,"href":"https:\/\/www.lebens-qi.at\/qishop\/wp-json\/wp\/v2\/product_brand?post=1882"},{"taxonomy":"product_cat","embeddable":true,"href":"https:\/\/www.lebens-qi.at\/qishop\/wp-json\/wp\/v2\/product_cat?post=1882"},{"taxonomy":"product_tag","embeddable":true,"href":"https:\/\/www.lebens-qi.at\/qishop\/wp-json\/wp\/v2\/product_tag?post=1882"}],"curies":[{"name":"wp","href":"https:\/\/api.w.org\/{rel}","templated":true}]}}