{"id":1884,"date":"2024-02-19T11:56:22","date_gmt":"2024-02-19T10:56:22","guid":{"rendered":"https:\/\/www.lebens-qi.at\/qishop\/produkt\/taste-of-south-korea-woojeon\/"},"modified":"2026-03-25T17:44:03","modified_gmt":"2026-03-25T16:44:03","slug":"taste-of-south-korea-woojeon","status":"publish","type":"product","link":"https:\/\/www.lebens-qi.at\/qishop\/produkt\/taste-of-south-korea-woojeon\/","title":{"rendered":"Taste of South Korea &#8211; Woojeon"},"content":{"rendered":"<p><b>Extra Qualit\u00e4t!<br \/>\nWoojeon<\/b><br \/>\nGr\u00fcntee aus S\u00fcdkorea<\/p>\n<p>Dieser gr\u00fcne Tee ist eine Spitzenqualit\u00e4t der koreanischen Teekultur. Er stammt von der <b>Vulkaninsel Jejudo<\/b>, s\u00fcdlich der koreanischen Halbinsel gelegen. Die vulkanischen Gesteinsschichten wirken f\u00fcr das Regenwasser wie ein nat\u00fcrlicher Filter. Dieses klare und reine Wasser ist ein wichtiger Grund f\u00fcr die Kultivierung dieses wunderbaren Produktes.<br \/>\n\u201eWoojeon\u201c bedeutet im \u00fcbertragenen Sinn \u201evor dem Regen\u201c, denn die Ernte findet von Mitte bis Ende April statt, vor dem Einsetzen des Fr\u00fchjahrsregens. Die leuchtend-flaschengr\u00fcne Tasse belohnt uns mit einem duftig <strong>grasigen und leicht nussigen<\/strong> Geschmackserlebnis.<\/p>\n<p>2-3 Minuten Ziehzeit<br \/>\n75-80\u00b0 C Wassertemperatur<br \/>\n4-5 geh\u00e4ufte Teel\u00f6ffel\/1 Liter<\/p>\n<p><em><b>Zutaten:<\/b><br \/>\ngr\u00fcner Tee<br \/>\n<\/em><br \/>\n<b>Inhalt:<\/b><br \/>\n100 g loser Tee in versiegelter Aromat\u00fcte<\/p>\n<p>Bild auf der Etikette von Jassi Bis<\/p>\n","protected":false},"excerpt":{"rendered":"<p>koreanischer Gr\u00fcntee<\/p>\n","protected":false},"featured_media":13837,"comment_status":"open","ping_status":"closed","template":"","meta":{"_links_to":"","_links_to_target":""},"pwb-brand":[434],"product_brand":[],"product_cat":[2811,435],"product_tag":[449,448,2342,2340,656,443,2315,2341],"class_list":{"0":"post-1884","1":"product","2":"type-product","3":"status-publish","4":"has-post-thumbnail","6":"pwb-brand-lebens-qi-teehaus-qualitaet","7":"product_cat-gruener-tee","8":"product_cat-taste-of","9":"product_tag-gruener-tee","10":"product_tag-gruentee","11":"product_tag-jejudo","12":"product_tag-korea","13":"product_tag-pur","14":"product_tag-tee","15":"product_tag-teehaus-qualitaet","16":"product_tag-vulkaninsel","18":"first","19":"instock","20":"taxable","21":"shipping-taxable","22":"purchasable","23":"product-type-simple"},"blog_post_layout_featured_media_urls":{"thumbnail":["https:\/\/www.lebens-qi.at\/qishop\/wp-content\/uploads\/woojeon-tee-150x150.png",150,150,true],"full":["https:\/\/www.lebens-qi.at\/qishop\/wp-content\/uploads\/woojeon-tee.png",800,800,false]},"categories":["434"],"categories_names":{"434":{"name":"Teehaus-Qualit\u00e4t vom LEBENS-QI","link":"https:\/\/www.lebens-qi.at\/qishop\/brand\/lebens-qi-teehaus-qualitaet\/"}},"comments_number":"0","brands":[{"id":434,"name":"Teehaus-Qualit\u00e4t vom LEBENS-QI","slug":"lebens-qi-teehaus-qualitaet"}],"_links":{"self":[{"href":"https:\/\/www.lebens-qi.at\/qishop\/wp-json\/wp\/v2\/product\/1884","targetHints":{"allow":["GET"]}}],"collection":[{"href":"https:\/\/www.lebens-qi.at\/qishop\/wp-json\/wp\/v2\/product"}],"about":[{"href":"https:\/\/www.lebens-qi.at\/qishop\/wp-json\/wp\/v2\/types\/product"}],"replies":[{"embeddable":true,"href":"https:\/\/www.lebens-qi.at\/qishop\/wp-json\/wp\/v2\/comments?post=1884"}],"wp:featuredmedia":[{"embeddable":true,"href":"https:\/\/www.lebens-qi.at\/qishop\/wp-json\/wp\/v2\/media\/13837"}],"wp:attachment":[{"href":"https:\/\/www.lebens-qi.at\/qishop\/wp-json\/wp\/v2\/media?parent=1884"}],"wp:term":[{"taxonomy":"pwb-brand","embeddable":true,"href":"https:\/\/www.lebens-qi.at\/qishop\/wp-json\/wp\/v2\/pwb-brand?post=1884"},{"taxonomy":"product_brand","embeddable":true,"href":"https:\/\/www.lebens-qi.at\/qishop\/wp-json\/wp\/v2\/product_brand?post=1884"},{"taxonomy":"product_cat","embeddable":true,"href":"https:\/\/www.lebens-qi.at\/qishop\/wp-json\/wp\/v2\/product_cat?post=1884"},{"taxonomy":"product_tag","embeddable":true,"href":"https:\/\/www.lebens-qi.at\/qishop\/wp-json\/wp\/v2\/product_tag?post=1884"}],"curies":[{"name":"wp","href":"https:\/\/api.w.org\/{rel}","templated":true}]}}