{"id":18877,"date":"2026-03-13T15:50:12","date_gmt":"2026-03-13T14:50:12","guid":{"rendered":"https:\/\/www.lebens-qi.at\/qishop\/?post_type=product&#038;p=18877"},"modified":"2026-03-19T11:23:30","modified_gmt":"2026-03-19T10:23:30","slug":"the-village-by-the-lake-500-teile-puzzle","status":"publish","type":"product","link":"https:\/\/www.lebens-qi.at\/qishop\/produkt\/the-village-by-the-lake-500-teile-puzzle\/","title":{"rendered":"The Village by the Lake &#8211; 500 Teile Puzzle"},"content":{"rendered":"<p><b>Sch\u00f6nes Puzzle mit dem Motiv \u201eThe Village by the Lake\u201c &#8211; Das Dorf am Ufer<\/b><\/p>\n<p>Eine wei\u00dfe Taube fliegt bei Sonnenaufgang \u00fcber den kleinen See, an dem ein verschlafenes Dorf liegt. Fr\u00fchlingsblumen und bl\u00fchende B\u00e4ume s\u00e4umen den Bildrand.<\/p>\n<p>Teileanzahl: 500 Teile<br \/>\nBildfl\u00e4che: <span class=\"spec\">47.80 x 34.20 cm<\/span><br \/>\nVerpackung: Puzzlekarton<br \/>\nMaterial: Karton<br \/>\nAlter: Puzzle f\u00fcr Erwachsene<\/p>\n<p>Copyright: \u00a9 123RF<\/p>\n<p><em><b>Achtung! <\/b>Nicht f\u00fcr Kinder unter 3 Jahren geeignet!<\/em><\/p>\n","protected":false},"excerpt":{"rendered":"<p>Das Dorf am Ufer<\/p>\n","protected":false},"featured_media":18878,"comment_status":"open","ping_status":"closed","template":"","meta":{"_links_to":"","_links_to_target":""},"pwb-brand":[2385],"product_brand":[],"product_cat":[140],"product_tag":[2065,2391,2050,2083,141,2354,2082,1156],"class_list":{"0":"post-18877","1":"product","2":"type-product","3":"status-publish","4":"has-post-thumbnail","6":"pwb-brand-alipson-puzzle","7":"product_cat-500-teile","8":"product_tag-500-teile","9":"product_tag-dorf","10":"product_tag-fruehling","11":"product_tag-landschaft","12":"product_tag-puzzle","13":"product_tag-see","14":"product_tag-sonnenaufgang","15":"product_tag-taube","17":"first","18":"instock","19":"sold-individually","20":"taxable","21":"shipping-taxable","22":"purchasable","23":"product-type-simple"},"blog_post_layout_featured_media_urls":{"thumbnail":["https:\/\/www.lebens-qi.at\/qishop\/wp-content\/uploads\/dorfamsee-puzzle-150x150.png",150,150,true],"full":["https:\/\/www.lebens-qi.at\/qishop\/wp-content\/uploads\/dorfamsee-puzzle.png",800,800,false]},"categories":["2385"],"categories_names":{"2385":{"name":"Alipson Puzzle","link":"https:\/\/www.lebens-qi.at\/qishop\/brand\/alipson-puzzle\/"}},"comments_number":"0","brands":[{"id":2385,"name":"Alipson Puzzle","slug":"alipson-puzzle"}],"_links":{"self":[{"href":"https:\/\/www.lebens-qi.at\/qishop\/wp-json\/wp\/v2\/product\/18877","targetHints":{"allow":["GET"]}}],"collection":[{"href":"https:\/\/www.lebens-qi.at\/qishop\/wp-json\/wp\/v2\/product"}],"about":[{"href":"https:\/\/www.lebens-qi.at\/qishop\/wp-json\/wp\/v2\/types\/product"}],"replies":[{"embeddable":true,"href":"https:\/\/www.lebens-qi.at\/qishop\/wp-json\/wp\/v2\/comments?post=18877"}],"wp:featuredmedia":[{"embeddable":true,"href":"https:\/\/www.lebens-qi.at\/qishop\/wp-json\/wp\/v2\/media\/18878"}],"wp:attachment":[{"href":"https:\/\/www.lebens-qi.at\/qishop\/wp-json\/wp\/v2\/media?parent=18877"}],"wp:term":[{"taxonomy":"pwb-brand","embeddable":true,"href":"https:\/\/www.lebens-qi.at\/qishop\/wp-json\/wp\/v2\/pwb-brand?post=18877"},{"taxonomy":"product_brand","embeddable":true,"href":"https:\/\/www.lebens-qi.at\/qishop\/wp-json\/wp\/v2\/product_brand?post=18877"},{"taxonomy":"product_cat","embeddable":true,"href":"https:\/\/www.lebens-qi.at\/qishop\/wp-json\/wp\/v2\/product_cat?post=18877"},{"taxonomy":"product_tag","embeddable":true,"href":"https:\/\/www.lebens-qi.at\/qishop\/wp-json\/wp\/v2\/product_tag?post=18877"}],"curies":[{"name":"wp","href":"https:\/\/api.w.org\/{rel}","templated":true}]}}