{"id":18891,"date":"2026-03-16T16:40:22","date_gmt":"2026-03-16T15:40:22","guid":{"rendered":"https:\/\/www.lebens-qi.at\/qishop\/?post_type=product&#038;p=18891"},"modified":"2026-03-19T11:23:30","modified_gmt":"2026-03-19T10:23:30","slug":"traumfaenger-raeucherstaebchenhalter-mit-amazonit","status":"publish","type":"product","link":"https:\/\/www.lebens-qi.at\/qishop\/produkt\/traumfaenger-raeucherstaebchenhalter-mit-amazonit\/","title":{"rendered":"Traumf\u00e4nger R\u00e4ucherst\u00e4bchenhalter mit Amazonit"},"content":{"rendered":"<p><b>Traumf\u00e4nger St\u00e4bchenhalter<\/b><br \/>\nR\u00e4ucherst\u00e4bchenhalter in klassischer Schiffchenform aus Holz mit feiner Traumf\u00e4nger-Gravur und eingebetteten Amazonit-Steinchen.<\/p>\n<p><b>Material:<\/b> Holz (Indische Ulme), Stein (Amazonit)<br \/>\n<b>Gr\u00f6\u00dfe:<\/b> ca. 25,5 cm lang, 5 cm breit<\/p>\n<p>Lieferumfang OHNE R\u00e4ucherst\u00e4bchen &#8211; diese am besten gleich mitbestellen!<\/p>\n","protected":false},"excerpt":{"rendered":"<p>aus Holz mit echten Steinen<\/p>\n","protected":false},"featured_media":18893,"comment_status":"open","ping_status":"closed","template":"","meta":{"_links_to":"","_links_to_target":""},"pwb-brand":[276],"product_brand":[],"product_cat":[729],"product_tag":[1261,731,730,732,680,994],"class_list":{"0":"post-18891","1":"product","2":"type-product","3":"status-publish","4":"has-post-thumbnail","6":"pwb-brand-mani-bhadra-phoenix-import","7":"product_cat-schiffchenhalter","8":"product_tag-amazonit","9":"product_tag-gondel","10":"product_tag-halter","11":"product_tag-holz","12":"product_tag-raeucherstaebchen","13":"product_tag-traumfaenger","14":"pa_herkunft-indien","16":"first","17":"instock","18":"taxable","19":"shipping-taxable","20":"purchasable","21":"product-type-simple"},"blog_post_layout_featured_media_urls":{"thumbnail":["https:\/\/www.lebens-qi.at\/qishop\/wp-content\/uploads\/6367-halter-amazonit-e1773675995737-150x150.jpg",150,150,true],"full":["https:\/\/www.lebens-qi.at\/qishop\/wp-content\/uploads\/6367-halter-amazonit-e1773675995737.jpg",580,580,false]},"categories":["276"],"categories_names":{"276":{"name":"Mani Bhadra - Phoenix Import","link":"https:\/\/www.lebens-qi.at\/qishop\/brand\/mani-bhadra-phoenix-import\/"}},"comments_number":"0","brands":[{"id":276,"name":"Mani Bhadra - Phoenix Import","slug":"mani-bhadra-phoenix-import"}],"_links":{"self":[{"href":"https:\/\/www.lebens-qi.at\/qishop\/wp-json\/wp\/v2\/product\/18891","targetHints":{"allow":["GET"]}}],"collection":[{"href":"https:\/\/www.lebens-qi.at\/qishop\/wp-json\/wp\/v2\/product"}],"about":[{"href":"https:\/\/www.lebens-qi.at\/qishop\/wp-json\/wp\/v2\/types\/product"}],"replies":[{"embeddable":true,"href":"https:\/\/www.lebens-qi.at\/qishop\/wp-json\/wp\/v2\/comments?post=18891"}],"wp:featuredmedia":[{"embeddable":true,"href":"https:\/\/www.lebens-qi.at\/qishop\/wp-json\/wp\/v2\/media\/18893"}],"wp:attachment":[{"href":"https:\/\/www.lebens-qi.at\/qishop\/wp-json\/wp\/v2\/media?parent=18891"}],"wp:term":[{"taxonomy":"pwb-brand","embeddable":true,"href":"https:\/\/www.lebens-qi.at\/qishop\/wp-json\/wp\/v2\/pwb-brand?post=18891"},{"taxonomy":"product_brand","embeddable":true,"href":"https:\/\/www.lebens-qi.at\/qishop\/wp-json\/wp\/v2\/product_brand?post=18891"},{"taxonomy":"product_cat","embeddable":true,"href":"https:\/\/www.lebens-qi.at\/qishop\/wp-json\/wp\/v2\/product_cat?post=18891"},{"taxonomy":"product_tag","embeddable":true,"href":"https:\/\/www.lebens-qi.at\/qishop\/wp-json\/wp\/v2\/product_tag?post=18891"}],"curies":[{"name":"wp","href":"https:\/\/api.w.org\/{rel}","templated":true}]}}