{"id":1892,"date":"2024-02-19T11:56:36","date_gmt":"2024-02-19T10:56:36","guid":{"rendered":"https:\/\/www.lebens-qi.at\/qishop\/?post_type=product&#038;p=1892"},"modified":"2026-03-25T15:32:20","modified_gmt":"2026-03-25T14:32:20","slug":"tasse-blueprint","status":"publish","type":"product","link":"https:\/\/www.lebens-qi.at\/qishop\/produkt\/tasse-blueprint\/","title":{"rendered":"Tasse Blueprint"},"content":{"rendered":"<p>Tasse\/H\u00e4ferl\/Becher \ud83d\ude42<\/p>\n<p><b>BLUEPRINT<\/b><\/p>\n<p>Die Kombination aus tiefblauen und cremefarbenen Akzenten verleiht diesem sch\u00f6nen Keramikbecher eine harmonische Blaudruck-Optik. Erh\u00e4ltlich in 2 verschiedenen feinen Designs: zarten Bl\u00e4ttern oder Federn. Sie bilden einen gelungenen Kontrast zum Material Keramik. Der perfekte Begleiter f\u00fcr Kr\u00e4utertees und Naturliebhaber*innen!<\/p>\n<p>Material: Steinzeug<br \/>\nInhalt: 0,35 l<br \/>\nLieferumfang: 1 Tasse in gew\u00e4hltem Design<br \/>\nHinweis: sp\u00fclmaschinen-\/mikrowellenfest<\/p>\n","protected":false},"excerpt":{"rendered":"<p>blaues Design und nat\u00fcrliche Optik<\/p>\n","protected":false},"featured_media":15587,"comment_status":"open","ping_status":"closed","template":"","meta":{"_links_to":"","_links_to_target":""},"pwb-brand":[437],"product_brand":[],"product_cat":[436],"product_tag":[1641,2247,1640,1897],"class_list":{"0":"post-1892","1":"product","2":"type-product","3":"status-publish","4":"has-post-thumbnail","6":"pwb-brand-chacult","7":"product_cat-tassen","8":"product_tag-haeferl","9":"product_tag-standort-saalfelden","10":"product_tag-tasse","11":"product_tag-teetasse","13":"first","14":"instock","15":"taxable","16":"shipping-taxable","17":"purchasable","18":"product-type-variable"},"blog_post_layout_featured_media_urls":{"thumbnail":["https:\/\/www.lebens-qi.at\/qishop\/wp-content\/uploads\/blueprint-tasse-luzy-1-150x150.jpg",150,150,true],"full":["https:\/\/www.lebens-qi.at\/qishop\/wp-content\/uploads\/blueprint-tasse-luzy-1.jpg",924,924,false]},"categories":["437"],"categories_names":{"437":{"name":"ChaCult","link":"https:\/\/www.lebens-qi.at\/qishop\/brand\/chacult\/"}},"comments_number":"0","brands":[{"id":437,"name":"ChaCult","slug":"chacult"}],"_links":{"self":[{"href":"https:\/\/www.lebens-qi.at\/qishop\/wp-json\/wp\/v2\/product\/1892","targetHints":{"allow":["GET"]}}],"collection":[{"href":"https:\/\/www.lebens-qi.at\/qishop\/wp-json\/wp\/v2\/product"}],"about":[{"href":"https:\/\/www.lebens-qi.at\/qishop\/wp-json\/wp\/v2\/types\/product"}],"replies":[{"embeddable":true,"href":"https:\/\/www.lebens-qi.at\/qishop\/wp-json\/wp\/v2\/comments?post=1892"}],"wp:featuredmedia":[{"embeddable":true,"href":"https:\/\/www.lebens-qi.at\/qishop\/wp-json\/wp\/v2\/media\/15587"}],"wp:attachment":[{"href":"https:\/\/www.lebens-qi.at\/qishop\/wp-json\/wp\/v2\/media?parent=1892"}],"wp:term":[{"taxonomy":"pwb-brand","embeddable":true,"href":"https:\/\/www.lebens-qi.at\/qishop\/wp-json\/wp\/v2\/pwb-brand?post=1892"},{"taxonomy":"product_brand","embeddable":true,"href":"https:\/\/www.lebens-qi.at\/qishop\/wp-json\/wp\/v2\/product_brand?post=1892"},{"taxonomy":"product_cat","embeddable":true,"href":"https:\/\/www.lebens-qi.at\/qishop\/wp-json\/wp\/v2\/product_cat?post=1892"},{"taxonomy":"product_tag","embeddable":true,"href":"https:\/\/www.lebens-qi.at\/qishop\/wp-json\/wp\/v2\/product_tag?post=1892"}],"curies":[{"name":"wp","href":"https:\/\/api.w.org\/{rel}","templated":true}]}}