{"id":18974,"date":"2026-03-19T11:55:49","date_gmt":"2026-03-19T10:55:49","guid":{"rendered":"https:\/\/www.lebens-qi.at\/qishop\/?post_type=product&#038;p=18974"},"modified":"2026-03-27T16:51:22","modified_gmt":"2026-03-27T15:51:22","slug":"companions-in-the-garden-1000-teile-puzzle","status":"publish","type":"product","link":"https:\/\/www.lebens-qi.at\/qishop\/produkt\/companions-in-the-garden-1000-teile-puzzle\/","title":{"rendered":"Companions in the Garden &#8211; 1000 Teile Puzzle"},"content":{"rendered":"<p><b>Sch\u00f6nes Puzzle-Motiv \u201eCompanions in the Garden\u201c \u2013 Begleiter im Garten<\/b><\/p>\n<p>Eine wei\u00dfe Katze und ein kleiner Hund genie\u00dfen das sch\u00f6ne Wetter im \u00fcppig bl\u00fchenden Garten vor einem romantischen Pavillon.<\/p>\n<p>Teileanzahl: 1000 Teile<br \/>\nBildfl\u00e4che: 69.00 x 47.80 cm<br \/>\nVerpackung: Puzzlekarton<br \/>\nMaterial: Karton<br \/>\nAlter: Puzzle f\u00fcr Erwachsene<\/p>\n<p>Copyright: 123RF<\/p>\n<p><em><b>Achtung! <\/b>Nicht f\u00fcr Kinder unter 3 Jahren geeignet!<\/em><\/p>\n","protected":false},"excerpt":{"rendered":"<p>Begleiter im Garten<\/p>\n","protected":false},"featured_media":18975,"comment_status":"open","ping_status":"closed","template":"","meta":{"_links_to":"","_links_to_target":""},"pwb-brand":[145],"product_brand":[],"product_cat":[142],"product_tag":[2045,1060,2093,1101,944,141],"class_list":{"0":"post-18974","1":"product","2":"type-product","3":"status-publish","4":"has-post-thumbnail","6":"pwb-brand-bluebird-puzzle","7":"product_cat-1000-teile","8":"product_tag-1000-teile","9":"product_tag-blumen","10":"product_tag-garten","11":"product_tag-hund","12":"product_tag-katze","13":"product_tag-puzzle","15":"first","16":"instock","17":"sold-individually","18":"taxable","19":"shipping-taxable","20":"purchasable","21":"product-type-simple"},"blog_post_layout_featured_media_urls":{"thumbnail":["https:\/\/www.lebens-qi.at\/qishop\/wp-content\/uploads\/puzzle-katze-hund-garten-150x150.png",150,150,true],"full":["https:\/\/www.lebens-qi.at\/qishop\/wp-content\/uploads\/puzzle-katze-hund-garten.png",800,800,false]},"categories":["145"],"categories_names":{"145":{"name":"Bluebird Puzzle","link":"https:\/\/www.lebens-qi.at\/qishop\/brand\/bluebird-puzzle\/"}},"comments_number":"0","brands":[{"id":145,"name":"Bluebird Puzzle","slug":"bluebird-puzzle"}],"_links":{"self":[{"href":"https:\/\/www.lebens-qi.at\/qishop\/wp-json\/wp\/v2\/product\/18974","targetHints":{"allow":["GET"]}}],"collection":[{"href":"https:\/\/www.lebens-qi.at\/qishop\/wp-json\/wp\/v2\/product"}],"about":[{"href":"https:\/\/www.lebens-qi.at\/qishop\/wp-json\/wp\/v2\/types\/product"}],"replies":[{"embeddable":true,"href":"https:\/\/www.lebens-qi.at\/qishop\/wp-json\/wp\/v2\/comments?post=18974"}],"wp:featuredmedia":[{"embeddable":true,"href":"https:\/\/www.lebens-qi.at\/qishop\/wp-json\/wp\/v2\/media\/18975"}],"wp:attachment":[{"href":"https:\/\/www.lebens-qi.at\/qishop\/wp-json\/wp\/v2\/media?parent=18974"}],"wp:term":[{"taxonomy":"pwb-brand","embeddable":true,"href":"https:\/\/www.lebens-qi.at\/qishop\/wp-json\/wp\/v2\/pwb-brand?post=18974"},{"taxonomy":"product_brand","embeddable":true,"href":"https:\/\/www.lebens-qi.at\/qishop\/wp-json\/wp\/v2\/product_brand?post=18974"},{"taxonomy":"product_cat","embeddable":true,"href":"https:\/\/www.lebens-qi.at\/qishop\/wp-json\/wp\/v2\/product_cat?post=18974"},{"taxonomy":"product_tag","embeddable":true,"href":"https:\/\/www.lebens-qi.at\/qishop\/wp-json\/wp\/v2\/product_tag?post=18974"}],"curies":[{"name":"wp","href":"https:\/\/api.w.org\/{rel}","templated":true}]}}