{"id":1901,"date":"2024-02-19T11:56:46","date_gmt":"2024-02-19T10:56:46","guid":{"rendered":"https:\/\/www.lebens-qi.at\/qishop\/produkt\/taste-of-nepal-emerald-green\/"},"modified":"2025-06-30T18:15:29","modified_gmt":"2025-06-30T16:15:29","slug":"taste-of-nepal-emerald-green","status":"publish","type":"product","link":"https:\/\/www.lebens-qi.at\/qishop\/produkt\/taste-of-nepal-emerald-green\/","title":{"rendered":"Taste of Nepal &#8211; Emerald Green"},"content":{"rendered":"<p><b>Extra Qualit\u00e4t!<br \/>\nEmerald Green<\/b><br \/>\nGr\u00fcntee aus Nepal<\/p>\n<p>Ein w\u00fcrdiger gr\u00fcner Tee, angebaut auf dem Guranse Tea Estate, in H\u00f6henlagen bis zu 2.100 m. Das Blatt ist etwas st\u00e4rker gedreht, in der Farbgebung dunkelgr\u00fcn mit silbernen Einw\u00fcrfen. Hier ist es gelungen die charakteristischen Geschmacksnoten noch starker herauszuarbeiten. Mild und weich mit duftigen, grasigen, leicht an Japan erinnernden Geschmacksnuancen. Ein ruhiger Charakter mit lebendigen Facetten.<\/p>\n<p>2-3 Minuten Ziehzeit<br \/>\n75-80\u00b0 C Wassertemperatur<br \/>\n4-5 geh\u00e4ufte Teel\u00f6ffel\/1 Liter<\/p>\n<p><em><b>Zutaten:<\/b><br \/>\ngr\u00fcner Tee<br \/>\n<\/em><br \/>\n<b>Inhalt:<\/b><br \/>\n100 g loser Tee in versiegelter Aromat\u00fcte<\/p>\n<p>Bild auf der Etikette von Meli Binder<\/p>\n","protected":false},"excerpt":{"rendered":"<p>nepalesischer Gr\u00fcntee<\/p>\n","protected":false},"featured_media":13723,"comment_status":"open","ping_status":"closed","template":"","meta":{"_links_to":"","_links_to_target":""},"pwb-brand":[434],"product_brand":[],"product_cat":[2811,435],"product_tag":[449,448,452,656,443,2315],"class_list":{"0":"post-1901","1":"product","2":"type-product","3":"status-publish","4":"has-post-thumbnail","6":"pwb-brand-lebens-qi-teehaus-qualitaet","7":"product_cat-gruener-tee","8":"product_cat-taste-of","9":"product_tag-gruener-tee","10":"product_tag-gruentee","11":"product_tag-nepal","12":"product_tag-pur","13":"product_tag-tee","14":"product_tag-teehaus-qualitaet","16":"first","17":"instock","18":"taxable","19":"shipping-taxable","20":"purchasable","21":"product-type-simple"},"blog_post_layout_featured_media_urls":{"thumbnail":["https:\/\/www.lebens-qi.at\/qishop\/wp-content\/uploads\/emeraldgreen-tee-150x150.png",150,150,true],"full":["https:\/\/www.lebens-qi.at\/qishop\/wp-content\/uploads\/emeraldgreen-tee.png",800,800,false]},"categories":["434"],"categories_names":{"434":{"name":"Teehaus-Qualit\u00e4t vom LEBENS-QI","link":"https:\/\/www.lebens-qi.at\/qishop\/brand\/lebens-qi-teehaus-qualitaet\/"}},"comments_number":"0","brands":[{"id":434,"name":"Teehaus-Qualit\u00e4t vom LEBENS-QI","slug":"lebens-qi-teehaus-qualitaet"}],"_links":{"self":[{"href":"https:\/\/www.lebens-qi.at\/qishop\/wp-json\/wp\/v2\/product\/1901","targetHints":{"allow":["GET"]}}],"collection":[{"href":"https:\/\/www.lebens-qi.at\/qishop\/wp-json\/wp\/v2\/product"}],"about":[{"href":"https:\/\/www.lebens-qi.at\/qishop\/wp-json\/wp\/v2\/types\/product"}],"replies":[{"embeddable":true,"href":"https:\/\/www.lebens-qi.at\/qishop\/wp-json\/wp\/v2\/comments?post=1901"}],"wp:featuredmedia":[{"embeddable":true,"href":"https:\/\/www.lebens-qi.at\/qishop\/wp-json\/wp\/v2\/media\/13723"}],"wp:attachment":[{"href":"https:\/\/www.lebens-qi.at\/qishop\/wp-json\/wp\/v2\/media?parent=1901"}],"wp:term":[{"taxonomy":"pwb-brand","embeddable":true,"href":"https:\/\/www.lebens-qi.at\/qishop\/wp-json\/wp\/v2\/pwb-brand?post=1901"},{"taxonomy":"product_brand","embeddable":true,"href":"https:\/\/www.lebens-qi.at\/qishop\/wp-json\/wp\/v2\/product_brand?post=1901"},{"taxonomy":"product_cat","embeddable":true,"href":"https:\/\/www.lebens-qi.at\/qishop\/wp-json\/wp\/v2\/product_cat?post=1901"},{"taxonomy":"product_tag","embeddable":true,"href":"https:\/\/www.lebens-qi.at\/qishop\/wp-json\/wp\/v2\/product_tag?post=1901"}],"curies":[{"name":"wp","href":"https:\/\/api.w.org\/{rel}","templated":true}]}}