{"id":19109,"date":"2026-03-30T23:01:55","date_gmt":"2026-03-30T21:01:55","guid":{"rendered":"https:\/\/www.lebens-qi.at\/qishop\/?post_type=product&#038;p=19109"},"modified":"2026-03-30T23:12:25","modified_gmt":"2026-03-30T21:12:25","slug":"blueten-silber-edelstahl-ring","status":"publish","type":"product","link":"https:\/\/www.lebens-qi.at\/qishop\/produkt\/blueten-silber-edelstahl-ring\/","title":{"rendered":"Bl\u00fcten silber &#8211; Edelstahl-Ring"},"content":{"rendered":"<p><strong>7 Bl\u00fcten in verschiedenen Gr\u00f6\u00dfen ergeben diesen s\u00fc\u00dfen Ring<\/strong> &#8211; ein tolles Schmuckst\u00fcck f\u00fcr die warme Jahreszeit.<\/p>\n<p>Da es sich um Edelstahl handelt, bleibt der Ring auch bei h\u00e4ufigem Tragen farblich unver\u00e4ndert. F\u00fcr lange Freude &#8211; auch bei t\u00e4glicher Verwendung. Der Ring ist an der Unterseite offen und kann daher in der Gr\u00f6\u00dfe angepasst werden.<\/p>\n<p>Material: Edelstahl<br \/>\nFarbe: silber<br \/>\nGr\u00f6\u00dfe: verstellbar von ca. 17-20 mm<br \/>\nBreite: ca. 7-10 mm<\/p>\n","protected":false},"excerpt":{"rendered":"<p>Flower-Power f\u00fcr Blumenkinder<\/p>\n","protected":false},"featured_media":19113,"comment_status":"open","ping_status":"closed","template":"","meta":{"_links_to":"","_links_to_target":""},"pwb-brand":[],"product_brand":[],"product_cat":[3165,3019,1011],"product_tag":[2131,1645,929,784,1000,118],"class_list":{"0":"post-19109","1":"product","2":"type-product","3":"status-publish","4":"has-post-thumbnail","6":"product_cat-boho-style-ringe","7":"product_cat-ostern","8":"product_cat-symbolschmuck","9":"product_tag-bluemchen","10":"product_tag-blueten","11":"product_tag-boho","12":"product_tag-edelstahl","13":"product_tag-ring","14":"product_tag-schmuck","16":"first","17":"instock","18":"sold-individually","19":"taxable","20":"shipping-taxable","21":"purchasable","22":"product-type-simple"},"blog_post_layout_featured_media_urls":{"thumbnail":["https:\/\/www.lebens-qi.at\/qishop\/wp-content\/uploads\/300_300_3_206666_0_nl_86618-bluetenring-silber-150x150.jpg",150,150,true],"full":["https:\/\/www.lebens-qi.at\/qishop\/wp-content\/uploads\/300_300_3_206666_0_nl_86618-bluetenring-silber.jpg",300,300,false]},"categories":null,"categories_names":null,"comments_number":"0","brands":[],"_links":{"self":[{"href":"https:\/\/www.lebens-qi.at\/qishop\/wp-json\/wp\/v2\/product\/19109","targetHints":{"allow":["GET"]}}],"collection":[{"href":"https:\/\/www.lebens-qi.at\/qishop\/wp-json\/wp\/v2\/product"}],"about":[{"href":"https:\/\/www.lebens-qi.at\/qishop\/wp-json\/wp\/v2\/types\/product"}],"replies":[{"embeddable":true,"href":"https:\/\/www.lebens-qi.at\/qishop\/wp-json\/wp\/v2\/comments?post=19109"}],"wp:featuredmedia":[{"embeddable":true,"href":"https:\/\/www.lebens-qi.at\/qishop\/wp-json\/wp\/v2\/media\/19113"}],"wp:attachment":[{"href":"https:\/\/www.lebens-qi.at\/qishop\/wp-json\/wp\/v2\/media?parent=19109"}],"wp:term":[{"taxonomy":"pwb-brand","embeddable":true,"href":"https:\/\/www.lebens-qi.at\/qishop\/wp-json\/wp\/v2\/pwb-brand?post=19109"},{"taxonomy":"product_brand","embeddable":true,"href":"https:\/\/www.lebens-qi.at\/qishop\/wp-json\/wp\/v2\/product_brand?post=19109"},{"taxonomy":"product_cat","embeddable":true,"href":"https:\/\/www.lebens-qi.at\/qishop\/wp-json\/wp\/v2\/product_cat?post=19109"},{"taxonomy":"product_tag","embeddable":true,"href":"https:\/\/www.lebens-qi.at\/qishop\/wp-json\/wp\/v2\/product_tag?post=19109"}],"curies":[{"name":"wp","href":"https:\/\/api.w.org\/{rel}","templated":true}]}}