{"id":1915,"date":"2024-02-19T11:57:04","date_gmt":"2024-02-19T10:57:04","guid":{"rendered":"https:\/\/www.lebens-qi.at\/qishop\/?post_type=product&#038;p=1915"},"modified":"2026-03-25T15:53:10","modified_gmt":"2026-03-25T14:53:10","slug":"tasse-willy-billy","status":"publish","type":"product","link":"https:\/\/www.lebens-qi.at\/qishop\/produkt\/tasse-willy-billy\/","title":{"rendered":"Tasse Willy &#038; Billy"},"content":{"rendered":"<p>Tasse\/H\u00e4ferl\/Becher \ud83d\ude42<\/p>\n<p><b>Willy &amp; Billy<\/b><\/p>\n<p>erh\u00e4ltlich in den 2 super-s\u00fc\u00dfen Designs &#8211; Fuchs &amp; Panda<\/p>\n<p><b>FUCHS:<\/b><br \/>\nCUTE and PRETTY fox<br \/>\n<em>&#8212; niedlicher und h\u00fcbscher Fuchs &#8212;<\/em><\/p>\n<p><b>PANDA mit kleinem Bambuszweig am Innenrand:<\/b><br \/>\nPanda Life<br \/>\n<em>&#8212; Pandaleben &#8212;<\/em><\/p>\n<p>Der rauhe Sockel im warmen Braunton sorgt f\u00fcr einen sch\u00f6nen Kontrast und interessante Haptik.<\/p>\n<p>Material: Steingut<br \/>\nInhalt: 0,4 l<br \/>\nGr\u00f6\u00dfe: H 9,5 cm, \u00d8 7 cm<br \/>\nLieferumfang: 1 Tasse im gew\u00e4hlten Design<br \/>\nHinweis: sp\u00fclmaschinen-\/mikrowellenfest<\/p>\n","protected":false},"excerpt":{"rendered":"<p>super-s\u00fc\u00dfer Becher mit 3D-Tier und Spruch<\/p>\n","protected":false},"featured_media":15604,"comment_status":"open","ping_status":"closed","template":"","meta":{"_links_to":"","_links_to_target":""},"pwb-brand":[437],"product_brand":[],"product_cat":[436],"product_tag":[2358,1641,1085,320,1640,1897],"class_list":{"0":"post-1915","1":"product","2":"type-product","3":"status-publish","4":"has-post-thumbnail","6":"pwb-brand-chacult","7":"product_cat-tassen","8":"product_tag-fuchs","9":"product_tag-haeferl","10":"product_tag-panda","11":"product_tag-spruch","12":"product_tag-tasse","13":"product_tag-teetasse","14":"pa_herkunft-china","16":"first","17":"instock","18":"taxable","19":"shipping-taxable","20":"purchasable","21":"product-type-variable"},"blog_post_layout_featured_media_urls":{"thumbnail":["https:\/\/www.lebens-qi.at\/qishop\/wp-content\/uploads\/willy-billy-1-150x150.jpg",150,150,true],"full":["https:\/\/www.lebens-qi.at\/qishop\/wp-content\/uploads\/willy-billy-1.jpg",986,986,false]},"categories":["437"],"categories_names":{"437":{"name":"ChaCult","link":"https:\/\/www.lebens-qi.at\/qishop\/brand\/chacult\/"}},"comments_number":"0","brands":[{"id":437,"name":"ChaCult","slug":"chacult"}],"_links":{"self":[{"href":"https:\/\/www.lebens-qi.at\/qishop\/wp-json\/wp\/v2\/product\/1915","targetHints":{"allow":["GET"]}}],"collection":[{"href":"https:\/\/www.lebens-qi.at\/qishop\/wp-json\/wp\/v2\/product"}],"about":[{"href":"https:\/\/www.lebens-qi.at\/qishop\/wp-json\/wp\/v2\/types\/product"}],"replies":[{"embeddable":true,"href":"https:\/\/www.lebens-qi.at\/qishop\/wp-json\/wp\/v2\/comments?post=1915"}],"wp:featuredmedia":[{"embeddable":true,"href":"https:\/\/www.lebens-qi.at\/qishop\/wp-json\/wp\/v2\/media\/15604"}],"wp:attachment":[{"href":"https:\/\/www.lebens-qi.at\/qishop\/wp-json\/wp\/v2\/media?parent=1915"}],"wp:term":[{"taxonomy":"pwb-brand","embeddable":true,"href":"https:\/\/www.lebens-qi.at\/qishop\/wp-json\/wp\/v2\/pwb-brand?post=1915"},{"taxonomy":"product_brand","embeddable":true,"href":"https:\/\/www.lebens-qi.at\/qishop\/wp-json\/wp\/v2\/product_brand?post=1915"},{"taxonomy":"product_cat","embeddable":true,"href":"https:\/\/www.lebens-qi.at\/qishop\/wp-json\/wp\/v2\/product_cat?post=1915"},{"taxonomy":"product_tag","embeddable":true,"href":"https:\/\/www.lebens-qi.at\/qishop\/wp-json\/wp\/v2\/product_tag?post=1915"}],"curies":[{"name":"wp","href":"https:\/\/api.w.org\/{rel}","templated":true}]}}