{"id":19189,"date":"2026-03-31T03:29:46","date_gmt":"2026-03-31T01:29:46","guid":{"rendered":"https:\/\/www.lebens-qi.at\/qishop\/?post_type=product&#038;p=19189"},"modified":"2026-03-31T03:39:14","modified_gmt":"2026-03-31T01:39:14","slug":"trio-stern-silber-edelstahl-ring","status":"publish","type":"product","link":"https:\/\/www.lebens-qi.at\/qishop\/produkt\/trio-stern-silber-edelstahl-ring\/","title":{"rendered":"Trio Stern silber &#8211; Edelstahl-Ring"},"content":{"rendered":"<p><strong>Stylisher Ring in 3fach-Optik mit Stern<\/strong> &#8211; trendiger Boho-Ring der aussieht, als w\u00fcrden 3 verschiedene zarte Ringe getragen werden<\/p>\n<p>Da es sich um Edelstahl handelt, bleibt der Ring auch bei h\u00e4ufigem Tragen farblich unver\u00e4ndert. F\u00fcr lange Freude &#8211; auch bei t\u00e4glicher Verwendung. Der Ring ist an der Unterseite offen und kann daher in der Gr\u00f6\u00dfe angepasst werden.<\/p>\n<p>Material: Edelstahl<br \/>\nFarbe: silber<br \/>\nGr\u00f6\u00dfe: verstellbar von ca. 17-19 mm<br \/>\nBreite: ca. 11 mm an der breitesten Stelle<\/p>\n","protected":false},"excerpt":{"rendered":"<p>mehrreihiger, trendy Boho-Ring<\/p>\n","protected":false},"featured_media":19190,"comment_status":"open","ping_status":"closed","template":"","meta":{"_links_to":"","_links_to_target":""},"pwb-brand":[],"product_brand":[],"product_cat":[3165],"product_tag":[929,784,1000,118,1854],"class_list":{"0":"post-19189","1":"product","2":"type-product","3":"status-publish","4":"has-post-thumbnail","6":"product_cat-boho-style-ringe","7":"product_tag-boho","8":"product_tag-edelstahl","9":"product_tag-ring","10":"product_tag-schmuck","11":"product_tag-stern","13":"first","14":"instock","15":"sold-individually","16":"taxable","17":"shipping-taxable","18":"purchasable","19":"product-type-simple"},"blog_post_layout_featured_media_urls":{"thumbnail":["https:\/\/www.lebens-qi.at\/qishop\/wp-content\/uploads\/300_300_3_176238_0_nl_76414-ring-trio-star-150x150.jpg",150,150,true],"full":["https:\/\/www.lebens-qi.at\/qishop\/wp-content\/uploads\/300_300_3_176238_0_nl_76414-ring-trio-star.jpg",300,300,false]},"categories":null,"categories_names":null,"comments_number":"0","brands":[],"_links":{"self":[{"href":"https:\/\/www.lebens-qi.at\/qishop\/wp-json\/wp\/v2\/product\/19189","targetHints":{"allow":["GET"]}}],"collection":[{"href":"https:\/\/www.lebens-qi.at\/qishop\/wp-json\/wp\/v2\/product"}],"about":[{"href":"https:\/\/www.lebens-qi.at\/qishop\/wp-json\/wp\/v2\/types\/product"}],"replies":[{"embeddable":true,"href":"https:\/\/www.lebens-qi.at\/qishop\/wp-json\/wp\/v2\/comments?post=19189"}],"wp:featuredmedia":[{"embeddable":true,"href":"https:\/\/www.lebens-qi.at\/qishop\/wp-json\/wp\/v2\/media\/19190"}],"wp:attachment":[{"href":"https:\/\/www.lebens-qi.at\/qishop\/wp-json\/wp\/v2\/media?parent=19189"}],"wp:term":[{"taxonomy":"pwb-brand","embeddable":true,"href":"https:\/\/www.lebens-qi.at\/qishop\/wp-json\/wp\/v2\/pwb-brand?post=19189"},{"taxonomy":"product_brand","embeddable":true,"href":"https:\/\/www.lebens-qi.at\/qishop\/wp-json\/wp\/v2\/product_brand?post=19189"},{"taxonomy":"product_cat","embeddable":true,"href":"https:\/\/www.lebens-qi.at\/qishop\/wp-json\/wp\/v2\/product_cat?post=19189"},{"taxonomy":"product_tag","embeddable":true,"href":"https:\/\/www.lebens-qi.at\/qishop\/wp-json\/wp\/v2\/product_tag?post=19189"}],"curies":[{"name":"wp","href":"https:\/\/api.w.org\/{rel}","templated":true}]}}