{"id":19194,"date":"2026-03-31T11:11:29","date_gmt":"2026-03-31T09:11:29","guid":{"rendered":"https:\/\/www.lebens-qi.at\/qishop\/?post_type=product&#038;p=19194"},"modified":"2026-03-31T11:47:51","modified_gmt":"2026-03-31T09:47:51","slug":"duo-blume-gold-edelstahl-ring","status":"publish","type":"product","link":"https:\/\/www.lebens-qi.at\/qishop\/produkt\/duo-blume-gold-edelstahl-ring\/","title":{"rendered":"Duo Blume gold &#8211; Edelstahl-Ring"},"content":{"rendered":"<p><strong>Trendy Boho-Ring in doppelter Optik mit Blume<\/strong> &#8211; super h\u00fcbscher Edelstahl-Ring der aussieht, als w\u00fcrden 2 verschiedene zarte Ringe getragen werden<\/p>\n<p>Da es sich um Edelstahl handelt, bleibt der Ring auch bei h\u00e4ufigem Tragen farblich unver\u00e4ndert. F\u00fcr lange Freude &#8211; auch bei t\u00e4glicher Verwendung. Der Ring ist an der Unterseite offen und kann daher in der Gr\u00f6\u00dfe angepasst werden.<\/p>\n<p>Material: Edelstahl<br \/>\nFarbe: gold<br \/>\nGr\u00f6\u00dfe: verstellbar von ca. 17-19 mm<br \/>\nBreite: ca. 10 mm an der breitesten Stelle<\/p>\n","protected":false},"excerpt":{"rendered":"<p>doppelreihiger, trendy Boho-Ring<\/p>\n","protected":false},"featured_media":19196,"comment_status":"open","ping_status":"closed","template":"","meta":{"_links_to":"","_links_to_target":""},"pwb-brand":[],"product_brand":[],"product_cat":[3165],"product_tag":[1777,929,784,170,1000,118],"class_list":{"0":"post-19194","1":"product","2":"type-product","3":"status-publish","4":"has-post-thumbnail","6":"product_cat-boho-style-ringe","7":"product_tag-blume","8":"product_tag-boho","9":"product_tag-edelstahl","10":"product_tag-gold","11":"product_tag-ring","12":"product_tag-schmuck","14":"first","15":"instock","16":"sold-individually","17":"taxable","18":"shipping-taxable","19":"purchasable","20":"product-type-simple"},"blog_post_layout_featured_media_urls":{"thumbnail":["https:\/\/www.lebens-qi.at\/qishop\/wp-content\/uploads\/300_300_3_176241_0_nl_76417-ring-duo-blume-150x150.jpg",150,150,true],"full":["https:\/\/www.lebens-qi.at\/qishop\/wp-content\/uploads\/300_300_3_176241_0_nl_76417-ring-duo-blume.jpg",300,300,false]},"categories":null,"categories_names":null,"comments_number":"0","brands":[],"_links":{"self":[{"href":"https:\/\/www.lebens-qi.at\/qishop\/wp-json\/wp\/v2\/product\/19194","targetHints":{"allow":["GET"]}}],"collection":[{"href":"https:\/\/www.lebens-qi.at\/qishop\/wp-json\/wp\/v2\/product"}],"about":[{"href":"https:\/\/www.lebens-qi.at\/qishop\/wp-json\/wp\/v2\/types\/product"}],"replies":[{"embeddable":true,"href":"https:\/\/www.lebens-qi.at\/qishop\/wp-json\/wp\/v2\/comments?post=19194"}],"wp:featuredmedia":[{"embeddable":true,"href":"https:\/\/www.lebens-qi.at\/qishop\/wp-json\/wp\/v2\/media\/19196"}],"wp:attachment":[{"href":"https:\/\/www.lebens-qi.at\/qishop\/wp-json\/wp\/v2\/media?parent=19194"}],"wp:term":[{"taxonomy":"pwb-brand","embeddable":true,"href":"https:\/\/www.lebens-qi.at\/qishop\/wp-json\/wp\/v2\/pwb-brand?post=19194"},{"taxonomy":"product_brand","embeddable":true,"href":"https:\/\/www.lebens-qi.at\/qishop\/wp-json\/wp\/v2\/product_brand?post=19194"},{"taxonomy":"product_cat","embeddable":true,"href":"https:\/\/www.lebens-qi.at\/qishop\/wp-json\/wp\/v2\/product_cat?post=19194"},{"taxonomy":"product_tag","embeddable":true,"href":"https:\/\/www.lebens-qi.at\/qishop\/wp-json\/wp\/v2\/product_tag?post=19194"}],"curies":[{"name":"wp","href":"https:\/\/api.w.org\/{rel}","templated":true}]}}