{"id":19215,"date":"2026-03-31T16:44:25","date_gmt":"2026-03-31T14:44:25","guid":{"rendered":"https:\/\/www.lebens-qi.at\/qishop\/?post_type=product&#038;p=19215"},"modified":"2026-03-31T17:15:18","modified_gmt":"2026-03-31T15:15:18","slug":"bunte-kristalle-goldenes-edelstahl-fusskettchen","status":"publish","type":"product","link":"https:\/\/www.lebens-qi.at\/qishop\/produkt\/bunte-kristalle-goldenes-edelstahl-fusskettchen\/","title":{"rendered":"Bunte Kristalle &#8211; goldenes Edelstahl-Fu\u00dfkettchen"},"content":{"rendered":"<p>Zartes <strong>Fu\u00dfkettchen mit 5 verschiedenf\u00e4rbigen Kristallen<\/strong> &#8211; dein glitzernder Blickfang am Kn\u00f6chel<\/p>\n<p>Da es sich um Edelstahl handelt, bleibt das Fu\u00dfkettchen auch bei h\u00e4ufigem Tragen farblich unver\u00e4ndert. F\u00fcr lange Freude \u2013 auch bei t\u00e4glicher Verwendung.<\/p>\n<p>Material: Edelstahl, Glas<br \/>\nFarbe: gold, Kristalle bunt (gr\u00fcn, flieder, rosa, hellblau, dunkelblau)<br \/>\nL\u00e4nge: ca. 21 cm + 5 cm Verl\u00e4ngerung<br \/>\nSt\u00e4rke: ca. 1 mm<br \/>\nGr\u00f6\u00dfe der Kristalle: inkl. Fassung ca. 6 mm<\/p>\n","protected":false},"excerpt":{"rendered":"<p>mit Glaskristallen in 5 Farben<\/p>\n","protected":false},"featured_media":19216,"comment_status":"open","ping_status":"closed","template":"","meta":{"_links_to":"","_links_to_target":""},"pwb-brand":[],"product_brand":[],"product_cat":[3163],"product_tag":[784,3164,170,1283,118],"class_list":{"0":"post-19215","1":"product","2":"type-product","3":"status-publish","4":"has-post-thumbnail","6":"product_cat-fusskettchen","7":"product_tag-edelstahl","8":"product_tag-fusskettchen","9":"product_tag-gold","10":"product_tag-kristalle","11":"product_tag-schmuck","13":"first","14":"instock","15":"taxable","16":"shipping-taxable","17":"purchasable","18":"product-type-simple"},"blog_post_layout_featured_media_urls":{"thumbnail":["https:\/\/www.lebens-qi.at\/qishop\/wp-content\/uploads\/300_300_3_246874_0_nl_85111_fussketter-kristalle-bunt-150x150.jpg",150,150,true],"full":["https:\/\/www.lebens-qi.at\/qishop\/wp-content\/uploads\/300_300_3_246874_0_nl_85111_fussketter-kristalle-bunt.jpg",300,300,false]},"categories":null,"categories_names":null,"comments_number":"0","brands":[],"_links":{"self":[{"href":"https:\/\/www.lebens-qi.at\/qishop\/wp-json\/wp\/v2\/product\/19215","targetHints":{"allow":["GET"]}}],"collection":[{"href":"https:\/\/www.lebens-qi.at\/qishop\/wp-json\/wp\/v2\/product"}],"about":[{"href":"https:\/\/www.lebens-qi.at\/qishop\/wp-json\/wp\/v2\/types\/product"}],"replies":[{"embeddable":true,"href":"https:\/\/www.lebens-qi.at\/qishop\/wp-json\/wp\/v2\/comments?post=19215"}],"wp:featuredmedia":[{"embeddable":true,"href":"https:\/\/www.lebens-qi.at\/qishop\/wp-json\/wp\/v2\/media\/19216"}],"wp:attachment":[{"href":"https:\/\/www.lebens-qi.at\/qishop\/wp-json\/wp\/v2\/media?parent=19215"}],"wp:term":[{"taxonomy":"pwb-brand","embeddable":true,"href":"https:\/\/www.lebens-qi.at\/qishop\/wp-json\/wp\/v2\/pwb-brand?post=19215"},{"taxonomy":"product_brand","embeddable":true,"href":"https:\/\/www.lebens-qi.at\/qishop\/wp-json\/wp\/v2\/product_brand?post=19215"},{"taxonomy":"product_cat","embeddable":true,"href":"https:\/\/www.lebens-qi.at\/qishop\/wp-json\/wp\/v2\/product_cat?post=19215"},{"taxonomy":"product_tag","embeddable":true,"href":"https:\/\/www.lebens-qi.at\/qishop\/wp-json\/wp\/v2\/product_tag?post=19215"}],"curies":[{"name":"wp","href":"https:\/\/api.w.org\/{rel}","templated":true}]}}