{"id":19227,"date":"2026-04-02T09:33:44","date_gmt":"2026-04-02T07:33:44","guid":{"rendered":"https:\/\/www.lebens-qi.at\/qishop\/?post_type=product&#038;p=19227"},"modified":"2026-04-07T11:14:25","modified_gmt":"2026-04-07T09:14:25","slug":"goldenes-edelstahl-fusskettchen-mit-weissen-steinen","status":"publish","type":"product","link":"https:\/\/www.lebens-qi.at\/qishop\/produkt\/goldenes-edelstahl-fusskettchen-mit-weissen-steinen\/","title":{"rendered":"Goldenes Edelstahl-Fu\u00dfkettchen mit wei\u00dfen Steinen"},"content":{"rendered":"<p>Mehrreihiges <strong>Fu\u00dfkettchen mit wei\u00dfen Steinchen und einem Auge-Gottes-Symbol<\/strong> &#8211; stylisches Accessoire f\u00fcr den Kn\u00f6chel, zum doppelten Umwickeln (die L\u00e4nge betr\u00e4gt ca. 44 cm)<\/p>\n<p>Da es sich um Edelstahl handelt, bleibt das Fu\u00dfkettchen auch bei h\u00e4ufigem Tragen farblich unver\u00e4ndert. F\u00fcr lange Freude \u2013 auch bei t\u00e4glicher Verwendung.<\/p>\n<p>Material: Edelstahl, Naturstein<br \/>\nFarbe: gold, mit wei\u00dfen Steinchen<br \/>\nL\u00e4nge: ca. 22 cm (doppelt gewickelt) + 5 cm Verl\u00e4ngerung<br \/>\nSt\u00e4rke der Ketten: je ca. 1 mm<br \/>\nGr\u00f6\u00dfe des Symbols: ca. 8 mm<br \/>\nSymbolbedeutung: Auge-Gottes mit Strahlen f\u00fcr Schutz, Erkenntnis, Wahrheit<br \/>\nSteingr\u00f6\u00dfe: ca. 3 mm<\/p>\n","protected":false},"excerpt":{"rendered":"<p>zum doppelten Umwickeln des Kn\u00f6chels, mit einem Auge-Gottes-Symbol<\/p>\n","protected":false},"featured_media":19230,"comment_status":"open","ping_status":"closed","template":"","meta":{"_links_to":"","_links_to_target":""},"pwb-brand":[],"product_brand":[],"product_cat":[3168,3163],"product_tag":[3166,929,784,3164,170,118],"class_list":{"0":"post-19227","1":"product","2":"type-product","3":"status-publish","4":"has-post-thumbnail","6":"product_cat-fuer-goettinnen-weibliche-kraft","7":"product_cat-fusskettchen","8":"product_tag-auge-gottes","9":"product_tag-boho","10":"product_tag-edelstahl","11":"product_tag-fusskettchen","12":"product_tag-gold","13":"product_tag-schmuck","15":"first","16":"instock","17":"taxable","18":"shipping-taxable","19":"purchasable","20":"product-type-simple"},"blog_post_layout_featured_media_urls":{"thumbnail":["https:\/\/www.lebens-qi.at\/qishop\/wp-content\/uploads\/300_300_3_202834_0_nl_84895-fusskettchen-gold-150x150.jpg",150,150,true],"full":["https:\/\/www.lebens-qi.at\/qishop\/wp-content\/uploads\/300_300_3_202834_0_nl_84895-fusskettchen-gold.jpg",300,300,false]},"categories":null,"categories_names":null,"comments_number":"0","brands":[],"_links":{"self":[{"href":"https:\/\/www.lebens-qi.at\/qishop\/wp-json\/wp\/v2\/product\/19227","targetHints":{"allow":["GET"]}}],"collection":[{"href":"https:\/\/www.lebens-qi.at\/qishop\/wp-json\/wp\/v2\/product"}],"about":[{"href":"https:\/\/www.lebens-qi.at\/qishop\/wp-json\/wp\/v2\/types\/product"}],"replies":[{"embeddable":true,"href":"https:\/\/www.lebens-qi.at\/qishop\/wp-json\/wp\/v2\/comments?post=19227"}],"wp:featuredmedia":[{"embeddable":true,"href":"https:\/\/www.lebens-qi.at\/qishop\/wp-json\/wp\/v2\/media\/19230"}],"wp:attachment":[{"href":"https:\/\/www.lebens-qi.at\/qishop\/wp-json\/wp\/v2\/media?parent=19227"}],"wp:term":[{"taxonomy":"pwb-brand","embeddable":true,"href":"https:\/\/www.lebens-qi.at\/qishop\/wp-json\/wp\/v2\/pwb-brand?post=19227"},{"taxonomy":"product_brand","embeddable":true,"href":"https:\/\/www.lebens-qi.at\/qishop\/wp-json\/wp\/v2\/product_brand?post=19227"},{"taxonomy":"product_cat","embeddable":true,"href":"https:\/\/www.lebens-qi.at\/qishop\/wp-json\/wp\/v2\/product_cat?post=19227"},{"taxonomy":"product_tag","embeddable":true,"href":"https:\/\/www.lebens-qi.at\/qishop\/wp-json\/wp\/v2\/product_tag?post=19227"}],"curies":[{"name":"wp","href":"https:\/\/api.w.org\/{rel}","templated":true}]}}