{"id":19238,"date":"2026-04-02T12:06:06","date_gmt":"2026-04-02T10:06:06","guid":{"rendered":"https:\/\/www.lebens-qi.at\/qishop\/?post_type=product&#038;p=19238"},"modified":"2026-04-07T19:37:25","modified_gmt":"2026-04-07T17:37:25","slug":"duo-gold-edelstahl-fusskettchen","status":"publish","type":"product","link":"https:\/\/www.lebens-qi.at\/qishop\/produkt\/duo-gold-edelstahl-fusskettchen\/","title":{"rendered":"Duo Gold &#8211; Edelstahl-Fu\u00dfkettchen"},"content":{"rendered":"<p>Doppelreihiges <strong>Fu\u00dfkettchen bestehend aus Schlangenkette und Kugerlkette <\/strong>\u00a0&#8211; Eleganz f\u00fcr den Kn\u00f6chel<\/p>\n<p>Da es sich um Edelstahl handelt, bleibt das Fu\u00dfkettchen auch bei h\u00e4ufigem Tragen farblich unver\u00e4ndert. F\u00fcr lange Freude \u2013 auch bei t\u00e4glicher Verwendung.<\/p>\n<p>Material: Edelstahl<br \/>\nFarbe: gold<br \/>\nL\u00e4nge: ca. 22 cm + 5 cm Verl\u00e4ngerung<br \/>\nSt\u00e4rke der Ketten: je ca. 1 und 4 mm<br \/>\nGr\u00f6\u00dfe der Kugerln: ca. 2 mm<\/p>\n","protected":false},"excerpt":{"rendered":"<p>kombinierte Schlangen- und Kugelkette<\/p>\n","protected":false},"featured_media":19245,"comment_status":"open","ping_status":"closed","template":"","meta":{"_links_to":"","_links_to_target":""},"pwb-brand":[],"product_brand":[],"product_cat":[3163],"product_tag":[784,3164,170,118],"class_list":{"0":"post-19238","1":"product","2":"type-product","3":"status-publish","4":"has-post-thumbnail","6":"product_cat-fusskettchen","7":"product_tag-edelstahl","8":"product_tag-fusskettchen","9":"product_tag-gold","10":"product_tag-schmuck","12":"first","13":"instock","14":"taxable","15":"shipping-taxable","16":"purchasable","17":"product-type-simple"},"blog_post_layout_featured_media_urls":{"thumbnail":["https:\/\/www.lebens-qi.at\/qishop\/wp-content\/uploads\/300_300_3_203194_0_nl_85147-fussketterl-gold-150x150.jpg",150,150,true],"full":["https:\/\/www.lebens-qi.at\/qishop\/wp-content\/uploads\/300_300_3_203194_0_nl_85147-fussketterl-gold.jpg",300,300,false]},"categories":null,"categories_names":null,"comments_number":"0","brands":[],"_links":{"self":[{"href":"https:\/\/www.lebens-qi.at\/qishop\/wp-json\/wp\/v2\/product\/19238","targetHints":{"allow":["GET"]}}],"collection":[{"href":"https:\/\/www.lebens-qi.at\/qishop\/wp-json\/wp\/v2\/product"}],"about":[{"href":"https:\/\/www.lebens-qi.at\/qishop\/wp-json\/wp\/v2\/types\/product"}],"replies":[{"embeddable":true,"href":"https:\/\/www.lebens-qi.at\/qishop\/wp-json\/wp\/v2\/comments?post=19238"}],"wp:featuredmedia":[{"embeddable":true,"href":"https:\/\/www.lebens-qi.at\/qishop\/wp-json\/wp\/v2\/media\/19245"}],"wp:attachment":[{"href":"https:\/\/www.lebens-qi.at\/qishop\/wp-json\/wp\/v2\/media?parent=19238"}],"wp:term":[{"taxonomy":"pwb-brand","embeddable":true,"href":"https:\/\/www.lebens-qi.at\/qishop\/wp-json\/wp\/v2\/pwb-brand?post=19238"},{"taxonomy":"product_brand","embeddable":true,"href":"https:\/\/www.lebens-qi.at\/qishop\/wp-json\/wp\/v2\/product_brand?post=19238"},{"taxonomy":"product_cat","embeddable":true,"href":"https:\/\/www.lebens-qi.at\/qishop\/wp-json\/wp\/v2\/product_cat?post=19238"},{"taxonomy":"product_tag","embeddable":true,"href":"https:\/\/www.lebens-qi.at\/qishop\/wp-json\/wp\/v2\/product_tag?post=19238"}],"curies":[{"name":"wp","href":"https:\/\/api.w.org\/{rel}","templated":true}]}}