{"id":19246,"date":"2026-04-02T17:48:15","date_gmt":"2026-04-02T15:48:15","guid":{"rendered":"https:\/\/www.lebens-qi.at\/qishop\/?post_type=product&#038;p=19246"},"modified":"2026-04-07T19:41:39","modified_gmt":"2026-04-07T17:41:39","slug":"duo-silber-edelstahl-fusskettchen","status":"publish","type":"product","link":"https:\/\/www.lebens-qi.at\/qishop\/produkt\/duo-silber-edelstahl-fusskettchen\/","title":{"rendered":"Duo Silber &#8211; Edelstahl-Fu\u00dfkettchen"},"content":{"rendered":"<p>Doppelreihiges <strong>Fu\u00dfkettchen bestehend aus Schlangenkette und Kugerlkette <\/strong>\u00a0&#8211; Eleganz f\u00fcr den Kn\u00f6chel<\/p>\n<p>Da es sich um Edelstahl handelt, bleibt das Fu\u00dfkettchen auch bei h\u00e4ufigem Tragen farblich unver\u00e4ndert. F\u00fcr lange Freude \u2013 auch bei t\u00e4glicher Verwendung.<\/p>\n<p>Material: Edelstahl<br \/>\nFarbe: silber<br \/>\nL\u00e4nge: ca. 22 cm + 5 cm Verl\u00e4ngerung<br \/>\nSt\u00e4rke der Ketten: je ca. 1 und 4 mm<br \/>\nGr\u00f6\u00dfe der Kugerln: ca. 2 mm<\/p>\n","protected":false},"excerpt":{"rendered":"<p>kombinierte Schlangen- und Kugelkette<\/p>\n","protected":false},"featured_media":19247,"comment_status":"open","ping_status":"closed","template":"","meta":{"_links_to":"","_links_to_target":""},"pwb-brand":[],"product_brand":[],"product_cat":[3163],"product_tag":[784,3164,118],"class_list":{"0":"post-19246","1":"product","2":"type-product","3":"status-publish","4":"has-post-thumbnail","6":"product_cat-fusskettchen","7":"product_tag-edelstahl","8":"product_tag-fusskettchen","9":"product_tag-schmuck","11":"first","12":"instock","13":"taxable","14":"shipping-taxable","15":"purchasable","16":"product-type-simple"},"blog_post_layout_featured_media_urls":{"thumbnail":["https:\/\/www.lebens-qi.at\/qishop\/wp-content\/uploads\/300_300_3_220438_0_nl_85148__1_fussketterl-silber-150x150.jpg",150,150,true],"full":["https:\/\/www.lebens-qi.at\/qishop\/wp-content\/uploads\/300_300_3_220438_0_nl_85148__1_fussketterl-silber.jpg",300,300,false]},"categories":null,"categories_names":null,"comments_number":"0","brands":[],"_links":{"self":[{"href":"https:\/\/www.lebens-qi.at\/qishop\/wp-json\/wp\/v2\/product\/19246","targetHints":{"allow":["GET"]}}],"collection":[{"href":"https:\/\/www.lebens-qi.at\/qishop\/wp-json\/wp\/v2\/product"}],"about":[{"href":"https:\/\/www.lebens-qi.at\/qishop\/wp-json\/wp\/v2\/types\/product"}],"replies":[{"embeddable":true,"href":"https:\/\/www.lebens-qi.at\/qishop\/wp-json\/wp\/v2\/comments?post=19246"}],"wp:featuredmedia":[{"embeddable":true,"href":"https:\/\/www.lebens-qi.at\/qishop\/wp-json\/wp\/v2\/media\/19247"}],"wp:attachment":[{"href":"https:\/\/www.lebens-qi.at\/qishop\/wp-json\/wp\/v2\/media?parent=19246"}],"wp:term":[{"taxonomy":"pwb-brand","embeddable":true,"href":"https:\/\/www.lebens-qi.at\/qishop\/wp-json\/wp\/v2\/pwb-brand?post=19246"},{"taxonomy":"product_brand","embeddable":true,"href":"https:\/\/www.lebens-qi.at\/qishop\/wp-json\/wp\/v2\/product_brand?post=19246"},{"taxonomy":"product_cat","embeddable":true,"href":"https:\/\/www.lebens-qi.at\/qishop\/wp-json\/wp\/v2\/product_cat?post=19246"},{"taxonomy":"product_tag","embeddable":true,"href":"https:\/\/www.lebens-qi.at\/qishop\/wp-json\/wp\/v2\/product_tag?post=19246"}],"curies":[{"name":"wp","href":"https:\/\/api.w.org\/{rel}","templated":true}]}}