{"id":19265,"date":"2026-04-08T17:04:34","date_gmt":"2026-04-08T15:04:34","guid":{"rendered":"https:\/\/www.lebens-qi.at\/qishop\/?post_type=product&#038;p=19265"},"modified":"2026-04-17T04:50:19","modified_gmt":"2026-04-17T02:50:19","slug":"edelstahl-schlangenkette-gold","status":"publish","type":"product","link":"https:\/\/www.lebens-qi.at\/qishop\/produkt\/edelstahl-schlangenkette-gold\/","title":{"rendered":"Edelstahl Schlangenkette gold"},"content":{"rendered":"<p><strong>Schlangenkette<\/strong> mit Karabiner-Verschluss und Verl\u00e4ngerung<br \/>\nL\u00e4nge: ca. 45 cm inkl. 6 cm Verl\u00e4ngerung<br \/>\nSt\u00e4rke: ca. 1 mm<br \/>\nMaterial: Edelstahl<br \/>\nFarbe: Gold<br \/>\nPassend f\u00fcr Anh\u00e4nger mit \u00d6se<\/p>\n<p><b>Lieferumfang: <\/b>1 Kette ohne Anh\u00e4nger<\/p>\n<p>&nbsp;<\/p>\n","protected":false},"excerpt":{"rendered":"<p>mit Verl\u00e4ngerungskette<\/p>\n","protected":false},"featured_media":19270,"comment_status":"open","ping_status":"closed","template":"","meta":{"_links_to":"","_links_to_target":""},"pwb-brand":[],"product_brand":[],"product_cat":[1633],"product_tag":[784,170,1864,997,1870],"class_list":{"0":"post-19265","1":"product","2":"type-product","3":"status-publish","4":"has-post-thumbnail","6":"product_cat-ketten-baender","7":"product_tag-edelstahl","8":"product_tag-gold","9":"product_tag-halskette","10":"product_tag-kette","11":"product_tag-schlangenkette","13":"first","14":"instock","15":"taxable","16":"shipping-taxable","17":"purchasable","18":"product-type-simple"},"blog_post_layout_featured_media_urls":{"thumbnail":["https:\/\/www.lebens-qi.at\/qishop\/wp-content\/uploads\/300_300_3_214408_0_nl_88477-schlangenkette-gold-150x150.jpg",150,150,true],"full":["https:\/\/www.lebens-qi.at\/qishop\/wp-content\/uploads\/300_300_3_214408_0_nl_88477-schlangenkette-gold.jpg",300,300,false]},"categories":null,"categories_names":null,"comments_number":"0","brands":[],"_links":{"self":[{"href":"https:\/\/www.lebens-qi.at\/qishop\/wp-json\/wp\/v2\/product\/19265","targetHints":{"allow":["GET"]}}],"collection":[{"href":"https:\/\/www.lebens-qi.at\/qishop\/wp-json\/wp\/v2\/product"}],"about":[{"href":"https:\/\/www.lebens-qi.at\/qishop\/wp-json\/wp\/v2\/types\/product"}],"replies":[{"embeddable":true,"href":"https:\/\/www.lebens-qi.at\/qishop\/wp-json\/wp\/v2\/comments?post=19265"}],"wp:featuredmedia":[{"embeddable":true,"href":"https:\/\/www.lebens-qi.at\/qishop\/wp-json\/wp\/v2\/media\/19270"}],"wp:attachment":[{"href":"https:\/\/www.lebens-qi.at\/qishop\/wp-json\/wp\/v2\/media?parent=19265"}],"wp:term":[{"taxonomy":"pwb-brand","embeddable":true,"href":"https:\/\/www.lebens-qi.at\/qishop\/wp-json\/wp\/v2\/pwb-brand?post=19265"},{"taxonomy":"product_brand","embeddable":true,"href":"https:\/\/www.lebens-qi.at\/qishop\/wp-json\/wp\/v2\/product_brand?post=19265"},{"taxonomy":"product_cat","embeddable":true,"href":"https:\/\/www.lebens-qi.at\/qishop\/wp-json\/wp\/v2\/product_cat?post=19265"},{"taxonomy":"product_tag","embeddable":true,"href":"https:\/\/www.lebens-qi.at\/qishop\/wp-json\/wp\/v2\/product_tag?post=19265"}],"curies":[{"name":"wp","href":"https:\/\/api.w.org\/{rel}","templated":true}]}}