{"id":19286,"date":"2026-04-10T11:39:59","date_gmt":"2026-04-10T09:39:59","guid":{"rendered":"https:\/\/www.lebens-qi.at\/qishop\/?post_type=product&#038;p=19286"},"modified":"2026-04-10T14:49:19","modified_gmt":"2026-04-10T12:49:19","slug":"tasse-hina-wildblumenwiese","status":"publish","type":"product","link":"https:\/\/www.lebens-qi.at\/qishop\/produkt\/tasse-hina-wildblumenwiese\/","title":{"rendered":"Tasse Hina &#8211; Wildblumenwiese"},"content":{"rendered":"<p>Tasse\/H\u00e4ferl\/Becher \ud83d\ude42<\/p>\n<p><b>&#8222;Hina&#8220; &#8211; sommerliche Wildblumenwiese\u00a0<\/b><\/p>\n<p>Bunte Blumen und Kr\u00e4uter auf gr\u00fcnem Hintergrund: strahlendgelb, zartrosa oder hellrot, diese Bl\u00fctenpracht sorgt f\u00fcr gute Laune und entf\u00fchrt uns auf eine Sommerwiese mit Wildblumen. In Kombination mit dem naturfarbenen, unglasierten Sockel erh\u00e4lt der Artikel eine nat\u00fcrliche Optik. Der Becher aus Steinzeug hat ein schlanke Silhouette und liegt durch den Griff angenehm in der Hand. Die mittlere F\u00fcllmenge von 0,35 l erm\u00f6glicht den Genuss verschiedener Hei\u00dfgetr\u00e4nke. Ob als farbenfroher Hingucker im K\u00fcchenregal oder f\u00fcr gem\u00fctliche Teemomente zum Tr\u00e4umen, dieser Becher sorgt f\u00fcr Lebensfreude pur!<\/p>\n<p>Passend dazu gibt es auch die <a href=\"https:\/\/www.lebens-qi.at\/qishop\/produkt\/kanne-hina-wildblumenwiese\/\">Teekanne Hina<\/a><\/p>\n<p>Material: Steinzeug mit Relief<br \/>\nInhalt: 0,35 l<br \/>\nGr\u00f6\u00dfe: H 13,2 cm, \u00d8 10,9 cm<br \/>\nLieferumfang: 1 Tasse<br \/>\nHinweis: sp\u00fclmaschinen-\/mikrowellenfest<\/p>\n","protected":false},"excerpt":{"rendered":"<p>sommerliches Design in nat\u00fcrlicher Optik<\/p>\n","protected":false},"featured_media":19287,"comment_status":"open","ping_status":"closed","template":"","meta":{"_links_to":"","_links_to_target":""},"pwb-brand":[437],"product_brand":[],"product_cat":[436],"product_tag":[1060,1641,306,859,1898,1640,443],"class_list":{"0":"post-19286","1":"product","2":"type-product","3":"status-publish","4":"has-post-thumbnail","6":"pwb-brand-chacult","7":"product_cat-tassen","8":"product_tag-blumen","9":"product_tag-haeferl","10":"product_tag-kraeuter","11":"product_tag-natur","12":"product_tag-relief","13":"product_tag-tasse","14":"product_tag-tee","15":"pa_herkunft-china","17":"first","18":"instock","19":"taxable","20":"shipping-taxable","21":"purchasable","22":"product-type-simple"},"blog_post_layout_featured_media_urls":{"thumbnail":["https:\/\/www.lebens-qi.at\/qishop\/wp-content\/uploads\/36555-Becher-Hina-Steinzeug-mit-Relief-150x150.png",150,150,true],"full":["https:\/\/www.lebens-qi.at\/qishop\/wp-content\/uploads\/36555-Becher-Hina-Steinzeug-mit-Relief.png",700,701,false]},"categories":["437"],"categories_names":{"437":{"name":"ChaCult","link":"https:\/\/www.lebens-qi.at\/qishop\/brand\/chacult\/"}},"comments_number":"0","brands":[{"id":437,"name":"ChaCult","slug":"chacult"}],"_links":{"self":[{"href":"https:\/\/www.lebens-qi.at\/qishop\/wp-json\/wp\/v2\/product\/19286","targetHints":{"allow":["GET"]}}],"collection":[{"href":"https:\/\/www.lebens-qi.at\/qishop\/wp-json\/wp\/v2\/product"}],"about":[{"href":"https:\/\/www.lebens-qi.at\/qishop\/wp-json\/wp\/v2\/types\/product"}],"replies":[{"embeddable":true,"href":"https:\/\/www.lebens-qi.at\/qishop\/wp-json\/wp\/v2\/comments?post=19286"}],"wp:featuredmedia":[{"embeddable":true,"href":"https:\/\/www.lebens-qi.at\/qishop\/wp-json\/wp\/v2\/media\/19287"}],"wp:attachment":[{"href":"https:\/\/www.lebens-qi.at\/qishop\/wp-json\/wp\/v2\/media?parent=19286"}],"wp:term":[{"taxonomy":"pwb-brand","embeddable":true,"href":"https:\/\/www.lebens-qi.at\/qishop\/wp-json\/wp\/v2\/pwb-brand?post=19286"},{"taxonomy":"product_brand","embeddable":true,"href":"https:\/\/www.lebens-qi.at\/qishop\/wp-json\/wp\/v2\/product_brand?post=19286"},{"taxonomy":"product_cat","embeddable":true,"href":"https:\/\/www.lebens-qi.at\/qishop\/wp-json\/wp\/v2\/product_cat?post=19286"},{"taxonomy":"product_tag","embeddable":true,"href":"https:\/\/www.lebens-qi.at\/qishop\/wp-json\/wp\/v2\/product_tag?post=19286"}],"curies":[{"name":"wp","href":"https:\/\/api.w.org\/{rel}","templated":true}]}}