{"id":19289,"date":"2026-04-10T12:05:38","date_gmt":"2026-04-10T10:05:38","guid":{"rendered":"https:\/\/www.lebens-qi.at\/qishop\/?post_type=product&#038;p=19289"},"modified":"2026-04-10T14:42:39","modified_gmt":"2026-04-10T12:42:39","slug":"kanne-hina-wildblumenwiese","status":"publish","type":"product","link":"https:\/\/www.lebens-qi.at\/qishop\/produkt\/kanne-hina-wildblumenwiese\/","title":{"rendered":"Kanne Hina &#8211; Wildblumenwiese"},"content":{"rendered":"<p>Kanne f\u00fcr Tee oder Kaffee<\/p>\n<p><b>\u201eHina\u201c \u2013 sommerliche Wildblumenwiese\u00a0<\/b><\/p>\n<p>Bunte Blumen und Kr\u00e4uter auf gr\u00fcnem Hintergrund: strahlendgelb, zartrosa oder hellrot, diese Bl\u00fctenpracht sorgt f\u00fcr gute Laune und entf\u00fchrt uns auf eine Sommerwiese mit Wildblumen. In Kombination mit dem naturfarbenen, unglasierten Sockel erh\u00e4lt der Artikel eine nat\u00fcrliche Optik. Die Kanne aus Steinzeug \u00fcberzeugt durch die moderne Form, die gro\u00dfe Deckel\u00f6ffnung erm\u00f6glicht ein komfortables Handling und die breite Abstellfl\u00e4che sorgt f\u00fcr einen sicheren Stand. Mit einer F\u00fcllmenge von 0,9 l eignet sich diese Kanne f\u00fcr die Zubereitung von 3 bis 4 H\u00e4ferl Tee. Ob als farbenfroher Hingucker im K\u00fcchenregal oder f\u00fcr gem\u00fctliche Teemomente zum Tr\u00e4umen, dieser Becher sorgt f\u00fcr Lebensfreude pur!<\/p>\n<p>Passend dazu gibt es auch die Tassen Hina<\/p>\n<p>Material: Steinzeug mit Relief<br \/>\nInhalt: 0,9 l<br \/>\nGr\u00f6\u00dfe: H inkl. Deckel ca 13,5 cm<br \/>\nLieferumfang: 1 Tasse<br \/>\nHinweis: sp\u00fclmaschinen-\/mikrowellenfest<\/p>\n<p>&nbsp;<\/p>\n<p>&nbsp;<\/p>\n","protected":false},"excerpt":{"rendered":"<p>sommerliches Design in nat\u00fcrlicher Optik<\/p>\n","protected":false},"featured_media":19290,"comment_status":"open","ping_status":"closed","template":"","meta":{"_links_to":"","_links_to_target":""},"pwb-brand":[437],"product_brand":[],"product_cat":[441],"product_tag":[1060,1642,2650,306,859,1898,443,2649],"class_list":{"0":"post-19289","1":"product","2":"type-product","3":"status-publish","4":"has-post-thumbnail","6":"pwb-brand-chacult","7":"product_cat-kannen","8":"product_tag-blumen","9":"product_tag-kaffee","10":"product_tag-kanne","11":"product_tag-kraeuter","12":"product_tag-natur","13":"product_tag-relief","14":"product_tag-tee","15":"product_tag-teekanne","16":"pa_herkunft-china","18":"first","19":"instock","20":"taxable","21":"shipping-taxable","22":"purchasable","23":"product-type-simple"},"blog_post_layout_featured_media_urls":{"thumbnail":["https:\/\/www.lebens-qi.at\/qishop\/wp-content\/uploads\/36554-Kanne-Hina-Steinzeug-mit-Relief-150x150.png",150,150,true],"full":["https:\/\/www.lebens-qi.at\/qishop\/wp-content\/uploads\/36554-Kanne-Hina-Steinzeug-mit-Relief.png",751,750,false]},"categories":["437"],"categories_names":{"437":{"name":"ChaCult","link":"https:\/\/www.lebens-qi.at\/qishop\/brand\/chacult\/"}},"comments_number":"0","brands":[{"id":437,"name":"ChaCult","slug":"chacult"}],"_links":{"self":[{"href":"https:\/\/www.lebens-qi.at\/qishop\/wp-json\/wp\/v2\/product\/19289","targetHints":{"allow":["GET"]}}],"collection":[{"href":"https:\/\/www.lebens-qi.at\/qishop\/wp-json\/wp\/v2\/product"}],"about":[{"href":"https:\/\/www.lebens-qi.at\/qishop\/wp-json\/wp\/v2\/types\/product"}],"replies":[{"embeddable":true,"href":"https:\/\/www.lebens-qi.at\/qishop\/wp-json\/wp\/v2\/comments?post=19289"}],"wp:featuredmedia":[{"embeddable":true,"href":"https:\/\/www.lebens-qi.at\/qishop\/wp-json\/wp\/v2\/media\/19290"}],"wp:attachment":[{"href":"https:\/\/www.lebens-qi.at\/qishop\/wp-json\/wp\/v2\/media?parent=19289"}],"wp:term":[{"taxonomy":"pwb-brand","embeddable":true,"href":"https:\/\/www.lebens-qi.at\/qishop\/wp-json\/wp\/v2\/pwb-brand?post=19289"},{"taxonomy":"product_brand","embeddable":true,"href":"https:\/\/www.lebens-qi.at\/qishop\/wp-json\/wp\/v2\/product_brand?post=19289"},{"taxonomy":"product_cat","embeddable":true,"href":"https:\/\/www.lebens-qi.at\/qishop\/wp-json\/wp\/v2\/product_cat?post=19289"},{"taxonomy":"product_tag","embeddable":true,"href":"https:\/\/www.lebens-qi.at\/qishop\/wp-json\/wp\/v2\/product_tag?post=19289"}],"curies":[{"name":"wp","href":"https:\/\/api.w.org\/{rel}","templated":true}]}}