{"id":19291,"date":"2026-04-10T12:22:31","date_gmt":"2026-04-10T10:22:31","guid":{"rendered":"https:\/\/www.lebens-qi.at\/qishop\/?post_type=product&#038;p=19291"},"modified":"2026-04-10T20:27:30","modified_gmt":"2026-04-10T18:27:30","slug":"tasse-ladina","status":"publish","type":"product","link":"https:\/\/www.lebens-qi.at\/qishop\/produkt\/tasse-ladina\/","title":{"rendered":"Tasse Ladina"},"content":{"rendered":"<p>H\u00e4ferl\/Tasse<\/p>\n<p><b>Ladina<\/b><\/p>\n<p>mit modernem Design<\/p>\n<p><b>Herzen <\/b>oder <strong>Pfeile<\/strong><\/p>\n<p>Ein Becher der durch schlichte Eleganz und dezente, handbemalte Akzente gl\u00e4nzt. Die klassische H\u00e4ferlform, im Zusammenspiel mit den schwarzen P\u00fcnktchen und pastellrosa Designelementen, macht diese Tassen auch zu perfekten Geschenksartikeln.<\/p>\n<p>Material: Steinzeug<br \/>\nInhalt: 0,28 l<br \/>\nGr\u00f6\u00dfe: H 8 cm, \u00d8 9,5 cm<br \/>\nLieferumfang: 1 Tasse im gew\u00e4hlten Design<br \/>\nHinweis: sp\u00fclmaschinenfest, mikrowellenfest<\/p>\n","protected":false},"excerpt":{"rendered":"<p>aus Steinzeug in 2 Designs<\/p>\n","protected":false},"featured_media":19294,"comment_status":"open","ping_status":"closed","template":"","meta":{"_links_to":"","_links_to_target":""},"pwb-brand":[437],"product_brand":[],"product_cat":[3020,436],"product_tag":[1641,2918,1478,2302,1640],"class_list":{"0":"post-19291","1":"product","2":"type-product","3":"status-publish","4":"has-post-thumbnail","6":"pwb-brand-chacult","7":"product_cat-hochzeit","8":"product_cat-tassen","9":"product_tag-haeferl","10":"product_tag-handbemalt","11":"product_tag-herz","12":"product_tag-steinzeug","13":"product_tag-tasse","14":"pa_herkunft-thailand","16":"first","17":"instock","18":"taxable","19":"shipping-taxable","20":"purchasable","21":"product-type-variable"},"blog_post_layout_featured_media_urls":{"thumbnail":["https:\/\/www.lebens-qi.at\/qishop\/wp-content\/uploads\/haeferl-ladina-150x150.png",150,150,true],"full":["https:\/\/www.lebens-qi.at\/qishop\/wp-content\/uploads\/haeferl-ladina.png",800,800,false]},"categories":["437"],"categories_names":{"437":{"name":"ChaCult","link":"https:\/\/www.lebens-qi.at\/qishop\/brand\/chacult\/"}},"comments_number":"0","brands":[{"id":437,"name":"ChaCult","slug":"chacult"}],"_links":{"self":[{"href":"https:\/\/www.lebens-qi.at\/qishop\/wp-json\/wp\/v2\/product\/19291","targetHints":{"allow":["GET"]}}],"collection":[{"href":"https:\/\/www.lebens-qi.at\/qishop\/wp-json\/wp\/v2\/product"}],"about":[{"href":"https:\/\/www.lebens-qi.at\/qishop\/wp-json\/wp\/v2\/types\/product"}],"replies":[{"embeddable":true,"href":"https:\/\/www.lebens-qi.at\/qishop\/wp-json\/wp\/v2\/comments?post=19291"}],"wp:featuredmedia":[{"embeddable":true,"href":"https:\/\/www.lebens-qi.at\/qishop\/wp-json\/wp\/v2\/media\/19294"}],"wp:attachment":[{"href":"https:\/\/www.lebens-qi.at\/qishop\/wp-json\/wp\/v2\/media?parent=19291"}],"wp:term":[{"taxonomy":"pwb-brand","embeddable":true,"href":"https:\/\/www.lebens-qi.at\/qishop\/wp-json\/wp\/v2\/pwb-brand?post=19291"},{"taxonomy":"product_brand","embeddable":true,"href":"https:\/\/www.lebens-qi.at\/qishop\/wp-json\/wp\/v2\/product_brand?post=19291"},{"taxonomy":"product_cat","embeddable":true,"href":"https:\/\/www.lebens-qi.at\/qishop\/wp-json\/wp\/v2\/product_cat?post=19291"},{"taxonomy":"product_tag","embeddable":true,"href":"https:\/\/www.lebens-qi.at\/qishop\/wp-json\/wp\/v2\/product_tag?post=19291"}],"curies":[{"name":"wp","href":"https:\/\/api.w.org\/{rel}","templated":true}]}}