{"id":19299,"date":"2026-04-10T15:12:30","date_gmt":"2026-04-10T13:12:30","guid":{"rendered":"https:\/\/www.lebens-qi.at\/qishop\/?post_type=product&#038;p=19299"},"modified":"2026-04-10T15:59:07","modified_gmt":"2026-04-10T13:59:07","slug":"tasse-benji-hund-oder-katze","status":"publish","type":"product","link":"https:\/\/www.lebens-qi.at\/qishop\/produkt\/tasse-benji-hund-oder-katze\/","title":{"rendered":"Tasse Benji &#8211; Hund oder Katze"},"content":{"rendered":"<p>H\u00e4ferl\/Tasse\/Becher \ud83d\ude42<\/p>\n<p><b>Benji<\/b><\/p>\n<p>mit lustigem Tier-Henkel und Spruch<\/p>\n<p><b>Hund <\/b>oder<strong> Katze<\/strong><\/p>\n<p>Ein Becher mit au\u00dfergew\u00f6hnlichem Henkel in Hund bzw. Katzenform und Spruch<\/p>\n<p>Hund: LIFE IS RUFF <em>&#8211; das Leben ist hart<\/em><br \/>\nKatze: If you can dream it, you can do ist. &#8211; Wenn du es dir ertr\u00e4umen kannst, kannst du es machen.<\/p>\n<p>Material: Keramik<br \/>\nInhalt: 0,35 l<br \/>\nGr\u00f6\u00dfe: H 10 cm, \u00d8 8,5 cm<br \/>\nLieferumfang: 1 Tasse im gew\u00e4hlten Design<br \/>\nHinweis: sp\u00fclmaschinenfest, mikrowellenfest<\/p>\n","protected":false},"excerpt":{"rendered":"<p>mit Henkel in Tierform<\/p>\n","protected":false},"featured_media":19304,"comment_status":"open","ping_status":"closed","template":"","meta":{"_links_to":"","_links_to_target":""},"pwb-brand":[437],"product_brand":[],"product_cat":[436],"product_tag":[1641,1101,944,320,1640],"class_list":{"0":"post-19299","1":"product","2":"type-product","3":"status-publish","4":"has-post-thumbnail","6":"pwb-brand-chacult","7":"product_cat-tassen","8":"product_tag-haeferl","9":"product_tag-hund","10":"product_tag-katze","11":"product_tag-spruch","12":"product_tag-tasse","13":"pa_herkunft-china","15":"first","16":"instock","17":"taxable","18":"shipping-taxable","19":"purchasable","20":"product-type-variable"},"blog_post_layout_featured_media_urls":{"thumbnail":["https:\/\/www.lebens-qi.at\/qishop\/wp-content\/uploads\/haeferl-benji-150x150.png",150,150,true],"full":["https:\/\/www.lebens-qi.at\/qishop\/wp-content\/uploads\/haeferl-benji.png",800,800,false]},"categories":["437"],"categories_names":{"437":{"name":"ChaCult","link":"https:\/\/www.lebens-qi.at\/qishop\/brand\/chacult\/"}},"comments_number":"0","brands":[{"id":437,"name":"ChaCult","slug":"chacult"}],"_links":{"self":[{"href":"https:\/\/www.lebens-qi.at\/qishop\/wp-json\/wp\/v2\/product\/19299","targetHints":{"allow":["GET"]}}],"collection":[{"href":"https:\/\/www.lebens-qi.at\/qishop\/wp-json\/wp\/v2\/product"}],"about":[{"href":"https:\/\/www.lebens-qi.at\/qishop\/wp-json\/wp\/v2\/types\/product"}],"replies":[{"embeddable":true,"href":"https:\/\/www.lebens-qi.at\/qishop\/wp-json\/wp\/v2\/comments?post=19299"}],"wp:featuredmedia":[{"embeddable":true,"href":"https:\/\/www.lebens-qi.at\/qishop\/wp-json\/wp\/v2\/media\/19304"}],"wp:attachment":[{"href":"https:\/\/www.lebens-qi.at\/qishop\/wp-json\/wp\/v2\/media?parent=19299"}],"wp:term":[{"taxonomy":"pwb-brand","embeddable":true,"href":"https:\/\/www.lebens-qi.at\/qishop\/wp-json\/wp\/v2\/pwb-brand?post=19299"},{"taxonomy":"product_brand","embeddable":true,"href":"https:\/\/www.lebens-qi.at\/qishop\/wp-json\/wp\/v2\/product_brand?post=19299"},{"taxonomy":"product_cat","embeddable":true,"href":"https:\/\/www.lebens-qi.at\/qishop\/wp-json\/wp\/v2\/product_cat?post=19299"},{"taxonomy":"product_tag","embeddable":true,"href":"https:\/\/www.lebens-qi.at\/qishop\/wp-json\/wp\/v2\/product_tag?post=19299"}],"curies":[{"name":"wp","href":"https:\/\/api.w.org\/{rel}","templated":true}]}}