{"id":19306,"date":"2026-04-10T16:11:17","date_gmt":"2026-04-10T14:11:17","guid":{"rendered":"https:\/\/www.lebens-qi.at\/qishop\/?post_type=product&#038;p=19306"},"modified":"2026-04-10T17:25:48","modified_gmt":"2026-04-10T15:25:48","slug":"tea4one-yama","status":"publish","type":"product","link":"https:\/\/www.lebens-qi.at\/qishop\/produkt\/tea4one-yama\/","title":{"rendered":"Tea4One &#8211; Yama"},"content":{"rendered":"<p><b>Teekanne mit Teetasse f\u00fcr eine Person<\/b><\/p>\n<p><b>Yama &#8211; Kirschbl\u00fctenmotiv in Blau<\/b><\/p>\n<p>Ein Klassiker, neu interpretiert! Das Kirschbl\u00fctenmotiv z\u00e4hlt jeher zu den beliebtesten Dekoren f\u00fcr Teezubeh\u00f6r. Und das aus gutem Grund: denn die feinen und fragilen Bl\u00fcten sind nicht nur wundersch\u00f6n, sondern ihnen wird in der japanischen Kultur, welche ebenso eng mit dem Teeanbau verbunden ist, auch hohe Bedeutung beigemessen. So steht die Kirschbl\u00fcte f\u00fcr die Verk\u00f6rperung von Sch\u00f6nheit und Verg\u00e4nglichkeit.<\/p>\n<p>Mit diesem Design wird das Kirschbl\u00fctenthema auf eine neue Art interpretiert. So verzichtet das Dekor auf den klassischen, rosafarbenen Ton und erstrahlt im <strong>traditionellen Imari-Yaki Stil<\/strong>, bei dem vornehmlich florale oder landschaftliche Motive in tiefem Indigoblau und Wei\u00df dargestellt werden.<\/p>\n<p>Das Tea-for-one Set bestehend aus Kanne mit Deckel, Tasse und Untertasse ist ideal geeignet f\u00fcr eine Person. Auch als besondere Geschenkidee macht dieser Artikel gro\u00dfe Freude<\/p>\n<p><strong>TIPP:<\/strong> der <a href=\"https:\/\/www.lebens-qi.at\/qishop\/produkt\/edelstahl-teefilter\/\">Edelstahl Teefilter<\/a> passt perfekt zu diesem Tea4One-Set &#8211; bei Bedarf bitte mitbestellen!<\/p>\n<p>Material: Porzellan<br \/>\nInhalt: Kanne 0,4 l, Tasse 0,2 l<br \/>\nLieferumfang: 1 Kanne mit Deckel, Tasse, Untertasse<br \/>\nQualit\u00e4t: sp\u00fclmaschinen-\/mikrowellenfest<\/p>\n","protected":false},"excerpt":{"rendered":"<p>stilvolle Tee-Kanne &amp; Tasse mit Sakura-Motiv<\/p>\n","protected":false},"featured_media":19308,"comment_status":"open","ping_status":"closed","template":"","meta":{"_links_to":"","_links_to_target":""},"pwb-brand":[437],"product_brand":[],"product_cat":[440],"product_tag":[2650,2566,2654,443,2649,1897],"class_list":{"0":"post-19306","1":"product","2":"type-product","3":"status-publish","4":"has-post-thumbnail","6":"pwb-brand-chacult","7":"product_cat-tea4one","8":"product_tag-kanne","9":"product_tag-kirschblueten","10":"product_tag-tea4one","11":"product_tag-tee","12":"product_tag-teekanne","13":"product_tag-teetasse","14":"pa_herkunft-china","16":"first","17":"instock","18":"taxable","19":"shipping-taxable","20":"purchasable","21":"product-type-simple"},"blog_post_layout_featured_media_urls":{"thumbnail":["https:\/\/www.lebens-qi.at\/qishop\/wp-content\/uploads\/tea4one-yama-150x150.png",150,150,true],"full":["https:\/\/www.lebens-qi.at\/qishop\/wp-content\/uploads\/tea4one-yama.png",800,800,false]},"categories":["437"],"categories_names":{"437":{"name":"ChaCult","link":"https:\/\/www.lebens-qi.at\/qishop\/brand\/chacult\/"}},"comments_number":"0","brands":[{"id":437,"name":"ChaCult","slug":"chacult"}],"_links":{"self":[{"href":"https:\/\/www.lebens-qi.at\/qishop\/wp-json\/wp\/v2\/product\/19306","targetHints":{"allow":["GET"]}}],"collection":[{"href":"https:\/\/www.lebens-qi.at\/qishop\/wp-json\/wp\/v2\/product"}],"about":[{"href":"https:\/\/www.lebens-qi.at\/qishop\/wp-json\/wp\/v2\/types\/product"}],"replies":[{"embeddable":true,"href":"https:\/\/www.lebens-qi.at\/qishop\/wp-json\/wp\/v2\/comments?post=19306"}],"wp:featuredmedia":[{"embeddable":true,"href":"https:\/\/www.lebens-qi.at\/qishop\/wp-json\/wp\/v2\/media\/19308"}],"wp:attachment":[{"href":"https:\/\/www.lebens-qi.at\/qishop\/wp-json\/wp\/v2\/media?parent=19306"}],"wp:term":[{"taxonomy":"pwb-brand","embeddable":true,"href":"https:\/\/www.lebens-qi.at\/qishop\/wp-json\/wp\/v2\/pwb-brand?post=19306"},{"taxonomy":"product_brand","embeddable":true,"href":"https:\/\/www.lebens-qi.at\/qishop\/wp-json\/wp\/v2\/product_brand?post=19306"},{"taxonomy":"product_cat","embeddable":true,"href":"https:\/\/www.lebens-qi.at\/qishop\/wp-json\/wp\/v2\/product_cat?post=19306"},{"taxonomy":"product_tag","embeddable":true,"href":"https:\/\/www.lebens-qi.at\/qishop\/wp-json\/wp\/v2\/product_tag?post=19306"}],"curies":[{"name":"wp","href":"https:\/\/api.w.org\/{rel}","templated":true}]}}