{"id":19311,"date":"2026-04-10T17:13:05","date_gmt":"2026-04-10T15:13:05","guid":{"rendered":"https:\/\/www.lebens-qi.at\/qishop\/?post_type=product&#038;p=19311"},"modified":"2026-04-10T17:22:13","modified_gmt":"2026-04-10T15:22:13","slug":"tea4one-sakura","status":"publish","type":"product","link":"https:\/\/www.lebens-qi.at\/qishop\/produkt\/tea4one-sakura\/","title":{"rendered":"Tea4One &#8211; Sakura"},"content":{"rendered":"<p><b>Teekanne mit Teetasse f\u00fcr eine Person<\/b><\/p>\n<p><b>Sakura &#8211; Kirschbl\u00fctenmotiv in klassischen Rosa<\/b><\/p>\n<p>Die japanische Kirschbl\u00fcte, auch bekannt als Sakura, steht in der asiatischen Kultur f\u00fcr anmutige Sch\u00f6nheit und deren Verg\u00e4nglichkeit. Symbolisch gilt Sie hierduch als Sinnbild f\u00fcr den Aufbruch oder einen Neuanfang.<\/p>\n<p>Auch dieses exklusive Tea-for-one Set aus hochwertigem Fine Bone China wird durch sein feines Design und die ausgesprochen edle Produktqualit\u00e4t zum absoluten Blickfang auf dem gedeckten Tisch. Das Dekor zeigt einen sch\u00f6n gewachsenen Kirschbaumzweig mit zarten rosa Bl\u00fcten. Der Aquamarellstil verleiht dem Motiv eine k\u00fcnstlerische Note. Rundum ein zeitloses Dekor, das die Sch\u00f6nheit der Natur mit der Tiefgr\u00fcndigkeit des Lebens verbindet und so das Herz ber\u00fchrt.<\/p>\n<p>Das 4-teilige Tea-for-one Set, bestehend aus Kanne mit Deckel, Tasse und Unterteller ist ein beliebter Geschenkartikel und ideal geeignet f\u00fcr eine Person. Fine Bone China ist ein besonders stabiles, robustes Material und liegt leicht in der Hand.<\/p>\n<p><strong>TIPP:<\/strong> der <a href=\"https:\/\/www.lebens-qi.at\/qishop\/produkt\/edelstahl-teefilter-klein\/\">Edelstahl Teefilter klein<\/a> passt perfekt zu diesem Tea4One-Set &#8211; bei Bedarf bitte mitbestellen!<\/p>\n<p>Material: Fine Bone China<br \/>\nInhalt: Kanne 0,4 l, Tasse 0,2 l<br \/>\nLieferumfang: 1 Kanne mit Deckel, Tasse, Untertasse<br \/>\nQualit\u00e4t: sp\u00fclmaschinen-\/mikrowellenfest<\/p>\n","protected":false},"excerpt":{"rendered":"<p>stilvolle Tee-Kanne &amp; Tasse mit Kirschbl\u00fcten-Motiv<\/p>\n","protected":false},"featured_media":19313,"comment_status":"open","ping_status":"closed","template":"","meta":{"_links_to":"","_links_to_target":""},"pwb-brand":[437],"product_brand":[],"product_cat":[3019,440],"product_tag":[2650,2566,2654,443,2649,1897],"class_list":{"0":"post-19311","1":"product","2":"type-product","3":"status-publish","4":"has-post-thumbnail","6":"pwb-brand-chacult","7":"product_cat-ostern","8":"product_cat-tea4one","9":"product_tag-kanne","10":"product_tag-kirschblueten","11":"product_tag-tea4one","12":"product_tag-tee","13":"product_tag-teekanne","14":"product_tag-teetasse","15":"pa_herkunft-china","17":"first","18":"instock","19":"taxable","20":"shipping-taxable","21":"purchasable","22":"product-type-simple"},"blog_post_layout_featured_media_urls":{"thumbnail":["https:\/\/www.lebens-qi.at\/qishop\/wp-content\/uploads\/32535-Tea-for-one-Set-Sakura-150x150.png",150,150,true],"full":["https:\/\/www.lebens-qi.at\/qishop\/wp-content\/uploads\/32535-Tea-for-one-Set-Sakura.png",751,750,false]},"categories":["437"],"categories_names":{"437":{"name":"ChaCult","link":"https:\/\/www.lebens-qi.at\/qishop\/brand\/chacult\/"}},"comments_number":"0","brands":[{"id":437,"name":"ChaCult","slug":"chacult"}],"_links":{"self":[{"href":"https:\/\/www.lebens-qi.at\/qishop\/wp-json\/wp\/v2\/product\/19311","targetHints":{"allow":["GET"]}}],"collection":[{"href":"https:\/\/www.lebens-qi.at\/qishop\/wp-json\/wp\/v2\/product"}],"about":[{"href":"https:\/\/www.lebens-qi.at\/qishop\/wp-json\/wp\/v2\/types\/product"}],"replies":[{"embeddable":true,"href":"https:\/\/www.lebens-qi.at\/qishop\/wp-json\/wp\/v2\/comments?post=19311"}],"wp:featuredmedia":[{"embeddable":true,"href":"https:\/\/www.lebens-qi.at\/qishop\/wp-json\/wp\/v2\/media\/19313"}],"wp:attachment":[{"href":"https:\/\/www.lebens-qi.at\/qishop\/wp-json\/wp\/v2\/media?parent=19311"}],"wp:term":[{"taxonomy":"pwb-brand","embeddable":true,"href":"https:\/\/www.lebens-qi.at\/qishop\/wp-json\/wp\/v2\/pwb-brand?post=19311"},{"taxonomy":"product_brand","embeddable":true,"href":"https:\/\/www.lebens-qi.at\/qishop\/wp-json\/wp\/v2\/product_brand?post=19311"},{"taxonomy":"product_cat","embeddable":true,"href":"https:\/\/www.lebens-qi.at\/qishop\/wp-json\/wp\/v2\/product_cat?post=19311"},{"taxonomy":"product_tag","embeddable":true,"href":"https:\/\/www.lebens-qi.at\/qishop\/wp-json\/wp\/v2\/product_tag?post=19311"}],"curies":[{"name":"wp","href":"https:\/\/api.w.org\/{rel}","templated":true}]}}