{"id":19362,"date":"2026-04-13T15:58:20","date_gmt":"2026-04-13T13:58:20","guid":{"rendered":"https:\/\/www.lebens-qi.at\/qishop\/?post_type=product&#038;p=19362"},"modified":"2026-04-19T04:09:43","modified_gmt":"2026-04-19T02:09:43","slug":"xl-teedose-noir-handlettering","status":"publish","type":"product","link":"https:\/\/www.lebens-qi.at\/qishop\/produkt\/xl-teedose-noir-handlettering\/","title":{"rendered":"XL Teedose Noir &#8211; Handlettering"},"content":{"rendered":"<p>Tee-Dose im XL Format<\/p>\n<p><b>Noir &#8211; wei\u00dfes Handlettering-Design auf schwarzem Grund<\/b><\/p>\n<p>Diese sch\u00f6ne Dose entf\u00fchrt uns mit ihrem trendigen und kreativen Design in die facettenreiche Welt des Tees! Gestaltet im angesagten Kreidetafellook: eine Auflistung schmackhafter Teesorten\u00a0wie \u201eMatcha\u201c, \u201eEarl Grey\u201c, \u201eEnglish Breakfast\u201c oder \u201eFine Tea\u201cund gezeichnetes Teezubeh\u00f6r, Teebl\u00e4tter und stilisierte D\u00e4mpfe. Ein absolutes Must-Have f\u00fcr echte Teeliebhaber! Durch die matte Oberfl\u00e4chengestaltung und den wei\u00df abgesetzten Metallb\u00fcgel ist die Dose besonders hochwertig. Der praktische Aroma-Verschluss erm\u00f6glicht das einfache \u00d6ffnen und Schlie\u00dfen und sorgt gleichzeitig f\u00fcr erh\u00f6hten Aromaschutz.<\/p>\n<p>Passend zu den <a href=\"https:\/\/www.lebens-qi.at\/qishop\/produkt\/tasse-noir-handlettering\/\">Noir Handlettering\u00a0Tassen<\/a><\/p>\n<p>Material: Wei\u00dfblech<br \/>\nGr\u00f6\u00dfe: H 18,5 cm, \u00d8 10,5 cm (f\u00fcr ca. 300 g Tee)<br \/>\nLieferumfang: 1 Dose ohne Inhalt<br \/>\nHinweis: matte Oberfl\u00e4chenveredelung und B\u00fcgelverschluss<\/p>\n","protected":false},"excerpt":{"rendered":"<p>Kreidetafellook f\u00fcr Tee-Fans<\/p>\n","protected":false},"featured_media":19363,"comment_status":"open","ping_status":"closed","template":"","meta":{"_links_to":"","_links_to_target":""},"pwb-brand":[437],"product_brand":[],"product_cat":[439],"product_tag":[2559,2558,3171,443,2560],"class_list":{"0":"post-19362","1":"product","2":"type-product","3":"status-publish","4":"has-post-thumbnail","6":"pwb-brand-chacult","7":"product_cat-teezubehoer","8":"product_tag-aufbewahrung","9":"product_tag-dose","10":"product_tag-handlettering","11":"product_tag-tee","12":"product_tag-teedose","13":"pa_herkunft-china","15":"first","16":"instock","17":"taxable","18":"shipping-taxable","19":"purchasable","20":"product-type-simple"},"blog_post_layout_featured_media_urls":{"thumbnail":["https:\/\/www.lebens-qi.at\/qishop\/wp-content\/uploads\/71214-Dose-Noir-150x150.png",150,150,true],"full":["https:\/\/www.lebens-qi.at\/qishop\/wp-content\/uploads\/71214-Dose-Noir.png",706,707,false]},"categories":["437"],"categories_names":{"437":{"name":"ChaCult","link":"https:\/\/www.lebens-qi.at\/qishop\/brand\/chacult\/"}},"comments_number":"0","brands":[{"id":437,"name":"ChaCult","slug":"chacult"}],"_links":{"self":[{"href":"https:\/\/www.lebens-qi.at\/qishop\/wp-json\/wp\/v2\/product\/19362","targetHints":{"allow":["GET"]}}],"collection":[{"href":"https:\/\/www.lebens-qi.at\/qishop\/wp-json\/wp\/v2\/product"}],"about":[{"href":"https:\/\/www.lebens-qi.at\/qishop\/wp-json\/wp\/v2\/types\/product"}],"replies":[{"embeddable":true,"href":"https:\/\/www.lebens-qi.at\/qishop\/wp-json\/wp\/v2\/comments?post=19362"}],"wp:featuredmedia":[{"embeddable":true,"href":"https:\/\/www.lebens-qi.at\/qishop\/wp-json\/wp\/v2\/media\/19363"}],"wp:attachment":[{"href":"https:\/\/www.lebens-qi.at\/qishop\/wp-json\/wp\/v2\/media?parent=19362"}],"wp:term":[{"taxonomy":"pwb-brand","embeddable":true,"href":"https:\/\/www.lebens-qi.at\/qishop\/wp-json\/wp\/v2\/pwb-brand?post=19362"},{"taxonomy":"product_brand","embeddable":true,"href":"https:\/\/www.lebens-qi.at\/qishop\/wp-json\/wp\/v2\/product_brand?post=19362"},{"taxonomy":"product_cat","embeddable":true,"href":"https:\/\/www.lebens-qi.at\/qishop\/wp-json\/wp\/v2\/product_cat?post=19362"},{"taxonomy":"product_tag","embeddable":true,"href":"https:\/\/www.lebens-qi.at\/qishop\/wp-json\/wp\/v2\/product_tag?post=19362"}],"curies":[{"name":"wp","href":"https:\/\/api.w.org\/{rel}","templated":true}]}}