{"id":19366,"date":"2026-04-13T16:43:03","date_gmt":"2026-04-13T14:43:03","guid":{"rendered":"https:\/\/www.lebens-qi.at\/qishop\/?post_type=product&#038;p=19366"},"modified":"2026-04-19T04:06:09","modified_gmt":"2026-04-19T02:06:09","slug":"tasse-florentina-zarte-blueten","status":"publish","type":"product","link":"https:\/\/www.lebens-qi.at\/qishop\/produkt\/tasse-florentina-zarte-blueten\/","title":{"rendered":"Tasse Florentina &#8211; zarte Bl\u00fcten"},"content":{"rendered":"<p>Tasse\/H\u00e4ferl\/Becher \ud83d\ude42<\/p>\n<p><b>&#8222;Florentina&#8220; &#8211; zarte Wildblumenwiese\u00a0<\/b><\/p>\n<p>Bei diesen Keramikh\u00e4ferln ist das Motiv von einer wilden Blumenwiese inspiriert: zarten Doldenbl\u00fcten, feinen Schmuckk\u00f6rbchen und fragilen Rispenblumen. Arrangiert in sanften Pastellt\u00f6nen wirkt das Design wie aus einer Phantasiewelt &#8211; ideal um sich aus dem stressigen Alltag herauszutr\u00e4umen. Das helle blau, lila und ros\u00e9 sind hierbei besonders harmonisch aufeinander abgestimmt. F\u00fcr eine besonders edle Optik sorgt die hochwertige Goldauflage. Die Tassen haben eine h\u00fcbsche, schlanke Silhouette und liegen dank Henkel angenehm in der Hand.<\/p>\n<p>Mit einer F\u00fcllmenge von 0,3 l eignet sich der Becher ideal f\u00fcr den Genuss des Lieblingstees oder diverser Kaffeemischgetr\u00e4nke wie Latte Macchiato. Erh\u00e4ltlich in drei verschiedenen Dekoren.<\/p>\n<p>Material: Steinzeug mit Goldauflage, handbemalt<br \/>\nInhalt: 0,3 l<br \/>\nGr\u00f6\u00dfe: H 10,6 cm, \u00d8 8,2 cm<br \/>\nLieferumfang: 1 Tasse im gew\u00e4hlten Dekor<br \/>\nHinweis: aufgrund der Goldauflage sind diese Tassen nicht sp\u00fclmaschinen-\/mikrowellenfest<\/p>\n","protected":false},"excerpt":{"rendered":"<p>wundersch\u00f6nes Blumendekor mit Goldauflage<\/p>\n","protected":false},"featured_media":19368,"comment_status":"open","ping_status":"closed","template":"","meta":{"_links_to":"","_links_to_target":""},"pwb-brand":[437],"product_brand":[],"product_cat":[3019,436],"product_tag":[1060,1641,1851,859,1109,1640,443],"class_list":{"0":"post-19366","1":"product","2":"type-product","3":"status-publish","4":"has-post-thumbnail","6":"pwb-brand-chacult","7":"product_cat-ostern","8":"product_cat-tassen","9":"product_tag-blumen","10":"product_tag-haeferl","11":"product_tag-libelle","12":"product_tag-natur","13":"product_tag-schmetterling","14":"product_tag-tasse","15":"product_tag-tee","16":"pa_herkunft-thailand","18":"first","19":"instock","20":"taxable","21":"shipping-taxable","22":"purchasable","23":"product-type-variable"},"blog_post_layout_featured_media_urls":{"thumbnail":["https:\/\/www.lebens-qi.at\/qishop\/wp-content\/uploads\/tassen-florentina-150x150.png",150,150,true],"full":["https:\/\/www.lebens-qi.at\/qishop\/wp-content\/uploads\/tassen-florentina.png",800,800,false]},"categories":["437"],"categories_names":{"437":{"name":"ChaCult","link":"https:\/\/www.lebens-qi.at\/qishop\/brand\/chacult\/"}},"comments_number":"0","brands":[{"id":437,"name":"ChaCult","slug":"chacult"}],"_links":{"self":[{"href":"https:\/\/www.lebens-qi.at\/qishop\/wp-json\/wp\/v2\/product\/19366","targetHints":{"allow":["GET"]}}],"collection":[{"href":"https:\/\/www.lebens-qi.at\/qishop\/wp-json\/wp\/v2\/product"}],"about":[{"href":"https:\/\/www.lebens-qi.at\/qishop\/wp-json\/wp\/v2\/types\/product"}],"replies":[{"embeddable":true,"href":"https:\/\/www.lebens-qi.at\/qishop\/wp-json\/wp\/v2\/comments?post=19366"}],"wp:featuredmedia":[{"embeddable":true,"href":"https:\/\/www.lebens-qi.at\/qishop\/wp-json\/wp\/v2\/media\/19368"}],"wp:attachment":[{"href":"https:\/\/www.lebens-qi.at\/qishop\/wp-json\/wp\/v2\/media?parent=19366"}],"wp:term":[{"taxonomy":"pwb-brand","embeddable":true,"href":"https:\/\/www.lebens-qi.at\/qishop\/wp-json\/wp\/v2\/pwb-brand?post=19366"},{"taxonomy":"product_brand","embeddable":true,"href":"https:\/\/www.lebens-qi.at\/qishop\/wp-json\/wp\/v2\/product_brand?post=19366"},{"taxonomy":"product_cat","embeddable":true,"href":"https:\/\/www.lebens-qi.at\/qishop\/wp-json\/wp\/v2\/product_cat?post=19366"},{"taxonomy":"product_tag","embeddable":true,"href":"https:\/\/www.lebens-qi.at\/qishop\/wp-json\/wp\/v2\/product_tag?post=19366"}],"curies":[{"name":"wp","href":"https:\/\/api.w.org\/{rel}","templated":true}]}}