{"id":19390,"date":"2026-04-14T22:23:22","date_gmt":"2026-04-14T20:23:22","guid":{"rendered":"https:\/\/www.lebens-qi.at\/qishop\/?post_type=product&#038;p=19390"},"modified":"2026-04-14T22:59:50","modified_gmt":"2026-04-14T20:59:50","slug":"carrying-flowers-1000-teile-puzzle","status":"publish","type":"product","link":"https:\/\/www.lebens-qi.at\/qishop\/produkt\/carrying-flowers-1000-teile-puzzle\/","title":{"rendered":"Carrying Flowers &#8211; 1000 Teile Puzzle"},"content":{"rendered":"<p><b>Sommerliches Puzzle mit dem Motiv \u201eCarrying Flowers\u201c\u00a0<\/b><\/p>\n<p>Ein P\u00e4rchen begleitet einen Anh\u00e4nger voll Blumen entlang eines von bunten Bl\u00fcten ges\u00e4umten Weges. Ein Rudel Hunde l\u00e4uft aufgeregt dem Wagen hinterher.<\/p>\n<p>Teileanzahl: 1000 Teile<br \/>\nBildfl\u00e4che: <span class=\"spec\">68 x 48 cm<\/span><br \/>\nVerpackung: Puzzlekarton<br \/>\nMaterial: Karton<br \/>\nAlter: Puzzle f\u00fcr Erwachsene<\/p>\n<p><em><b>Achtung! <\/b>Nicht f\u00fcr Kinder unter 3 Jahren geeignet!<\/em><\/p>\n","protected":false},"excerpt":{"rendered":"<p>Blumentransport<\/p>\n","protected":false},"featured_media":19392,"comment_status":"open","ping_status":"closed","template":"","meta":{"_links_to":"","_links_to_target":""},"pwb-brand":[3174],"product_brand":[],"product_cat":[142,3022],"product_tag":[2045,1060,1092,141],"class_list":{"0":"post-19390","1":"product","2":"type-product","3":"status-publish","4":"has-post-thumbnail","6":"pwb-brand-educa","7":"product_cat-1000-teile","8":"product_cat-sommer-urlaubsfeeling","9":"product_tag-1000-teile","10":"product_tag-blumen","11":"product_tag-hunde","12":"product_tag-puzzle","14":"first","15":"instock","16":"taxable","17":"shipping-taxable","18":"purchasable","19":"product-type-simple"},"blog_post_layout_featured_media_urls":{"thumbnail":["https:\/\/www.lebens-qi.at\/qishop\/wp-content\/uploads\/carrying-flowers-puzzle-1000-teile.104190-1.fs_-150x150.jpg",150,150,true],"full":["https:\/\/www.lebens-qi.at\/qishop\/wp-content\/uploads\/carrying-flowers-puzzle-1000-teile.104190-1.fs_-scaled.jpg",2560,2560,false]},"categories":["3174"],"categories_names":{"3174":{"name":"Educa","link":"https:\/\/www.lebens-qi.at\/qishop\/brand\/educa\/"}},"comments_number":"0","brands":[{"id":3174,"name":"Educa","slug":"educa"}],"_links":{"self":[{"href":"https:\/\/www.lebens-qi.at\/qishop\/wp-json\/wp\/v2\/product\/19390","targetHints":{"allow":["GET"]}}],"collection":[{"href":"https:\/\/www.lebens-qi.at\/qishop\/wp-json\/wp\/v2\/product"}],"about":[{"href":"https:\/\/www.lebens-qi.at\/qishop\/wp-json\/wp\/v2\/types\/product"}],"replies":[{"embeddable":true,"href":"https:\/\/www.lebens-qi.at\/qishop\/wp-json\/wp\/v2\/comments?post=19390"}],"wp:featuredmedia":[{"embeddable":true,"href":"https:\/\/www.lebens-qi.at\/qishop\/wp-json\/wp\/v2\/media\/19392"}],"wp:attachment":[{"href":"https:\/\/www.lebens-qi.at\/qishop\/wp-json\/wp\/v2\/media?parent=19390"}],"wp:term":[{"taxonomy":"pwb-brand","embeddable":true,"href":"https:\/\/www.lebens-qi.at\/qishop\/wp-json\/wp\/v2\/pwb-brand?post=19390"},{"taxonomy":"product_brand","embeddable":true,"href":"https:\/\/www.lebens-qi.at\/qishop\/wp-json\/wp\/v2\/product_brand?post=19390"},{"taxonomy":"product_cat","embeddable":true,"href":"https:\/\/www.lebens-qi.at\/qishop\/wp-json\/wp\/v2\/product_cat?post=19390"},{"taxonomy":"product_tag","embeddable":true,"href":"https:\/\/www.lebens-qi.at\/qishop\/wp-json\/wp\/v2\/product_tag?post=19390"}],"curies":[{"name":"wp","href":"https:\/\/api.w.org\/{rel}","templated":true}]}}