{"id":19426,"date":"2026-04-24T14:59:03","date_gmt":"2026-04-24T12:59:03","guid":{"rendered":"https:\/\/www.lebens-qi.at\/qishop\/?post_type=product&#038;p=19426"},"modified":"2026-04-24T15:21:04","modified_gmt":"2026-04-24T13:21:04","slug":"herzerl-weiss-goldener-edelstahl-ring","status":"publish","type":"product","link":"https:\/\/www.lebens-qi.at\/qishop\/produkt\/herzerl-weiss-goldener-edelstahl-ring\/","title":{"rendered":"Herzerl wei\u00df &#8211; goldener Edelstahl-Ring"},"content":{"rendered":"<p><strong>13 Herzen hintereinander<\/strong> &#8211; ein s\u00fc\u00dfer Ring aus goldenem Edelstahl, die Herzerl sind mit wei\u00dfem Emaille gef\u00fcllt<\/p>\n<p>Da es sich um Edelstahl handelt, bleibt der Ring auch bei h\u00e4ufigem Tragen farblich unver\u00e4ndert. F\u00fcr lange Freude &#8211; auch bei t\u00e4glicher Verwendung. Der Ring ist an der Unterseite offen und kann daher in der Gr\u00f6\u00dfe angepasst werden.<\/p>\n<p>Material: Edelstahl<br \/>\nFarbe: gold, wei\u00df<br \/>\nGr\u00f6\u00dfe: verstellbar von ca. 17-19 mm<br \/>\nBreite: ca. 5 mm<\/p>\n","protected":false},"excerpt":{"rendered":"<p>Herzen mit wei\u00dfer Emaille-F\u00fcllung<\/p>\n","protected":false},"featured_media":19427,"comment_status":"open","ping_status":"closed","template":"","meta":{"_links_to":"","_links_to_target":""},"pwb-brand":[],"product_brand":[],"product_cat":[3165,3020,1011],"product_tag":[929,784,170,1478,174,1000,118],"class_list":{"0":"post-19426","1":"product","2":"type-product","3":"status-publish","4":"has-post-thumbnail","6":"product_cat-boho-style-ringe","7":"product_cat-hochzeit","8":"product_cat-symbolschmuck","9":"product_tag-boho","10":"product_tag-edelstahl","11":"product_tag-gold","12":"product_tag-herz","13":"product_tag-liebe","14":"product_tag-ring","15":"product_tag-schmuck","17":"first","18":"instock","19":"taxable","20":"shipping-taxable","21":"purchasable","22":"product-type-simple"},"blog_post_layout_featured_media_urls":{"thumbnail":["https:\/\/www.lebens-qi.at\/qishop\/wp-content\/uploads\/78454-ring-herzen-weiss-150x150.jpg",150,150,true],"full":["https:\/\/www.lebens-qi.at\/qishop\/wp-content\/uploads\/78454-ring-herzen-weiss.jpg",300,300,false]},"categories":null,"categories_names":null,"comments_number":"0","brands":[],"_links":{"self":[{"href":"https:\/\/www.lebens-qi.at\/qishop\/wp-json\/wp\/v2\/product\/19426","targetHints":{"allow":["GET"]}}],"collection":[{"href":"https:\/\/www.lebens-qi.at\/qishop\/wp-json\/wp\/v2\/product"}],"about":[{"href":"https:\/\/www.lebens-qi.at\/qishop\/wp-json\/wp\/v2\/types\/product"}],"replies":[{"embeddable":true,"href":"https:\/\/www.lebens-qi.at\/qishop\/wp-json\/wp\/v2\/comments?post=19426"}],"wp:featuredmedia":[{"embeddable":true,"href":"https:\/\/www.lebens-qi.at\/qishop\/wp-json\/wp\/v2\/media\/19427"}],"wp:attachment":[{"href":"https:\/\/www.lebens-qi.at\/qishop\/wp-json\/wp\/v2\/media?parent=19426"}],"wp:term":[{"taxonomy":"pwb-brand","embeddable":true,"href":"https:\/\/www.lebens-qi.at\/qishop\/wp-json\/wp\/v2\/pwb-brand?post=19426"},{"taxonomy":"product_brand","embeddable":true,"href":"https:\/\/www.lebens-qi.at\/qishop\/wp-json\/wp\/v2\/product_brand?post=19426"},{"taxonomy":"product_cat","embeddable":true,"href":"https:\/\/www.lebens-qi.at\/qishop\/wp-json\/wp\/v2\/product_cat?post=19426"},{"taxonomy":"product_tag","embeddable":true,"href":"https:\/\/www.lebens-qi.at\/qishop\/wp-json\/wp\/v2\/product_tag?post=19426"}],"curies":[{"name":"wp","href":"https:\/\/api.w.org\/{rel}","templated":true}]}}