{"id":19430,"date":"2026-04-24T15:42:01","date_gmt":"2026-04-24T13:42:01","guid":{"rendered":"https:\/\/www.lebens-qi.at\/qishop\/?post_type=product&#038;p=19430"},"modified":"2026-04-24T16:11:10","modified_gmt":"2026-04-24T14:11:10","slug":"gaensebluemchen-gold-edelstahl-ring","status":"publish","type":"product","link":"https:\/\/www.lebens-qi.at\/qishop\/produkt\/gaensebluemchen-gold-edelstahl-ring\/","title":{"rendered":"G\u00e4nsebl\u00fcmchen gold &#8211; Edelstahl-Ring"},"content":{"rendered":"<p><strong>Fr\u00fchlingsbote <\/strong>&#8211; G\u00e4nsebl\u00fcmchen als zarter Ring<\/p>\n<p>Da es sich um Edelstahl handelt, bleibt der Ring auch bei h\u00e4ufigem Tragen farblich unver\u00e4ndert. F\u00fcr lange Freude &#8211; auch bei t\u00e4glicher Verwendung. Der Ring ist an der Unterseite offen und kann daher in der Gr\u00f6\u00dfe angepasst werden.<\/p>\n<p>Material: Edelstahl<br \/>\nFarbe: gold<br \/>\nGr\u00f6\u00dfe: verstellbar von ca. 17-20 mm<br \/>\nBreite: ca. 3 mm<br \/>\nDurchmesser der Bl\u00fcte: 10 mm<\/p>\n","protected":false},"excerpt":{"rendered":"<p>s\u00fc\u00dfer Schmuck f\u00fcr den Fr\u00fchling<\/p>\n","protected":false},"featured_media":19433,"comment_status":"open","ping_status":"closed","template":"","meta":{"_links_to":"","_links_to_target":""},"pwb-brand":[],"product_brand":[],"product_cat":[3165,3019,1011],"product_tag":[2131,929,784,1149,170,1000,118],"class_list":{"0":"post-19430","1":"product","2":"type-product","3":"status-publish","4":"has-post-thumbnail","6":"product_cat-boho-style-ringe","7":"product_cat-ostern","8":"product_cat-symbolschmuck","9":"product_tag-bluemchen","10":"product_tag-boho","11":"product_tag-edelstahl","12":"product_tag-gaensebluemchen","13":"product_tag-gold","14":"product_tag-ring","15":"product_tag-schmuck","17":"first","18":"instock","19":"taxable","20":"shipping-taxable","21":"purchasable","22":"product-type-simple"},"blog_post_layout_featured_media_urls":{"thumbnail":["https:\/\/www.lebens-qi.at\/qishop\/wp-content\/uploads\/ring-gaensebluemchen-gold-150x150.png",150,150,true],"full":["https:\/\/www.lebens-qi.at\/qishop\/wp-content\/uploads\/ring-gaensebluemchen-gold.png",400,400,false]},"categories":null,"categories_names":null,"comments_number":"0","brands":[],"_links":{"self":[{"href":"https:\/\/www.lebens-qi.at\/qishop\/wp-json\/wp\/v2\/product\/19430","targetHints":{"allow":["GET"]}}],"collection":[{"href":"https:\/\/www.lebens-qi.at\/qishop\/wp-json\/wp\/v2\/product"}],"about":[{"href":"https:\/\/www.lebens-qi.at\/qishop\/wp-json\/wp\/v2\/types\/product"}],"replies":[{"embeddable":true,"href":"https:\/\/www.lebens-qi.at\/qishop\/wp-json\/wp\/v2\/comments?post=19430"}],"wp:featuredmedia":[{"embeddable":true,"href":"https:\/\/www.lebens-qi.at\/qishop\/wp-json\/wp\/v2\/media\/19433"}],"wp:attachment":[{"href":"https:\/\/www.lebens-qi.at\/qishop\/wp-json\/wp\/v2\/media?parent=19430"}],"wp:term":[{"taxonomy":"pwb-brand","embeddable":true,"href":"https:\/\/www.lebens-qi.at\/qishop\/wp-json\/wp\/v2\/pwb-brand?post=19430"},{"taxonomy":"product_brand","embeddable":true,"href":"https:\/\/www.lebens-qi.at\/qishop\/wp-json\/wp\/v2\/product_brand?post=19430"},{"taxonomy":"product_cat","embeddable":true,"href":"https:\/\/www.lebens-qi.at\/qishop\/wp-json\/wp\/v2\/product_cat?post=19430"},{"taxonomy":"product_tag","embeddable":true,"href":"https:\/\/www.lebens-qi.at\/qishop\/wp-json\/wp\/v2\/product_tag?post=19430"}],"curies":[{"name":"wp","href":"https:\/\/api.w.org\/{rel}","templated":true}]}}