{"id":19435,"date":"2026-04-24T15:53:05","date_gmt":"2026-04-24T13:53:05","guid":{"rendered":"https:\/\/www.lebens-qi.at\/qishop\/?post_type=product&#038;p=19435"},"modified":"2026-04-24T16:06:01","modified_gmt":"2026-04-24T14:06:01","slug":"gaensebluemchen-silber-edelstahl-ring","status":"publish","type":"product","link":"https:\/\/www.lebens-qi.at\/qishop\/produkt\/gaensebluemchen-silber-edelstahl-ring\/","title":{"rendered":"G\u00e4nsebl\u00fcmchen silber &#8211; Edelstahl-Ring"},"content":{"rendered":"<p><strong>Fr\u00fchlingsbote <\/strong>&#8211; G\u00e4nsebl\u00fcmchen als zarter Ring<\/p>\n<p>Da es sich um Edelstahl handelt, bleibt der Ring auch bei h\u00e4ufigem Tragen farblich unver\u00e4ndert. F\u00fcr lange Freude &#8211; auch bei t\u00e4glicher Verwendung. Der Ring ist an der Unterseite offen und kann daher in der Gr\u00f6\u00dfe angepasst werden.<\/p>\n<p>Material: Edelstahl<br \/>\nFarbe: silber<br \/>\nGr\u00f6\u00dfe: verstellbar von ca. 17-20 mm<br \/>\nBreite: ca. 3 mm<br \/>\nDurchmesser der Bl\u00fcte: 10 mm<\/p>\n","protected":false},"excerpt":{"rendered":"<p>s\u00fc\u00dfer Schmuck f\u00fcr den Fr\u00fchling<\/p>\n","protected":false},"featured_media":19438,"comment_status":"open","ping_status":"closed","template":"","meta":{"_links_to":"","_links_to_target":""},"pwb-brand":[],"product_brand":[],"product_cat":[3165,3019,1011],"product_tag":[2131,929,784,1149,1000,118],"class_list":{"0":"post-19435","1":"product","2":"type-product","3":"status-publish","4":"has-post-thumbnail","6":"product_cat-boho-style-ringe","7":"product_cat-ostern","8":"product_cat-symbolschmuck","9":"product_tag-bluemchen","10":"product_tag-boho","11":"product_tag-edelstahl","12":"product_tag-gaensebluemchen","13":"product_tag-ring","14":"product_tag-schmuck","16":"first","17":"instock","18":"taxable","19":"shipping-taxable","20":"purchasable","21":"product-type-simple"},"blog_post_layout_featured_media_urls":{"thumbnail":["https:\/\/www.lebens-qi.at\/qishop\/wp-content\/uploads\/ring-gaensebluemchen-silber-150x150.png",150,150,true],"full":["https:\/\/www.lebens-qi.at\/qishop\/wp-content\/uploads\/ring-gaensebluemchen-silber.png",400,400,false]},"categories":null,"categories_names":null,"comments_number":"0","brands":[],"_links":{"self":[{"href":"https:\/\/www.lebens-qi.at\/qishop\/wp-json\/wp\/v2\/product\/19435","targetHints":{"allow":["GET"]}}],"collection":[{"href":"https:\/\/www.lebens-qi.at\/qishop\/wp-json\/wp\/v2\/product"}],"about":[{"href":"https:\/\/www.lebens-qi.at\/qishop\/wp-json\/wp\/v2\/types\/product"}],"replies":[{"embeddable":true,"href":"https:\/\/www.lebens-qi.at\/qishop\/wp-json\/wp\/v2\/comments?post=19435"}],"wp:featuredmedia":[{"embeddable":true,"href":"https:\/\/www.lebens-qi.at\/qishop\/wp-json\/wp\/v2\/media\/19438"}],"wp:attachment":[{"href":"https:\/\/www.lebens-qi.at\/qishop\/wp-json\/wp\/v2\/media?parent=19435"}],"wp:term":[{"taxonomy":"pwb-brand","embeddable":true,"href":"https:\/\/www.lebens-qi.at\/qishop\/wp-json\/wp\/v2\/pwb-brand?post=19435"},{"taxonomy":"product_brand","embeddable":true,"href":"https:\/\/www.lebens-qi.at\/qishop\/wp-json\/wp\/v2\/product_brand?post=19435"},{"taxonomy":"product_cat","embeddable":true,"href":"https:\/\/www.lebens-qi.at\/qishop\/wp-json\/wp\/v2\/product_cat?post=19435"},{"taxonomy":"product_tag","embeddable":true,"href":"https:\/\/www.lebens-qi.at\/qishop\/wp-json\/wp\/v2\/product_tag?post=19435"}],"curies":[{"name":"wp","href":"https:\/\/api.w.org\/{rel}","templated":true}]}}