{"id":19448,"date":"2026-05-05T20:20:55","date_gmt":"2026-05-05T18:20:55","guid":{"rendered":"https:\/\/www.lebens-qi.at\/qishop\/?post_type=product&#038;p=19448"},"modified":"2026-05-12T09:50:22","modified_gmt":"2026-05-12T07:50:22","slug":"palo-santo-white-sage-native-soul-raeucherstaebchen-kopie","status":"publish","type":"product","link":"https:\/\/www.lebens-qi.at\/qishop\/produkt\/palo-santo-white-sage-native-soul-raeucherstaebchen-kopie\/","title":{"rendered":"White Sage &#8211; Native Soul R\u00e4ucherst\u00e4bchen"},"content":{"rendered":"<p>Native Soul R\u00e4ucherst\u00e4bchen aus dem Hause Green Tree:<\/p>\n<p><b>White Sage &#8211; Wei\u00dfer Salbei<\/b><br \/>\nHandgefertigte R\u00e4ucherst\u00e4bchen<\/p>\n<p><b>Wei\u00dfer Salbei<\/b> wird seit Jahrhunderten von den amerikanischen Ureinwohnern f\u00fcr Reinigungszeremonien und Heilsitzungen verwendet. Es ist ein extrem kraftvolles Kraut zur Beseitigung von negativen Energien und bekannt f\u00fcr seine stark kl\u00e4renden, reinigenden und sch\u00fctzenden Eigenschaften.<\/p>\n<p><b>Native Soul handcrafted Incense<\/b><br \/>\n\u2022 mit Liebe von Hand gefertigt<br \/>\n\u2022 100 % veganes Produkt<br \/>\n\u2022 impr\u00e4gniert mit positiver Energie<\/p>\n<p><b>Inhalt:<\/b> pro Einzelpackung 15 g<br \/>\n<b>Box: <\/b>Bei Kauf einer gesamten Schachtel (12 Packungen \u00e1 15 g) sparen Sie <b>\u20ac 6,- <\/b><\/p>\n<p>\u2022 Produziert in Indien<br \/>\n\u2022 Exportqualit\u00e4t<br \/>\n\u2022 Handgerollt<br \/>\n\u2022 mit Bambusst\u00e4bchen &#8211; daher f\u00fcr normale R\u00e4ucherst\u00e4bchenhalter geeignet!<\/p>\n","protected":false},"excerpt":{"rendered":"<p>Wei\u00dfer Salbei<\/p>\n","protected":false},"featured_media":19451,"comment_status":"open","ping_status":"closed","template":"","meta":{"_links_to":"","_links_to_target":""},"pwb-brand":[694],"product_brand":[],"product_cat":[698],"product_tag":[693,3179,680,676],"class_list":{"0":"post-19448","1":"product","2":"type-product","3":"status-publish","4":"has-post-thumbnail","6":"pwb-brand-green-tree","7":"product_cat-native-soul","8":"product_tag-green-tree","9":"product_tag-native-soul","10":"product_tag-raeucherstaebchen","11":"product_tag-weisser-salbei","13":"first","14":"instock","15":"sale","16":"taxable","17":"shipping-taxable","18":"purchasable","19":"product-type-variable"},"blog_post_layout_featured_media_urls":{"thumbnail":["https:\/\/www.lebens-qi.at\/qishop\/wp-content\/uploads\/gt-139-white-sage-150x150.jpg",150,150,true],"full":["https:\/\/www.lebens-qi.at\/qishop\/wp-content\/uploads\/gt-139-white-sage.jpg",600,600,false]},"categories":["694"],"categories_names":{"694":{"name":"Green Tree","link":"https:\/\/www.lebens-qi.at\/qishop\/brand\/green-tree\/"}},"comments_number":"0","brands":[{"id":694,"name":"Green Tree","slug":"green-tree"}],"_links":{"self":[{"href":"https:\/\/www.lebens-qi.at\/qishop\/wp-json\/wp\/v2\/product\/19448","targetHints":{"allow":["GET"]}}],"collection":[{"href":"https:\/\/www.lebens-qi.at\/qishop\/wp-json\/wp\/v2\/product"}],"about":[{"href":"https:\/\/www.lebens-qi.at\/qishop\/wp-json\/wp\/v2\/types\/product"}],"replies":[{"embeddable":true,"href":"https:\/\/www.lebens-qi.at\/qishop\/wp-json\/wp\/v2\/comments?post=19448"}],"wp:featuredmedia":[{"embeddable":true,"href":"https:\/\/www.lebens-qi.at\/qishop\/wp-json\/wp\/v2\/media\/19451"}],"wp:attachment":[{"href":"https:\/\/www.lebens-qi.at\/qishop\/wp-json\/wp\/v2\/media?parent=19448"}],"wp:term":[{"taxonomy":"pwb-brand","embeddable":true,"href":"https:\/\/www.lebens-qi.at\/qishop\/wp-json\/wp\/v2\/pwb-brand?post=19448"},{"taxonomy":"product_brand","embeddable":true,"href":"https:\/\/www.lebens-qi.at\/qishop\/wp-json\/wp\/v2\/product_brand?post=19448"},{"taxonomy":"product_cat","embeddable":true,"href":"https:\/\/www.lebens-qi.at\/qishop\/wp-json\/wp\/v2\/product_cat?post=19448"},{"taxonomy":"product_tag","embeddable":true,"href":"https:\/\/www.lebens-qi.at\/qishop\/wp-json\/wp\/v2\/product_tag?post=19448"}],"curies":[{"name":"wp","href":"https:\/\/api.w.org\/{rel}","templated":true}]}}