{"id":19462,"date":"2026-05-07T17:38:14","date_gmt":"2026-05-07T15:38:14","guid":{"rendered":"https:\/\/www.lebens-qi.at\/qishop\/?post_type=product&#038;p=19462"},"modified":"2026-05-07T17:52:28","modified_gmt":"2026-05-07T15:52:28","slug":"gaensebluemchen-edelstahl-ohrstecker-gold","status":"publish","type":"product","link":"https:\/\/www.lebens-qi.at\/qishop\/produkt\/gaensebluemchen-edelstahl-ohrstecker-gold\/","title":{"rendered":"G\u00e4nsebl\u00fcmchen &#8211; Edelstahl Ohrstecker gold"},"content":{"rendered":"<div class=\"content--description\">\n<div class=\"product--description\">\n<p><strong>G\u00e4nsebl\u00fcmchen<\/strong><br \/>\nS\u00fc\u00dfer Fr\u00fchlingsbote! Ohrstecker aus Edelstahl in Gold<\/p>\n<p><b>Material:<\/b> Edelstahl<br \/>\n<b>Farbe: <\/b>gold<br \/>\n<b>Symboldurchmesser:<\/b> ca. 10 mm<br \/>\nmit Butterfly-Verschluss<\/p>\n<p><em><strong>Hinweis:<\/strong> Lieferumfang ein Paar<br \/>\n<\/em><\/p>\n<\/div>\n<\/div>\n","protected":false},"excerpt":{"rendered":"<p>Fr\u00fchlingsbote<\/p>\n","protected":false},"featured_media":19463,"comment_status":"open","ping_status":"closed","template":"","meta":{"_links_to":"","_links_to_target":""},"pwb-brand":[],"product_brand":[],"product_cat":[3019,1746],"product_tag":[784,1149,170,1741,1751,118],"class_list":{"0":"post-19462","1":"product","2":"type-product","3":"status-publish","4":"has-post-thumbnail","6":"product_cat-ostern","7":"product_cat-ohrschmuck","8":"product_tag-edelstahl","9":"product_tag-gaensebluemchen","10":"product_tag-gold","11":"product_tag-ohrringe","12":"product_tag-ohrstecker","13":"product_tag-schmuck","15":"first","16":"instock","17":"taxable","18":"shipping-taxable","19":"purchasable","20":"product-type-simple"},"blog_post_layout_featured_media_urls":{"thumbnail":["https:\/\/www.lebens-qi.at\/qishop\/wp-content\/uploads\/300_300_ohstecker-bluemchen-150x150.jpg",150,150,true],"full":["https:\/\/www.lebens-qi.at\/qishop\/wp-content\/uploads\/300_300_ohstecker-bluemchen.jpg",300,300,false]},"categories":null,"categories_names":null,"comments_number":"0","brands":[],"_links":{"self":[{"href":"https:\/\/www.lebens-qi.at\/qishop\/wp-json\/wp\/v2\/product\/19462","targetHints":{"allow":["GET"]}}],"collection":[{"href":"https:\/\/www.lebens-qi.at\/qishop\/wp-json\/wp\/v2\/product"}],"about":[{"href":"https:\/\/www.lebens-qi.at\/qishop\/wp-json\/wp\/v2\/types\/product"}],"replies":[{"embeddable":true,"href":"https:\/\/www.lebens-qi.at\/qishop\/wp-json\/wp\/v2\/comments?post=19462"}],"wp:featuredmedia":[{"embeddable":true,"href":"https:\/\/www.lebens-qi.at\/qishop\/wp-json\/wp\/v2\/media\/19463"}],"wp:attachment":[{"href":"https:\/\/www.lebens-qi.at\/qishop\/wp-json\/wp\/v2\/media?parent=19462"}],"wp:term":[{"taxonomy":"pwb-brand","embeddable":true,"href":"https:\/\/www.lebens-qi.at\/qishop\/wp-json\/wp\/v2\/pwb-brand?post=19462"},{"taxonomy":"product_brand","embeddable":true,"href":"https:\/\/www.lebens-qi.at\/qishop\/wp-json\/wp\/v2\/product_brand?post=19462"},{"taxonomy":"product_cat","embeddable":true,"href":"https:\/\/www.lebens-qi.at\/qishop\/wp-json\/wp\/v2\/product_cat?post=19462"},{"taxonomy":"product_tag","embeddable":true,"href":"https:\/\/www.lebens-qi.at\/qishop\/wp-json\/wp\/v2\/product_tag?post=19462"}],"curies":[{"name":"wp","href":"https:\/\/api.w.org\/{rel}","templated":true}]}}