{"id":1984,"date":"2024-02-19T11:58:47","date_gmt":"2024-02-19T10:58:47","guid":{"rendered":"https:\/\/www.lebens-qi.at\/qishop\/?post_type=product&#038;p=1984"},"modified":"2026-03-25T16:13:53","modified_gmt":"2026-03-25T15:13:53","slug":"tasse-josina","status":"publish","type":"product","link":"https:\/\/www.lebens-qi.at\/qishop\/produkt\/tasse-josina\/","title":{"rendered":"Tasse Josina"},"content":{"rendered":"<p>Tasse\/H\u00e4ferl\/Becher \ud83d\ude42<\/p>\n<p><b>Bunt, blumig, bezaubernd! mit Relief<\/b><\/p>\n<p>Dieser 2-fach sortierte Keramikbecher ist Flower Power pur. Die kr\u00e4ftigen, bunten Farben im Zusammenspiel mit den sch\u00f6nen Bl\u00fctenmustern verleihen diesem Artikel Strahlkraft. Durch den Sockel in nat\u00fcrlicher, rauer Ton-Optik und die Reliefveredelung der Becheroberfl\u00e4che ein mit Liebe zum Detail hergestellter Artikel.<\/p>\n<p>Erh\u00e4ltlich in den 2 Designs<br \/>\n\u2022 Dunkelblau<br \/>\n\u2022 Orangerot<\/p>\n<p>Material: Keramik &#8211; Steinzeug mit Relief<br \/>\nInhalt: 0,4 l<br \/>\nGr\u00f6\u00dfe: H 10 cm, \u00d8 8 cm<br \/>\nLieferumfang: 1 Tasse im gew\u00e4hlten Design<br \/>\nHinweis: sp\u00fclmaschinen-\/mikrowellenfest<\/p>\n","protected":false},"excerpt":{"rendered":"<p>mit Relief<\/p>\n","protected":false},"featured_media":9091,"comment_status":"open","ping_status":"closed","template":"","meta":{"_links_to":"","_links_to_target":""},"pwb-brand":[437],"product_brand":[],"product_cat":[436],"product_tag":[1641,1642,1898,1640,443],"class_list":{"0":"post-1984","1":"product","2":"type-product","3":"status-publish","4":"has-post-thumbnail","6":"pwb-brand-chacult","7":"product_cat-tassen","8":"product_tag-haeferl","9":"product_tag-kaffee","10":"product_tag-relief","11":"product_tag-tasse","12":"product_tag-tee","13":"pa_herkunft-china","15":"first","16":"instock","17":"taxable","18":"shipping-taxable","19":"purchasable","20":"product-type-variable"},"blog_post_layout_featured_media_urls":{"thumbnail":["https:\/\/www.lebens-qi.at\/qishop\/wp-content\/uploads\/josina-150x150.jpg",150,150,true],"full":["https:\/\/www.lebens-qi.at\/qishop\/wp-content\/uploads\/josina.jpg",556,556,false]},"categories":["437"],"categories_names":{"437":{"name":"ChaCult","link":"https:\/\/www.lebens-qi.at\/qishop\/brand\/chacult\/"}},"comments_number":"0","brands":[{"id":437,"name":"ChaCult","slug":"chacult"}],"_links":{"self":[{"href":"https:\/\/www.lebens-qi.at\/qishop\/wp-json\/wp\/v2\/product\/1984","targetHints":{"allow":["GET"]}}],"collection":[{"href":"https:\/\/www.lebens-qi.at\/qishop\/wp-json\/wp\/v2\/product"}],"about":[{"href":"https:\/\/www.lebens-qi.at\/qishop\/wp-json\/wp\/v2\/types\/product"}],"replies":[{"embeddable":true,"href":"https:\/\/www.lebens-qi.at\/qishop\/wp-json\/wp\/v2\/comments?post=1984"}],"wp:featuredmedia":[{"embeddable":true,"href":"https:\/\/www.lebens-qi.at\/qishop\/wp-json\/wp\/v2\/media\/9091"}],"wp:attachment":[{"href":"https:\/\/www.lebens-qi.at\/qishop\/wp-json\/wp\/v2\/media?parent=1984"}],"wp:term":[{"taxonomy":"pwb-brand","embeddable":true,"href":"https:\/\/www.lebens-qi.at\/qishop\/wp-json\/wp\/v2\/pwb-brand?post=1984"},{"taxonomy":"product_brand","embeddable":true,"href":"https:\/\/www.lebens-qi.at\/qishop\/wp-json\/wp\/v2\/product_brand?post=1984"},{"taxonomy":"product_cat","embeddable":true,"href":"https:\/\/www.lebens-qi.at\/qishop\/wp-json\/wp\/v2\/product_cat?post=1984"},{"taxonomy":"product_tag","embeddable":true,"href":"https:\/\/www.lebens-qi.at\/qishop\/wp-json\/wp\/v2\/product_tag?post=1984"}],"curies":[{"name":"wp","href":"https:\/\/api.w.org\/{rel}","templated":true}]}}