{"id":1986,"date":"2024-02-19T11:58:49","date_gmt":"2024-02-19T10:58:49","guid":{"rendered":"https:\/\/www.lebens-qi.at\/qishop\/produkt\/tasse-kenya-tuerkis\/"},"modified":"2026-03-25T16:21:45","modified_gmt":"2026-03-25T15:21:45","slug":"tasse-kenya-tuerkis","status":"publish","type":"product","link":"https:\/\/www.lebens-qi.at\/qishop\/produkt\/tasse-kenya-tuerkis\/","title":{"rendered":"Tasse Kenya T\u00fcrkis"},"content":{"rendered":"<p>Tasse\/H\u00e4ferl\/Becher \ud83d\ude42<\/p>\n<p><b>Au\u00dfen mit Relief\u00a0 und Design im Inneren<\/p>\n<p><\/b>Dieser Tasse vermittelt Lebensfreude pur! Das intensive T\u00fcrkis in Kombination mit der fein gepr\u00e4gten Becheroberfl\u00e4che und der sch\u00f6nen Form sorgen f\u00fcr eine tolle Gesamtoptik. Die grafischen Verzierungen im Inneren der Trinkschale erinnern an mediterrane Schmuckfliesen und entf\u00fchren uns an die K\u00fcste Portugals.<\/p>\n<p>Material: Keramik<br \/>\nInhalt: 0,26 l<br \/>\nLieferumfang: 1 Tasse<br \/>\nHinweis: sp\u00fclmaschinen-\/mikrowellenfest<\/p>\n","protected":false},"excerpt":{"rendered":"<p>edler Relief-Becher mit Design im Inneren<\/p>\n","protected":false},"featured_media":15557,"comment_status":"open","ping_status":"closed","template":"","meta":{"_links_to":"","_links_to_target":""},"pwb-brand":[437],"product_brand":[],"product_cat":[436],"product_tag":[1641,1640,1897,1247],"class_list":{"0":"post-1986","1":"product","2":"type-product","3":"status-publish","4":"has-post-thumbnail","6":"pwb-brand-chacult","7":"product_cat-tassen","8":"product_tag-haeferl","9":"product_tag-tasse","10":"product_tag-teetasse","11":"product_tag-tuerkis","12":"pa_herkunft-china","14":"first","15":"instock","16":"taxable","17":"shipping-taxable","18":"purchasable","19":"product-type-simple"},"blog_post_layout_featured_media_urls":{"thumbnail":["https:\/\/www.lebens-qi.at\/qishop\/wp-content\/uploads\/tasse-kenya-tuerkis-150x150.jpg",150,150,true],"full":["https:\/\/www.lebens-qi.at\/qishop\/wp-content\/uploads\/tasse-kenya-tuerkis.jpg",400,400,false]},"categories":["437"],"categories_names":{"437":{"name":"ChaCult","link":"https:\/\/www.lebens-qi.at\/qishop\/brand\/chacult\/"}},"comments_number":"0","brands":[{"id":437,"name":"ChaCult","slug":"chacult"}],"_links":{"self":[{"href":"https:\/\/www.lebens-qi.at\/qishop\/wp-json\/wp\/v2\/product\/1986","targetHints":{"allow":["GET"]}}],"collection":[{"href":"https:\/\/www.lebens-qi.at\/qishop\/wp-json\/wp\/v2\/product"}],"about":[{"href":"https:\/\/www.lebens-qi.at\/qishop\/wp-json\/wp\/v2\/types\/product"}],"replies":[{"embeddable":true,"href":"https:\/\/www.lebens-qi.at\/qishop\/wp-json\/wp\/v2\/comments?post=1986"}],"wp:featuredmedia":[{"embeddable":true,"href":"https:\/\/www.lebens-qi.at\/qishop\/wp-json\/wp\/v2\/media\/15557"}],"wp:attachment":[{"href":"https:\/\/www.lebens-qi.at\/qishop\/wp-json\/wp\/v2\/media?parent=1986"}],"wp:term":[{"taxonomy":"pwb-brand","embeddable":true,"href":"https:\/\/www.lebens-qi.at\/qishop\/wp-json\/wp\/v2\/pwb-brand?post=1986"},{"taxonomy":"product_brand","embeddable":true,"href":"https:\/\/www.lebens-qi.at\/qishop\/wp-json\/wp\/v2\/product_brand?post=1986"},{"taxonomy":"product_cat","embeddable":true,"href":"https:\/\/www.lebens-qi.at\/qishop\/wp-json\/wp\/v2\/product_cat?post=1986"},{"taxonomy":"product_tag","embeddable":true,"href":"https:\/\/www.lebens-qi.at\/qishop\/wp-json\/wp\/v2\/product_tag?post=1986"}],"curies":[{"name":"wp","href":"https:\/\/api.w.org\/{rel}","templated":true}]}}