{"id":1998,"date":"2024-02-19T11:59:13","date_gmt":"2024-02-19T10:59:13","guid":{"rendered":"https:\/\/www.lebens-qi.at\/qishop\/?post_type=product&#038;p=1998"},"modified":"2026-03-25T16:26:55","modified_gmt":"2026-03-25T15:26:55","slug":"tasse-aline","status":"publish","type":"product","link":"https:\/\/www.lebens-qi.at\/qishop\/produkt\/tasse-aline\/","title":{"rendered":"Tasse Aline"},"content":{"rendered":"<p>Tasse\/H\u00e4ferl\/Becher \ud83d\ude42<\/p>\n<p><b>stylischer bronze-metallic Look mit Relief<\/p>\n<p><\/b>Das bronzefarbene Grafikdekor bildet einen wundersch\u00f6nen Kontrast zur mattwei\u00dfen Oberfl\u00e4che dieses eleganten Bechers. Abgerundet wird die gelungene Optik durch den liebevoll gestalteten Sockel in Holzoptik. Mit einer mittleren F\u00fcllmenge von 0,3 l eignet sich dieser Becher ideal f\u00fcr den Genuss der meisten Hei\u00dfgetr\u00e4nke.<\/p>\n<p>Erh\u00e4ltlich in den 2 Designs<br \/>\n\u2022 Kreise\/Bl\u00fcten (am Foto links)<br \/>\n\u2022 Segmente (am Foto rechts)<\/p>\n<p>Material: Keramik<br \/>\nInhalt: 0,3 l<br \/>\nGr\u00f6\u00dfe: H 9,5 cm, \u00d8 8,6 cm<br \/>\nLieferumfang: 1 Tasse im gew\u00e4hlten Design<br \/>\nHinweis: sp\u00fclmaschinen-\/mikrowellenfest<\/p>\n","protected":false},"excerpt":{"rendered":"<p>mit Relief<\/p>\n","protected":false},"featured_media":15561,"comment_status":"open","ping_status":"closed","template":"","meta":{"_links_to":"","_links_to_target":""},"pwb-brand":[437],"product_brand":[],"product_cat":[436],"product_tag":[1641,1898,1640,1897],"class_list":{"0":"post-1998","1":"product","2":"type-product","3":"status-publish","4":"has-post-thumbnail","6":"pwb-brand-chacult","7":"product_cat-tassen","8":"product_tag-haeferl","9":"product_tag-relief","10":"product_tag-tasse","11":"product_tag-teetasse","12":"pa_herkunft-china","14":"first","15":"instock","16":"taxable","17":"shipping-taxable","18":"purchasable","19":"product-type-variable"},"blog_post_layout_featured_media_urls":{"thumbnail":["https:\/\/www.lebens-qi.at\/qishop\/wp-content\/uploads\/relief-tasse-150x150.jpg",150,150,true],"full":["https:\/\/www.lebens-qi.at\/qishop\/wp-content\/uploads\/relief-tasse.jpg",600,600,false]},"categories":["437"],"categories_names":{"437":{"name":"ChaCult","link":"https:\/\/www.lebens-qi.at\/qishop\/brand\/chacult\/"}},"comments_number":"0","brands":[{"id":437,"name":"ChaCult","slug":"chacult"}],"_links":{"self":[{"href":"https:\/\/www.lebens-qi.at\/qishop\/wp-json\/wp\/v2\/product\/1998","targetHints":{"allow":["GET"]}}],"collection":[{"href":"https:\/\/www.lebens-qi.at\/qishop\/wp-json\/wp\/v2\/product"}],"about":[{"href":"https:\/\/www.lebens-qi.at\/qishop\/wp-json\/wp\/v2\/types\/product"}],"replies":[{"embeddable":true,"href":"https:\/\/www.lebens-qi.at\/qishop\/wp-json\/wp\/v2\/comments?post=1998"}],"wp:featuredmedia":[{"embeddable":true,"href":"https:\/\/www.lebens-qi.at\/qishop\/wp-json\/wp\/v2\/media\/15561"}],"wp:attachment":[{"href":"https:\/\/www.lebens-qi.at\/qishop\/wp-json\/wp\/v2\/media?parent=1998"}],"wp:term":[{"taxonomy":"pwb-brand","embeddable":true,"href":"https:\/\/www.lebens-qi.at\/qishop\/wp-json\/wp\/v2\/pwb-brand?post=1998"},{"taxonomy":"product_brand","embeddable":true,"href":"https:\/\/www.lebens-qi.at\/qishop\/wp-json\/wp\/v2\/product_brand?post=1998"},{"taxonomy":"product_cat","embeddable":true,"href":"https:\/\/www.lebens-qi.at\/qishop\/wp-json\/wp\/v2\/product_cat?post=1998"},{"taxonomy":"product_tag","embeddable":true,"href":"https:\/\/www.lebens-qi.at\/qishop\/wp-json\/wp\/v2\/product_tag?post=1998"}],"curies":[{"name":"wp","href":"https:\/\/api.w.org\/{rel}","templated":true}]}}