{"id":2034,"date":"2024-02-19T12:00:30","date_gmt":"2024-02-19T11:00:30","guid":{"rendered":"https:\/\/www.lebens-qi.at\/qishop\/produkt\/tasse-mohnblume\/"},"modified":"2025-06-10T16:16:01","modified_gmt":"2025-06-10T14:16:01","slug":"tasse-mohnblume","status":"publish","type":"product","link":"https:\/\/www.lebens-qi.at\/qishop\/produkt\/tasse-mohnblume\/","title":{"rendered":"Tasse Mohnblume"},"content":{"rendered":"<p>Tasse\/H\u00e4ferl\/Becher \ud83d\ude42<\/p>\n<p><b>MOHNBLUME<\/b><\/p>\n<p>Tasse im klassischen Stil, konisch mit Fu\u00df<\/p>\n<p>Das satte und leuchtende rot der Mohnbl\u00fcte ist eine Freude f\u00fcr die Augen! Und so wird dieser au\u00dfergew\u00f6hnlichen Blume in vielen Regionen der Welt eine besondere Bedeutung beigemessen. In der persischen Kultur beispielsweise gilt der Mohn als Symbol des Gl\u00fccks, der ewigen Liebe und Freude. Dieser Becher im geschmackvollen Mohndesign ist seit vielen Jahren ein beliebter Bestseller im Cha Cult Sortiment. Das strahlende wei\u00df des Porzellans bildet hierbei eine sch\u00f6ne Leinwand f\u00fcr das feine und puristische Erfolgsdesign. Die exklusive Becherform erh\u00e4lt durch feine Details am Sockel und Henkel eine au\u00dfergew\u00f6hnliche Optik. Mit einer F\u00fcllmenge von 0,3 l eignet sich dieser Artikel optimal f\u00fcr den Genuss von Tee und Kaffeemischgetr\u00e4nken.<\/p>\n<p>Material: Porzellan<br \/>\nInhalt: 0,3 l<br \/>\nLieferumfang: 1 Tasse<br \/>\nHinweis: sp\u00fclmaschinen-\/mikrowellenfest<\/p>\n","protected":false},"excerpt":{"rendered":"<p>Becher Poppy mit Mohnbl\u00fcten<\/p>\n","protected":false},"featured_media":15553,"comment_status":"open","ping_status":"closed","template":"","meta":{"_links_to":"","_links_to_target":""},"pwb-brand":[437],"product_brand":[],"product_cat":[436],"product_tag":[1641,1895,281,1896,1640],"class_list":{"0":"post-2034","1":"product","2":"type-product","3":"status-publish","4":"has-post-thumbnail","6":"pwb-brand-chacult","7":"product_cat-tassen","8":"product_tag-haeferl","9":"product_tag-klatschmohn","10":"product_tag-mohn","11":"product_tag-mohnblume","12":"product_tag-tasse","13":"pa_herkunft-china","15":"first","16":"instock","17":"taxable","18":"shipping-taxable","19":"purchasable","20":"product-type-simple"},"blog_post_layout_featured_media_urls":{"thumbnail":["https:\/\/www.lebens-qi.at\/qishop\/wp-content\/uploads\/tasse-mohnblumen-150x150.png",150,150,true],"full":["https:\/\/www.lebens-qi.at\/qishop\/wp-content\/uploads\/tasse-mohnblumen.png",800,800,false]},"categories":["437"],"categories_names":{"437":{"name":"ChaCult","link":"https:\/\/www.lebens-qi.at\/qishop\/brand\/chacult\/"}},"comments_number":"0","brands":[{"id":437,"name":"ChaCult","slug":"chacult"}],"_links":{"self":[{"href":"https:\/\/www.lebens-qi.at\/qishop\/wp-json\/wp\/v2\/product\/2034","targetHints":{"allow":["GET"]}}],"collection":[{"href":"https:\/\/www.lebens-qi.at\/qishop\/wp-json\/wp\/v2\/product"}],"about":[{"href":"https:\/\/www.lebens-qi.at\/qishop\/wp-json\/wp\/v2\/types\/product"}],"replies":[{"embeddable":true,"href":"https:\/\/www.lebens-qi.at\/qishop\/wp-json\/wp\/v2\/comments?post=2034"}],"wp:featuredmedia":[{"embeddable":true,"href":"https:\/\/www.lebens-qi.at\/qishop\/wp-json\/wp\/v2\/media\/15553"}],"wp:attachment":[{"href":"https:\/\/www.lebens-qi.at\/qishop\/wp-json\/wp\/v2\/media?parent=2034"}],"wp:term":[{"taxonomy":"pwb-brand","embeddable":true,"href":"https:\/\/www.lebens-qi.at\/qishop\/wp-json\/wp\/v2\/pwb-brand?post=2034"},{"taxonomy":"product_brand","embeddable":true,"href":"https:\/\/www.lebens-qi.at\/qishop\/wp-json\/wp\/v2\/product_brand?post=2034"},{"taxonomy":"product_cat","embeddable":true,"href":"https:\/\/www.lebens-qi.at\/qishop\/wp-json\/wp\/v2\/product_cat?post=2034"},{"taxonomy":"product_tag","embeddable":true,"href":"https:\/\/www.lebens-qi.at\/qishop\/wp-json\/wp\/v2\/product_tag?post=2034"}],"curies":[{"name":"wp","href":"https:\/\/api.w.org\/{rel}","templated":true}]}}