{"id":2054,"date":"2024-02-19T12:01:02","date_gmt":"2024-02-19T11:01:02","guid":{"rendered":"https:\/\/www.lebens-qi.at\/qishop\/produkt\/tasse-herzerl\/"},"modified":"2026-03-25T16:35:58","modified_gmt":"2026-03-25T15:35:58","slug":"tasse-herzerl","status":"publish","type":"product","link":"https:\/\/www.lebens-qi.at\/qishop\/produkt\/tasse-herzerl\/","title":{"rendered":"Tasse Herzerl"},"content":{"rendered":"<p>Tasse\/H\u00e4ferl\/Becher \ud83d\ude42<\/p>\n<p><b>HERZERL<\/p>\n<p><\/b>handbemalt!<\/p>\n<p>Bei diesem Motiv geht uns das Herz auf! Ihnen auch? Dieser mittelgro\u00dfe Keramikbecher ist verziert mit handgemalten, kleinen Herzen. Durch ein stimmiges Farbkonzept wirkt das Dekor hierbei sehr harmonisch und ansprechend. Ein perfektes Geschenk f\u00fcr Ihren Herzensmenschen.<\/p>\n<p>Material: Keramik<br \/>\nInhalt: 0,25 l<br \/>\nGr\u00f6\u00dfe: H 10 cm, \u00d8 9 cm<br \/>\nLieferumfang: 1 Tasse<br \/>\nHinweis: sp\u00fclmaschinen-\/mikrowellenfest<\/p>\n","protected":false},"excerpt":{"rendered":"<p>handbemalt<\/p>\n","protected":false},"featured_media":15558,"comment_status":"open","ping_status":"closed","template":"","meta":{"_links_to":"","_links_to_target":""},"pwb-brand":[437],"product_brand":[],"product_cat":[3020,436],"product_tag":[1641,2918,1478,2247,1897],"class_list":{"0":"post-2054","1":"product","2":"type-product","3":"status-publish","4":"has-post-thumbnail","6":"pwb-brand-chacult","7":"product_cat-hochzeit","8":"product_cat-tassen","9":"product_tag-haeferl","10":"product_tag-handbemalt","11":"product_tag-herz","12":"product_tag-standort-saalfelden","13":"product_tag-teetasse","14":"pa_herkunft-thailand","16":"first","17":"instock","18":"taxable","19":"shipping-taxable","20":"purchasable","21":"product-type-simple"},"blog_post_layout_featured_media_urls":{"thumbnail":["https:\/\/www.lebens-qi.at\/qishop\/wp-content\/uploads\/80375-herzerl-150x150.jpg",150,150,true],"full":["https:\/\/www.lebens-qi.at\/qishop\/wp-content\/uploads\/80375-herzerl.jpg",450,450,false]},"categories":["437"],"categories_names":{"437":{"name":"ChaCult","link":"https:\/\/www.lebens-qi.at\/qishop\/brand\/chacult\/"}},"comments_number":"0","brands":[{"id":437,"name":"ChaCult","slug":"chacult"}],"_links":{"self":[{"href":"https:\/\/www.lebens-qi.at\/qishop\/wp-json\/wp\/v2\/product\/2054","targetHints":{"allow":["GET"]}}],"collection":[{"href":"https:\/\/www.lebens-qi.at\/qishop\/wp-json\/wp\/v2\/product"}],"about":[{"href":"https:\/\/www.lebens-qi.at\/qishop\/wp-json\/wp\/v2\/types\/product"}],"replies":[{"embeddable":true,"href":"https:\/\/www.lebens-qi.at\/qishop\/wp-json\/wp\/v2\/comments?post=2054"}],"wp:featuredmedia":[{"embeddable":true,"href":"https:\/\/www.lebens-qi.at\/qishop\/wp-json\/wp\/v2\/media\/15558"}],"wp:attachment":[{"href":"https:\/\/www.lebens-qi.at\/qishop\/wp-json\/wp\/v2\/media?parent=2054"}],"wp:term":[{"taxonomy":"pwb-brand","embeddable":true,"href":"https:\/\/www.lebens-qi.at\/qishop\/wp-json\/wp\/v2\/pwb-brand?post=2054"},{"taxonomy":"product_brand","embeddable":true,"href":"https:\/\/www.lebens-qi.at\/qishop\/wp-json\/wp\/v2\/product_brand?post=2054"},{"taxonomy":"product_cat","embeddable":true,"href":"https:\/\/www.lebens-qi.at\/qishop\/wp-json\/wp\/v2\/product_cat?post=2054"},{"taxonomy":"product_tag","embeddable":true,"href":"https:\/\/www.lebens-qi.at\/qishop\/wp-json\/wp\/v2\/product_tag?post=2054"}],"curies":[{"name":"wp","href":"https:\/\/api.w.org\/{rel}","templated":true}]}}