{"id":2068,"date":"2024-02-19T12:01:17","date_gmt":"2024-02-19T11:01:17","guid":{"rendered":"https:\/\/www.lebens-qi.at\/qishop\/produkt\/teekanne-saara-grau\/"},"modified":"2026-03-26T14:23:40","modified_gmt":"2026-03-26T13:23:40","slug":"teekanne-saara-grau","status":"publish","type":"product","link":"https:\/\/www.lebens-qi.at\/qishop\/produkt\/teekanne-saara-grau\/","title":{"rendered":"Teekanne Saara grau"},"content":{"rendered":"<p>Teekanne<\/p>\n<p><b>Saara grau<\/b><br \/>\nDiese formsch\u00f6ne, graue Porzellankanne ist der perfekte Begleiter f\u00fcr jeden Tag. Das gl\u00e4nzende Oberfl\u00e4chenfinish des Porzellans in Kombination mit dem Edelstahldeckel verleiht dieser Kanne eine ansprechende Optik. Der Deckel l\u00e4sst sich einfach \u00f6ffnen und schlie\u00dfen. Das im Lieferumfang enthaltende, passende Edelstahlsieb erm\u00f6glicht eine unkomplizierte und bequeme Teezubereitung.<\/p>\n<p>Material: Porzellan, Edelstahl<br \/>\nInhalt: 0,9 l<br \/>\nLieferumfang: 1 Kanne inkl. Edelstahlsieb<br \/>\nHinweis: sp\u00fclmaschinen-\/mikrowellenfest<\/p>\n","protected":false},"excerpt":{"rendered":"<p>Kanne inkl. Sieb<\/p>\n","protected":false},"featured_media":12598,"comment_status":"open","ping_status":"closed","template":"","meta":{"_links_to":"","_links_to_target":""},"pwb-brand":[437],"product_brand":[],"product_cat":[441],"product_tag":[2650,783,2247,443,2649],"class_list":{"0":"post-2068","1":"product","2":"type-product","3":"status-publish","4":"has-post-thumbnail","6":"pwb-brand-chacult","7":"product_cat-kannen","8":"product_tag-kanne","9":"product_tag-sieb","10":"product_tag-standort-saalfelden","11":"product_tag-tee","12":"product_tag-teekanne","13":"pa_herkunft-china","15":"first","16":"instock","17":"taxable","18":"shipping-taxable","19":"purchasable","20":"product-type-simple"},"blog_post_layout_featured_media_urls":{"thumbnail":["https:\/\/www.lebens-qi.at\/qishop\/wp-content\/uploads\/saara-grau-150x150.jpg",150,150,true],"full":["https:\/\/www.lebens-qi.at\/qishop\/wp-content\/uploads\/saara-grau.jpg",954,954,false]},"categories":["437"],"categories_names":{"437":{"name":"ChaCult","link":"https:\/\/www.lebens-qi.at\/qishop\/brand\/chacult\/"}},"comments_number":"0","brands":[{"id":437,"name":"ChaCult","slug":"chacult"}],"_links":{"self":[{"href":"https:\/\/www.lebens-qi.at\/qishop\/wp-json\/wp\/v2\/product\/2068","targetHints":{"allow":["GET"]}}],"collection":[{"href":"https:\/\/www.lebens-qi.at\/qishop\/wp-json\/wp\/v2\/product"}],"about":[{"href":"https:\/\/www.lebens-qi.at\/qishop\/wp-json\/wp\/v2\/types\/product"}],"replies":[{"embeddable":true,"href":"https:\/\/www.lebens-qi.at\/qishop\/wp-json\/wp\/v2\/comments?post=2068"}],"wp:featuredmedia":[{"embeddable":true,"href":"https:\/\/www.lebens-qi.at\/qishop\/wp-json\/wp\/v2\/media\/12598"}],"wp:attachment":[{"href":"https:\/\/www.lebens-qi.at\/qishop\/wp-json\/wp\/v2\/media?parent=2068"}],"wp:term":[{"taxonomy":"pwb-brand","embeddable":true,"href":"https:\/\/www.lebens-qi.at\/qishop\/wp-json\/wp\/v2\/pwb-brand?post=2068"},{"taxonomy":"product_brand","embeddable":true,"href":"https:\/\/www.lebens-qi.at\/qishop\/wp-json\/wp\/v2\/product_brand?post=2068"},{"taxonomy":"product_cat","embeddable":true,"href":"https:\/\/www.lebens-qi.at\/qishop\/wp-json\/wp\/v2\/product_cat?post=2068"},{"taxonomy":"product_tag","embeddable":true,"href":"https:\/\/www.lebens-qi.at\/qishop\/wp-json\/wp\/v2\/product_tag?post=2068"}],"curies":[{"name":"wp","href":"https:\/\/api.w.org\/{rel}","templated":true}]}}