{"id":2152,"date":"2024-02-19T19:24:15","date_gmt":"2024-02-19T18:24:15","guid":{"rendered":"https:\/\/www.lebens-qi.at\/qishop\/?post_type=product&#038;p=2152"},"modified":"2025-04-15T20:30:04","modified_gmt":"2025-04-15T18:30:04","slug":"feenduft-raeuchermischung","status":"publish","type":"product","link":"https:\/\/www.lebens-qi.at\/qishop\/produkt\/feenduft-raeuchermischung\/","title":{"rendered":"Feenduft &#8211; R\u00e4uchermischung"},"content":{"rendered":"<p><b>Feenduft<\/b><br \/>\nDie R\u00e4uchermischung um in Kontakt mit Naturwesen zu treten &#8211; waldig, luftig und blumig.<br \/>\n<b><br \/>\nInhaltsstoffe:<\/b><br \/>\nFichtenharz (Burgunderharz) &#8211; &#8222;Waldweihrauch&#8220;<br \/>\nWei\u00dfdornbeeren &#8211; locken Feen an, bringen Leichtigkeit<br \/>\nSafran-Krokusbl\u00fcten &#8211; s\u00fc\u00dflich, f\u00fcr Kontakt mit Naturwesen<br \/>\nM\u00e4des\u00fc\u00df (Bl\u00fcte und Kraut) &#8211; unterst\u00fctzt intuitive Wahrnehmung<br \/>\nHolunderblatt &#8211; f\u00fcr Kontakte mit der Anderswelt<\/p>\n<p>Eigene Rezeptur, in liebevoller Handarbeit im Lebens-Qi zubereitet und im 60 ml Glas abgef\u00fcllt.<br \/>\n<b><br \/>\nSie haben bereits ein leeres Glas? <\/b><br \/>\nDann bestellen Sie das R\u00e4ucherwerk im Papier-Nachf\u00fcllpack und sparen Sie \u20ac 1,40<br \/>\nBitte beachten Sie, dass diese Verpackung nur zur kurzfristigen Lagerung geeignet ist.<\/p>\n<p><b>Wie werden die R\u00e4uchermischungen verwendet?<br \/>\n<em><br \/>\n<\/em>R\u00e4uchern mit Kohle:<\/b><br \/>\nBei dieser Methode entsteht sehr viel Rauch. Sie ben\u00f6tigen eine feuerfeste\/hitzebest\u00e4ndige Schale, R\u00e4ucherkohle und Sand. Die Schale mit Sand f\u00fcllen, Kohletablette an einer Kerzenflamme mithilfe einer R\u00e4ucherzange entz\u00fcnden. Hochkant in den Sand stecken und warten, bis die Kohle durchgez\u00fcndet hat, danach umlegen. Sobald der Rand der Kohle eine wei\u00dfe Aschenschicht hat, kann eine kleine Menge R\u00e4ucherwerk auf die Kohle gelegt werden. Sofort steigen gro\u00dfe Rauchmengen auf. Daher sollten Sie unbedingt nach dem R\u00e4uchern gut l\u00fcften.<br \/>\n<b><br \/>\nR\u00e4uchern mit St\u00f6vchen:<\/b><br \/>\nDies ist eine wesentlich sanftere Methode des R\u00e4ucherns. Sie ben\u00f6tigen ein St\u00f6vchen mit feinmaschigem Sieb\/Gitter und ein Teelicht. Das Teelicht entz\u00fcnden, in das St\u00f6vchen stellen und etwas R\u00e4ucherwerk auf das Sieb streuen, fertig. Es entsteht viel weniger Rauch als bei der Verwendung von Kohle. Achtung: Die St\u00f6vchen werden gew\u00f6hnlich sehr hei\u00df, daher sind sie weniger gut zum &#8222;Ausr\u00e4uchern&#8220; geeignet, wenn man von einem Raum zum n\u00e4chsten gehen m\u00f6chte. St\u00f6vchen sind perfekt zur lokalen Nutzung anstelle von R\u00e4ucherst\u00e4bchen.<br \/>\n<b><br \/>\nBei Fragen zum Thema R\u00e4uchern k\u00f6nnen Sie sich gerne an uns wenden: <\/b>shop[at]lebens-qi.at &#8211; R\u00e4ucherworkshops werden regelm\u00e4\u00dfig im LEBENS-QI angeboten.<\/p>\n","protected":false},"excerpt":{"rendered":"<p>Fichtenharz &amp; Kr\u00e4uter<\/p>\n","protected":false},"featured_media":14177,"comment_status":"open","ping_status":"closed","template":"","meta":{"_links_to":"","_links_to_target":""},"pwb-brand":[469],"product_brand":[],"product_cat":[470],"product_tag":[1337,1116,387,200,2686,1339,468,467,466,1688,2860],"class_list":{"0":"post-2152","1":"product","2":"type-product","3":"status-publish","4":"has-post-thumbnail","6":"pwb-brand-lebens-qi-incense","7":"product_cat-magical-incense","8":"product_tag-elfen","9":"product_tag-fee","10":"product_tag-fichte","11":"product_tag-lebens-qi","12":"product_tag-maedesuess","13":"product_tag-naturwesen","14":"product_tag-original-incenses","15":"product_tag-raeuchermischung","16":"product_tag-raeuchern","17":"product_tag-safran","18":"product_tag-weissdornbeeren","20":"first","21":"instock","22":"taxable","23":"shipping-taxable","24":"purchasable","25":"product-type-variable"},"blog_post_layout_featured_media_urls":{"thumbnail":["https:\/\/www.lebens-qi.at\/qishop\/wp-content\/uploads\/MI-feenduft-Glas-voll-150x150.png",150,150,true],"full":["https:\/\/www.lebens-qi.at\/qishop\/wp-content\/uploads\/MI-feenduft-Glas-voll.png",500,500,false]},"categories":["469"],"categories_names":{"469":{"name":"LEBENS-QI Incense","link":"https:\/\/www.lebens-qi.at\/qishop\/brand\/lebens-qi-incense\/"}},"comments_number":"0","brands":[{"id":469,"name":"LEBENS-QI Incense","slug":"lebens-qi-incense"}],"_links":{"self":[{"href":"https:\/\/www.lebens-qi.at\/qishop\/wp-json\/wp\/v2\/product\/2152","targetHints":{"allow":["GET"]}}],"collection":[{"href":"https:\/\/www.lebens-qi.at\/qishop\/wp-json\/wp\/v2\/product"}],"about":[{"href":"https:\/\/www.lebens-qi.at\/qishop\/wp-json\/wp\/v2\/types\/product"}],"replies":[{"embeddable":true,"href":"https:\/\/www.lebens-qi.at\/qishop\/wp-json\/wp\/v2\/comments?post=2152"}],"wp:featuredmedia":[{"embeddable":true,"href":"https:\/\/www.lebens-qi.at\/qishop\/wp-json\/wp\/v2\/media\/14177"}],"wp:attachment":[{"href":"https:\/\/www.lebens-qi.at\/qishop\/wp-json\/wp\/v2\/media?parent=2152"}],"wp:term":[{"taxonomy":"pwb-brand","embeddable":true,"href":"https:\/\/www.lebens-qi.at\/qishop\/wp-json\/wp\/v2\/pwb-brand?post=2152"},{"taxonomy":"product_brand","embeddable":true,"href":"https:\/\/www.lebens-qi.at\/qishop\/wp-json\/wp\/v2\/product_brand?post=2152"},{"taxonomy":"product_cat","embeddable":true,"href":"https:\/\/www.lebens-qi.at\/qishop\/wp-json\/wp\/v2\/product_cat?post=2152"},{"taxonomy":"product_tag","embeddable":true,"href":"https:\/\/www.lebens-qi.at\/qishop\/wp-json\/wp\/v2\/product_tag?post=2152"}],"curies":[{"name":"wp","href":"https:\/\/api.w.org\/{rel}","templated":true}]}}